{"id":959,"date":"2025-10-01T14:55:45","date_gmt":"2025-10-01T12:55:45","guid":{"rendered":"https:\/\/uni-freiburg.de\/aam\/?page_id=959"},"modified":"2026-02-02T17:24:04","modified_gmt":"2026-02-02T16:24:04","slug":"impressum","status":"publish","type":"page","link":"https:\/\/uni-freiburg.de\/aam\/impressum\/","title":{"rendered":"Impressum"},"content":{"rendered":"\n<p>Abteilung f\u00fcr Angewandte Mathematik<br>Albert-Ludwigs-Universit\u00e4t Freiburg<br>Hermann-Herder-Stra\u00dfe 10<br>79104 Freiburg im Breisgau<\/p>\n\n\n\n<div style=\"height:25px\" aria-hidden=\"true\" class=\"wp-block-spacer\"><\/div>\n\n\n\n<h3 class=\"wp-block-heading\">Kontakt<\/h3>\n\n\n\n<p>Telefon: +49 761 203-5929<br>Fax: +49 761 203-5932<br><a href=\"mailto:kontakt@mathematik.uni-freiburg.de\">kontakt@mathematik.uni-freiburg.de<\/a><br><a href=\"https:\/\/www.uni-freiburg.de\/aam\/\">uni-freiburg.de\/aam\/<\/a><\/p>\n\n\n\n<div style=\"height:25px\" aria-hidden=\"true\" class=\"wp-block-spacer\"><\/div>\n\n\n\n<h3 class=\"wp-block-heading\">Rechtsform und gesetzliche Vertretung<\/h3>\n\n\n\n<p>Die Universit\u00e4t Freiburg ist eine K\u00f6rperschaft des \u00d6ffentlichen Rechts.<br>Sie wird durch die <a href=\"https:\/\/uni-freiburg.de\/universitaet\/governance\/rektorat\/rektorin\/\">Rektorin Prof. Dr. Kerstin Krieglstein<\/a> gesetzlich vertreten.<\/p>\n\n\n\n<div style=\"height:25px\" aria-hidden=\"true\" class=\"wp-block-spacer\"><\/div>\n\n\n\n<h3 class=\"wp-block-heading\">Inhaltliche Verantwortlichkeit<\/h3>\n\n\n\n<p><strong>Direktion und Schlussredaktion:<\/strong><br><a href=\"\/aam\/agba\">Prof. Dr. S. Bartels<\/a>, Gesch\u00e4ftsf\u00fchrender Direktor<br><strong>Redaktion der Internetseiten der Abteilung f\u00fcr Angewandte Mathematik:<\/strong><br>Michael Kindsvater<\/p>\n\n\n\n<div style=\"height:25px\" aria-hidden=\"true\" class=\"wp-block-spacer\"><\/div>\n\n\n\n<h3 class=\"wp-block-heading\">Urheberrecht<\/h3>\n\n\n\n<p>Alle auf unseren Internet-Seiten ver\u00f6ffentlichten Texte, Bilder und Grafiken sind urheberrechtlich gesch\u00fctzt. Alle Rechte sind vorbehalten.<\/p>\n\n\n\n<div style=\"height:25px\" aria-hidden=\"true\" class=\"wp-block-spacer\"><\/div>\n\n\n\n<h3 class=\"wp-block-heading\">Copyright-Hinweise zu Fotos und Graphiken<\/h3>\n\n\n\n<p>Angaben zum Copyright der verwendeten Fotos und Graphiken finden Sie auf jeder Seite im Bereich \u201cMediennachweise\u201d.<\/p>\n\n\n\n<div style=\"height:25px\" aria-hidden=\"true\" class=\"wp-block-spacer\"><\/div>\n\n\n\n<h3 class=\"wp-block-heading\">Haftungsausschluss bei eigenen Inhalten<\/h3>\n\n\n\n<p>Die Inhalte dieser Website werden mit gr\u00f6\u00dftm\u00f6glicher Sorgfalt recherchiert und implementiert. Fehler im Bearbeitungsvorgang sind dennoch nicht auszuschlie\u00dfen. Hinweise und Korrekturen senden Sie bitte an <a href=\"mailto:michael.kindsvater@mathematik.uni-freiburg.de\">michael.kindsvater@mathematik.uni-freiburg.de<\/a>.<br>Eine Haftung f\u00fcr die Richtigkeit, Vollst\u00e4ndigkeit und Aktualit\u00e4t dieser Webseiten kann trotz sorgf\u00e4ltiger Pr\u00fcfung nicht \u00fcbernommen werden. Die Universit\u00e4t Freiburg \u00fcbernimmt insbesondere keinerlei Haftung, f\u00fcr eventuelle Sch\u00e4den oder Konsequenzen, die durch die direkte oder indirekte Nutzung der angebotenen Inhalte entstehen.<\/p>\n\n\n\n<div style=\"height:25px\" aria-hidden=\"true\" class=\"wp-block-spacer\"><\/div>\n\n\n\n<h3 class=\"wp-block-heading\">Haftungsausschluss bei Querverweisen und Links<\/h3>\n\n\n\n<p>Die Universit\u00e4t Freiburg ist als Inhaltsanbieter f\u00fcr die eigenen Inhalte, die es zur Nutzung bereith\u00e4lt, nach den allgemeinen Gesetzen verantwortlich. Von diesen eigenen Inhalten sind Querverweise auf die von anderen Anbietern bereitgehaltenen Inhalte zu unterscheiden. Diese fremden Inhalte stammen weder von der Universit\u00e4t Freiburg, noch hat die Universit\u00e4t Freiburg die M\u00f6glichkeit, den Inhalt von Seiten Dritter zu beeinflussen. Die Inhalte fremder Seiten, auf die die Universit\u00e4t Freiburg mittels Links hinweist, spiegeln nicht die Meinung der Universit\u00e4t Freiburg wider, sondern dienen lediglich der Information und der Darstellung von Zusammenh\u00e4ngen.<br>Diese Feststellungen gelten f\u00fcr alle innerhalb des eigenen Internetangebotes gesetzten Links und Verweise sowie f\u00fcr Fremdeintr\u00e4ge in von der Universit\u00e4t Freiburg eingerichteten G\u00e4steb\u00fcchern, Diskussionsforen und Mailinglisten. F\u00fcr illegale, fehlerhafte oder unvollst\u00e4ndige Inhalte und insbesondere f\u00fcr Sch\u00e4den, die aus der Nutzung oder Nichtnutzung solcherart dargebotener Informationen entstehen, haftet allein der Anbieter der Seite, auf welche verwiesen wurde.<\/p>\n\n\n\n<div style=\"height:100px\" aria-hidden=\"true\" class=\"wp-block-spacer\"><\/div>\n","protected":false},"excerpt":{"rendered":"<p>Abteilung f\u00fcr Angewandte MathematikAlbert-Ludwigs-Universit\u00e4t FreiburgHermann-Herder-Stra\u00dfe 1079104 Freiburg im Breisgau Kontakt Telefon: +49 761 203-5929Fax: +49 761 203-5932kontakt@mathematik.uni-freiburg.deuni-freiburg.de\/aam\/ Rechtsform und gesetzliche Vertretung Die Universit\u00e4t Freiburg ist eine K\u00f6rperschaft des \u00d6ffentlichen Rechts.Sie wird durch die Rektorin Prof. Dr. Kerstin Krieglstein gesetzlich vertreten. Inhaltliche Verantwortlichkeit Direktion und Schlussredaktion:Prof. Dr. S. Bartels, Gesch\u00e4ftsf\u00fchrender DirektorRedaktion der Internetseiten der Abteilung f\u00fcr<\/p>\n","protected":false},"author":681,"featured_media":0,"parent":0,"menu_order":0,"comment_status":"closed","ping_status":"closed","template":"","meta":{"_trash_the_other_posts":false,"editor_notices":[],"footnotes":""},"class_list":["post-959","page","type-page","status-publish","hentry"],"_links":{"self":[{"href":"https:\/\/uni-freiburg.de\/aam\/wp-json\/wp\/v2\/pages\/959","targetHints":{"allow":["GET"]}}],"collection":[{"href":"https:\/\/uni-freiburg.de\/aam\/wp-json\/wp\/v2\/pages"}],"about":[{"href":"https:\/\/uni-freiburg.de\/aam\/wp-json\/wp\/v2\/types\/page"}],"author":[{"embeddable":true,"href":"https:\/\/uni-freiburg.de\/aam\/wp-json\/wp\/v2\/users\/681"}],"replies":[{"embeddable":true,"href":"https:\/\/uni-freiburg.de\/aam\/wp-json\/wp\/v2\/comments?post=959"}],"version-history":[{"count":6,"href":"https:\/\/uni-freiburg.de\/aam\/wp-json\/wp\/v2\/pages\/959\/revisions"}],"predecessor-version":[{"id":1033,"href":"https:\/\/uni-freiburg.de\/aam\/wp-json\/wp\/v2\/pages\/959\/revisions\/1033"}],"wp:attachment":[{"href":"https:\/\/uni-freiburg.de\/aam\/wp-json\/wp\/v2\/media?parent=959"}],"curies":[{"name":"wp","href":"https:\/\/api.w.org\/{rel}","templated":true}]}}