{"id":562,"date":"2024-12-14T14:43:18","date_gmt":"2024-12-14T13:43:18","guid":{"rendered":"https:\/\/uni-freiburg.de\/bio\/?page_id=562"},"modified":"2025-03-14T12:04:58","modified_gmt":"2025-03-14T11:04:58","slug":"minguet","status":"publish","type":"page","link":"https:\/\/uni-freiburg.de\/bio\/minguet\/","title":{"rendered":"Prof. Dr. Susana Minguet"},"content":{"rendered":"\n<div class=\"[&amp;amp;&amp;gt;*]:bl-relative last:[&amp;amp;&amp;gt;*.bl-absolute]:bl-absolute\n\t\t\t[&amp;amp;&amp;gt;*]:bl-z-20 last:[&amp;amp;&amp;gt;*]:bl-z-10 bl-relative bl-overflow-x-clip\n\t\t\t[.wp-block-ufr-section_&amp;amp;]:bl-overflow-x-visible\n\t\t\tbl-bg-identity-lightblue bl-text-identity-black dark:bl-bg-identity-lightblue dark:bl-text-identity-black bl-py-[24px] alignfull wp-block-ufr-section has-global-padding is-layout-constrained wp-block-ufr-section-is-layout-constrained\">\n\n\t\n\n<div class=\"wp-block-columns is-layout-flex wp-container-core-columns-is-layout-28f84493 wp-block-columns-is-layout-flex\">\n<div class=\"wp-block-column is-layout-flow wp-block-column-is-layout-flow\" style=\"flex-basis:15%\">\n<figure class=\"wp-block-image size-full\"><img loading=\"lazy\" decoding=\"async\" width=\"2000\" height=\"2310\" src=\"https:\/\/uni-freiburg.de\/bio\/wp-content\/uploads\/sites\/216\/portrait_minguet.jpg\" alt=\"Susana Minguet Garcia\" class=\"wp-image-442\" srcset=\"https:\/\/uni-freiburg.de\/bio\/wp-content\/uploads\/sites\/216\/portrait_minguet.jpg 2000w, https:\/\/uni-freiburg.de\/bio\/wp-content\/uploads\/sites\/216\/portrait_minguet-260x300.jpg 260w, https:\/\/uni-freiburg.de\/bio\/wp-content\/uploads\/sites\/216\/portrait_minguet-887x1024.jpg 887w, https:\/\/uni-freiburg.de\/bio\/wp-content\/uploads\/sites\/216\/portrait_minguet-768x887.jpg 768w, https:\/\/uni-freiburg.de\/bio\/wp-content\/uploads\/sites\/216\/portrait_minguet-1330x1536.jpg 1330w, https:\/\/uni-freiburg.de\/bio\/wp-content\/uploads\/sites\/216\/portrait_minguet-1773x2048.jpg 1773w\" sizes=\"auto, (max-width: 2000px) 100vw, 2000px\" \/><\/figure>\n<\/div>\n\n\n\n<div class=\"wp-block-column is-layout-flow wp-block-column-is-layout-flow\" style=\"flex-basis:55%\">\n\n<div\n\tclass=\"bl-@container\/teaser-person \n\t\tbl-bg-pure-white bl-text-identity-black dark:bl-bg-pure-white dark:bl-text-identity-black\t\tbl-relative bl-self-stretch\n\t\tbl-min-w-full md:bl-min-w-[660px] xl:bl-min-w-[310px]\"\n\tdata-role=\"teaser-contact\">\n\n\t<div class=\"\n\t\tbl-flex bl-flex-col bl-h-full\n\t\t@[500px]\/teaser-person:!bl-flex-row\n\t\t@md\/teaser-person:!bl-flex-row\">\n\n\t\t\n\t\t<div\n\t\t\tclass=\"bl-flex-grow bl-flex bl-flex-col bl-h-full bl-justify-between bl-px-[25px] bl-py-[20px]\n\t\t\t\t\t\tmd:bl-px-[45px] md:bl-py-[40px]\n\t\t\t\t\t\t@[500px]\/teaser-person:xl:bl-ps-[106px]\n\t\t\t\t\t\txl:bl-px-[55px] xl:bl-py-[50px] [overflow-wrap:anywhere]\"\n\t\t>\n\t\t\t<div>\n\t\t\t\t\t\t\t\t<p\n\t\t\t\t\tclass=\"font-medium bl-text-inherit dark:bl-text-inherit bl-m-0 bl-mb-[5px]\n\t\t\t\t\t\t\t\tbl-text-[1rem] bl-leading-[1.375rem]\n\t\t\t\t\t\t\t\tmd:bl-text-[1.125rem] md:bl-leading-[1.375rem]\n\t\t\t\t\t\t\t\txl:bl-text-[1.375rem] xl:bl-leading-[2.0625rem]\"\n\t\t\t\t>\n\t\t\t\tLymphozyten-Signalisierung\t\t\t\t<\/p>\n\t\t\t\t<p\n\t\t\t\t\tclass=\"bl-font-book\n\t\t\t\t\t\t\t\tbl-text-[1rem] bl-leading-[1.375rem]\n\t\t\t\t\t\t\t\tmd:bl-text-[1.125rem] md:bl-leading-[1.375rem]\n\t\t\t\t\t\t\t\txl:bl-text-[1.375rem] xl:bl-leading-[2.0625rem] bl-mt-0 bl-mb-[10px]\n\t\t\t\t\t\t\t\t[&amp;_a]:bl-text-identity-black hover:[&amp;_a]:bl-text-identity-blue-80 active:[&amp;_a]:bl-text-identity-blue [&amp;_a]:dark:bl-text-identity-black dark:hover:[&amp;_a]:bl-text-identity-blue-80 dark:active:[&amp;_a]:bl-text-identity-blue\"\n\t\t\t\t>\n\t\t\t\t\t\t\t\t\t<\/p>\n\t\t\t\t<ul class=\"bl-divide-y-2 bl-divide-current bl-m-0 bl-p-0 bl-mb-[30px] [&amp;_a]:bl-text-identity-black hover:[&amp;_a]:bl-text-identity-blue-80 active:[&amp;_a]:bl-text-identity-blue [&amp;_a]:dark:bl-text-identity-black dark:hover:[&amp;_a]:bl-text-identity-blue-80 dark:active:[&amp;_a]:bl-text-identity-blue [&amp;_button]:bl-text-identity-black hover:[&amp;_button]:bl-text-identity-blue-80 active:[&amp;_button]:bl-text-identity-blue [&amp;_button]:dark:bl-text-identity-black dark:hover:[&amp;_button]:bl-text-identity-blue-80 dark:active:[&amp;_button]:bl-text-identity-blue\">\n\t\t\t\t\t\n<li class=\"bl-group\/contactlistitem\n\tbl-flex bl-flex-row\n\tbl-py-[6px] md:bl-py-[10px] xl:bl-py-[14px]\"\n\taria-expanded=\"false\"\n\tdata-role=\"contactlist-item\">\n\n\t<div class=\"bl-flex bl-justify-center group-aria-expanded\/contactlistitem:bl-justify-normal bl-flex-col bl-w-full bl-text-start\">\n\n\t\t\t\t\t<div class=\"bl-flex\">\n\t\t\t\t<div class=\"bl-flex-shrink-0 bl-me-[10px] md:bl-me-[20px] xl:bl-me-[24px] bl-mt-[6px]\">\n\t\t\t\t\t\t\t\t\t\t\t<svg xmlns=\"http:\/\/www.w3.org\/2000\/svg\" viewBox=\"0 0 384 512\" aria-label=\"\" class=\"bl-w-[14px] bl-h-[14px] md:bl-w-[16px] md:bl-h-[16px] xl:bl-w-[20px] xl:bl-h-[20px]\" role=\"img\">\n\t<title><\/title>\n\t<path d=\"M215.7 499.2C267 435 384 279.4 384 192C384 86 298 0 192 0S0 86 0 192c0 87.4 117 243 168.3 307.2c12.3 15.3 35.1 15.3 47.4 0zM192 128a64 64 0 1 1 0 128 64 64 0 1 1 0-128z\" fill=\"currentColor\"\/>\n<\/svg>\n\t\t\t\t\t\t\t\t\t<\/div>\n\t\t\t\t<div class=\"bl-flex-grow bl-m-0 bl-p-0 bl-w-full [&#038;_a]:bl-font-medium\">\n\t\t\t\t\t\t\t\t\t\t2. Etage, Raum 2.022<br>Sch\u00e4nzlestr. 18<br>79104 Freiburg i. Br. \t\t\t\t<\/div>\n\t\t\t<\/div>\n\t\t\t<\/div>\n<\/li>\n\n\n<li class=\"bl-group\/contactlistitem\n\tbl-flex bl-flex-row\n\tbl-py-[6px] md:bl-py-[10px] xl:bl-py-[14px]\"\n\taria-expanded=\"false\"\n\tdata-role=\"contactlist-item\">\n\n\t<div class=\"bl-flex bl-justify-center group-aria-expanded\/contactlistitem:bl-justify-normal bl-flex-col bl-w-full bl-text-start\">\n\n\t\t\t\t\t<div class=\"bl-flex\">\n\t\t\t\t<div class=\"bl-flex-shrink-0 bl-me-[10px] md:bl-me-[20px] xl:bl-me-[24px] bl-mt-[6px]\">\n\t\t\t\t\t\t\t\t\t\t\t<svg height=\"100%\" xmlns=\"http:\/\/www.w3.org\/2000\/svg\" viewBox=\"0 0 576 512\" aria-label=\"\" class=\"bl-w-[14px] bl-h-[14px] md:bl-w-[16px] md:bl-h-[16px] xl:bl-w-[20px] xl:bl-h-[20px]\" role=\"img\">\n\t<title><\/title>\n\t<path fill=\"currentColor\" d=\"M64 32C28.7 32 0 60.7 0 96V416c0 35.3 28.7 64 64 64H512c35.3 0 64-28.7 64-64V96c0-35.3-28.7-64-64-64H64zm80 256h64c44.2 0 80 35.8 80 80c0 8.8-7.2 16-16 16H80c-8.8 0-16-7.2-16-16c0-44.2 35.8-80 80-80zm-32-96a64 64 0 1 1 128 0 64 64 0 1 1 -128 0zm256-32H496c8.8 0 16 7.2 16 16s-7.2 16-16 16H368c-8.8 0-16-7.2-16-16s7.2-16 16-16zm0 64H496c8.8 0 16 7.2 16 16s-7.2 16-16 16H368c-8.8 0-16-7.2-16-16s7.2-16 16-16zm0 64H496c8.8 0 16 7.2 16 16s-7.2 16-16 16H368c-8.8 0-16-7.2-16-16s7.2-16 16-16z\"\/>\n<\/svg>\n\t\t\t\t\t\t\t\t\t<\/div>\n\t\t\t\t<div class=\"bl-flex-grow bl-m-0 bl-p-0 bl-w-full [&#038;_a]:bl-font-medium\">\n\t\t\t\t\t\t\t\t\t\t<a href=\"https:\/\/www.bioss.uni-freiburg.de\/de\/pd-dr-susana-minguet\/\" data-type=\"link\" data-id=\"https:\/\/www.bioss.uni-freiburg.de\/de\/pd-dr-susana-minguet\/\" target=\"_blank\" rel=\"noreferrer noopener\">zur Webseite<\/a>\t\t\t\t<\/div>\n\t\t\t<\/div>\n\t\t\t<\/div>\n<\/li>\n\n\n<li class=\"bl-group\/contactlistitem\n\tbl-flex bl-flex-row\n\tbl-py-[6px] md:bl-py-[10px] xl:bl-py-[14px]\"\n\taria-expanded=\"false\"\n\tdata-role=\"contactlist-item\">\n\n\t<div class=\"bl-flex bl-justify-center group-aria-expanded\/contactlistitem:bl-justify-normal bl-flex-col bl-w-full bl-text-start\">\n\n\t\t\t\t\t<div class=\"bl-flex\">\n\t\t\t\t<div class=\"bl-flex-shrink-0 bl-me-[10px] md:bl-me-[20px] xl:bl-me-[24px] bl-mt-[6px]\">\n\t\t\t\t\t\t\t\t\t\t\t<svg height=\"100%\" xmlns=\"http:\/\/www.w3.org\/2000\/svg\" viewBox=\"0 0 512 512\" aria-label=\"\" class=\"bl-w-[14px] bl-h-[14px] md:bl-w-[16px] md:bl-h-[16px] xl:bl-w-[20px] xl:bl-h-[20px]\" role=\"img\">\n\t<title><\/title>\n\t<path fill=\"currentColor\" d=\"M164.9 24.6c-7.7-18.6-28-28.5-47.4-23.2l-88 24C12.1 30.2 0 46 0 64C0 311.4 200.6 512 448 512c18 0 33.8-12.1 38.6-29.5l24-88c5.3-19.4-4.6-39.7-23.2-47.4l-96-40c-16.3-6.8-35.2-2.1-46.3 11.6L304.7 368C234.3 334.7 177.3 277.7 144 207.3L193.3 167c13.7-11.2 18.4-30 11.6-46.3l-40-96z\"\/>\n<\/svg>\n\t\t\t\t\t\t\t\t\t<\/div>\n\t\t\t\t<div class=\"bl-flex-grow bl-m-0 bl-p-0 bl-w-full [&#038;_a]:bl-font-medium\">\n\t\t\t\t\t\t\t\t\t\t+49 (0) 761 203 97663\t\t\t\t<\/div>\n\t\t\t<\/div>\n\t\t\t<\/div>\n<\/li>\n\n\n<li class=\"bl-group\/contactlistitem\n\tbl-flex bl-flex-row\n\tbl-py-[6px] md:bl-py-[10px] xl:bl-py-[14px]\"\n\taria-expanded=\"false\"\n\tdata-role=\"contactlist-item\">\n\n\t<div class=\"bl-flex bl-justify-center group-aria-expanded\/contactlistitem:bl-justify-normal bl-flex-col bl-w-full bl-text-start\">\n\n\t\t\t\t\t<div class=\"bl-flex\">\n\t\t\t\t<div class=\"bl-flex-shrink-0 bl-me-[10px] md:bl-me-[20px] xl:bl-me-[24px] bl-mt-[6px]\">\n\t\t\t\t\t\t\t\t\t\t\t<svg height=\"100%\" xmlns=\"http:\/\/www.w3.org\/2000\/svg\" viewBox=\"0 0 512 512\" aria-label=\"\" class=\"bl-w-[14px] bl-h-[14px] md:bl-w-[16px] md:bl-h-[16px] xl:bl-w-[20px] xl:bl-h-[20px]\" role=\"img\">\n\t<title><\/title>\n\t<path fill=\"currentColor\" d=\"M48 64C21.5 64 0 85.5 0 112c0 15.1 7.1 29.3 19.2 38.4L236.8 313.6c11.4 8.5 27 8.5 38.4 0L492.8 150.4c12.1-9.1 19.2-23.3 19.2-38.4c0-26.5-21.5-48-48-48H48zM0 176V384c0 35.3 28.7 64 64 64H448c35.3 0 64-28.7 64-64V176L294.4 339.2c-22.8 17.1-54 17.1-76.8 0L0 176z\"\/>\n<\/svg>\n\t\t\t\t\t\t\t\t\t<\/div>\n\t\t\t\t<div class=\"bl-flex-grow bl-m-0 bl-p-0 bl-w-full [&#038;_a]:bl-font-medium\">\n\t\t\t\t\t\t\t\t\t\t<a href=\"mailto:susana.minguet@biologie.uni-freiburg.de\" data-type=\"mailto\" data-id=\"mailto:susana.minguet@biologie.uni-freiburg.de\">susana.minguet@biologie.uni-freiburg.de<\/a>\t\t\t\t<\/div>\n\t\t\t<\/div>\n\t\t\t<\/div>\n<\/li>\n\n\t\t\t\t<\/ul>\n\t\t\t<\/div>\n\t\t\t\t\t<\/div>\n\n\t<\/div>\n<\/div>\n<\/div>\n\n\n\n<div class=\"wp-block-column is-layout-flow wp-block-column-is-layout-flow\" style=\"flex-basis:30%\"><\/div>\n<\/div>\n\n\t<\/div>\n\n\n\n<h4 class=\"wp-block-heading\"><strong>Forschungsschwerpunkte<\/strong><\/h4>\n\n\n\n<ul class=\"wp-block-list\">\n<li>Die Nanoorganisation der Plasmamembran in T- und B-Lymphozyten<\/li>\n\n\n\n<li>Verst\u00e4ndnis der Aktivierung von T-Zellen zur Entwicklung translationaler und synthetischer Anwendungen zur Verbesserung von T-Zell-Immuntherapien gegen Krebs<\/li>\n<\/ul>\n\n\n\n<h4 class=\"wp-block-heading\"><strong>Vita<\/strong><\/h4>\n\n\n\n<ul class=\"wp-block-list\">\n<li>2023 Berufung zum W3-Heisenberg-Professor an der Universit\u00e4t Freiburg<\/li>\n\n\n\n<li>2022 Bewilligung des Heisenberg-Programms, DFG<\/li>\n\n\n\n<li>2021 Novartis-Preis f\u00fcr therapierelevante immunologische Forschung der Deutschen Gesellschaft f\u00fcr Immunologie und der Novartis-Stiftung<\/li>\n\n\n\n<li>2021\u20132022 Stellvertretender Direktor der Spemann Graduate School SGBM<\/li>\n\n\n\n<li>Seit 2019 Mitglied im Exzellenzcluster CIBSS Zentrum f\u00fcr Integrative Biologische Signalstudien<\/li>\n\n\n\n<li>2018 Habilitation f\u00fcr das Fach Immunologie, Fakult\u00e4t f\u00fcr Biologie, Universit\u00e4t Freiburg<\/li>\n\n\n\n<li>Seit 2017 Mitglied im Exzellenzcluster BIOSS, Centre for Biological Signalling Studies<\/li>\n\n\n\n<li>2016 Baden-W\u00fcrttemberg Stiftung Eliteprogramm<\/li>\n\n\n\n<li>Seit 2016 Mitglied im Centrum f\u00fcr Chronische Immundefizienz (CCI) des Universit\u00e4tsklinikums Freiburg<\/li>\n\n\n\n<li>Seit 2011 Gruppenleiterin Immunologie, Fakult\u00e4t f\u00fcr Biologie, Universit\u00e4t Freiburg<\/li>\n\n\n\n<li>2008\u20132011 Ram\u00f3n &amp; Cajal Fellow (Centro Nacional de Investigaciones Cardiovasculares Carlos III \u00b7 CNIC (Madrid, Spain)<\/li>\n\n\n\n<li>2003\u20132007 Postdoc, Max Planck-Institute f\u00fcr Immunobiologie and Epigenetics (Freiburg)<\/li>\n\n\n\n<li>1997\u20132002 Promotion in Biochemie und Molekulare Biologie, Universidad Aut\u00f3noma de Madrid (UAM) Spain<\/li>\n\n\n\n<li>1992\u20131997 Diplomstudium Chemie (Biochemie und Molekulare Biologie), Universidad Aut\u00f3noma de Madrid (UAM) Spain<\/li>\n<\/ul>\n\n\n\n<h5 class=\"wp-block-heading\"><strong>Ausgew\u00e4hlte Publikationen<\/strong><\/h5>\n\n\n\n<ul class=\"wp-block-list\">\n<li>From TCR fundamental research to innovative chimeric antigen receptor design. Minguet S, Maus MV &amp; Schamel W. <em>Nat Rev Immunol.<\/em> <em>2024<\/em>. doi: 10.1038\/s41577-024-01093-7<\/li>\n\n\n\n<li>Velasco C\u00e1rdenas RM, Brandl SM, Mel\u00e9ndez AV, Schlaak AE, Buschky A, Peters T, Beier F, Serrels B, Taromi S, Raute K, Hauri S, Gstaiger M, Lassmann S, Huppa JB, Boerries M, Andrieux G, Bengsch B, Schamel WW<sup>\u00a7<\/sup>, Minguet S<sup>\u00a7<\/sup>. Harnessing CD3 diversity to optimize CAR T cells. <em>Nat Immunol. 2023<\/em> doi: 10.1038\/s41590-023-01658-z. <sup>\u00a7<\/sup>Shared senior author<\/li>\n\n\n\n<li>Raute K, Strietz J, Parigiani MA, Andrieux G, Thomas OS, Kistner KM, Zintchenko M, Aichele P, Hofmann M, Zhou H, Weber W, Boerries M, Swamy M, Maurer J, M<strong><u>inguet, S<\/u>.<\/strong> Breast Cancer Stem Cell-Derived Tumors Escape from \u03b3\u03b4 T-cell Immunosurveillance <em>In Vivo <\/em>by Modulating \u03b3\u03b4 T-cell Ligands. Cancer Immunol Res. 2023 doi: 10.1158\/2326-6066.CIR-22-0296.<\/li>\n\n\n\n<li>Noncanonical binding of Lck to CD3\u03b5 promotes TCR signaling and CAR function. Hartl FA, Beck-Garc\u00eca E, Woessner NM, Flachsmann LJ, C\u00e1rdenas RMV, Brandl SM, Taromi S, Fiala GJ, Morath A, Mishra P, Yousefi OS, Zimmermann J, Hoefflin N, K\u00f6hn M, W\u00f6hrl BM, Zeiser R, Schweimer K, G\u00fcnther S, Schamel WW<sup>\u00a7<\/sup>, Minguet S<sup>\u00a7<\/sup>. <em>Nat Immunol 2020<\/em> doi: 10.1038\/s41590-020-0732-3. Highlighted in the cover page of the issue. <sup>\u00a7<\/sup>Shared senior author.<\/li>\n\n\n\n<li>Goetz, J.G*., S. Minguet*, I. Navarro-L\u00e9rida, J.J. Lazcano, R. Samaniego, E. Calvo, M. Tello, T. Osteso-Ib\u00e1\u00f1ez, T. Pellinen, A. Echarri, A. Cerezo, A.J. P. Klein-Szanto, R. Garcia, P.J. Keely, P. S\u00e1nchez-Mateos, E. Cukierman, and M.A. Del&nbsp;Pozo. Biomechanical Remodeling of the Microenvironment by Stromal Caveolin-1 Favors Tumor Invasion and Metastasis. <em>Cell <\/em>2011 doi: 10.1016\/j.cell.2011.05.040. *Shared first authorship.<\/li>\n<\/ul>\n\n\n\n<div class=\"[&amp;amp;&amp;gt;*]:bl-relative last:[&amp;amp;&amp;gt;*.bl-absolute]:bl-absolute\n\t\t\t[&amp;amp;&amp;gt;*]:bl-z-20 last:[&amp;amp;&amp;gt;*]:bl-z-10 bl-relative bl-overflow-x-clip\n\t\t\t[.wp-block-ufr-section_&amp;amp;]:bl-overflow-x-visible\n\t\t\tbl-bg-identity-lightblue bl-text-identity-black dark:bl-bg-identity-lightblue dark:bl-text-identity-black bl-py-[24px] alignfull wp-block-ufr-section has-global-padding is-content-justification-left is-layout-constrained wp-container-ufr-section-is-layout-12dd3699 wp-block-ufr-section-is-layout-constrained\">\n\n\t\n\n<div class=\"wp-block-columns is-layout-flex wp-container-core-columns-is-layout-28f84493 wp-block-columns-is-layout-flex\">\n<div class=\"wp-block-column is-layout-flow wp-block-column-is-layout-flow\" style=\"flex-basis:25%\"><ul class=\"block-ufr-link-list-ul wp-block-ufr-link-list\">\n\t\n<li class=\"block-ufr-link-list-li\nblock-ufr-link-list-li-content block-ufr-link-list-li-content--light-in-lightmode block-ufr-link-list-li-content--light-in-darkmode wp-block-ufr-link-list-item\">\n\t<a href=\"https:\/\/scholar.google.de\/citations?hl=de&amp;user=9z19CCEAAAAJ\" target=\"_blank\" class=\"bl-no-underline\">\n\t<div class=\"block-ufr-link-list-icon block-ufr-link-list-icon--light-in-lightmode block-ufr-link-list-icon--light-in-darkmode\">\n\t\t<svg height=\"100%\" xmlns=\"http:\/\/www.w3.org\/2000\/svg\" viewBox=\"0 0 512 512\" aria-label=\"List icon\"  role=\"img\">\n\t<title>List icon<\/title>\n\t<path fill=\"currentColor\" d=\"M352 256c0 22.2-1.2 43.6-3.3 64H163.3c-2.2-20.4-3.3-41.8-3.3-64s1.2-43.6 3.3-64H348.7c2.2 20.4 3.3 41.8 3.3 64zm28.8-64H503.9c5.3 20.5 8.1 41.9 8.1 64s-2.8 43.5-8.1 64H380.8c2.1-20.6 3.2-42 3.2-64s-1.1-43.4-3.2-64zm112.6-32H376.7c-10-63.9-29.8-117.4-55.3-151.6c78.3 20.7 142 77.5 171.9 151.6zm-149.1 0H167.7c6.1-36.4 15.5-68.6 27-94.7c10.5-23.6 22.2-40.7 33.5-51.5C239.4 3.2 248.7 0 256 0s16.6 3.2 27.8 13.8c11.3 10.8 23 27.9 33.5 51.5c11.6 26 20.9 58.2 27 94.7zm-209 0H18.6C48.6 85.9 112.2 29.1 190.6 8.4C165.1 42.6 145.3 96.1 135.3 160zM8.1 192H131.2c-2.1 20.6-3.2 42-3.2 64s1.1 43.4 3.2 64H8.1C2.8 299.5 0 278.1 0 256s2.8-43.5 8.1-64zM194.7 446.6c-11.6-26-20.9-58.2-27-94.6H344.3c-6.1 36.4-15.5 68.6-27 94.6c-10.5 23.6-22.2 40.7-33.5 51.5C272.6 508.8 263.3 512 256 512s-16.6-3.2-27.8-13.8c-11.3-10.8-23-27.9-33.5-51.5zM135.3 352c10 63.9 29.8 117.4 55.3 151.6C112.2 482.9 48.6 426.1 18.6 352H135.3zm358.1 0c-30 74.1-93.6 130.9-171.9 151.6c25.5-34.2 45.2-87.7 55.3-151.6H493.4z\"\/>\n<\/svg>\n\n\t<\/div>\n\t<div>\n\t\t<p class=\"block-ufr-link-list-heading\nbl-font-medium bl-text-[1rem] bl-leading-[1.375rem] md:bl-text-[1.125rem] md:bl-leading-[1.375rem] xl:bl-text-[1.375rem] xl:bl-leading-[2.0625rem] block-ufr-link-list-heading--light-in-lightmode block-ufr-link-list-heading--light-in-darkmode\">GoogleScholar<\/p>\n\t\t<p class=\"block-ufr-link-list-subheading\nbl-font-book bl-text-[1rem] bl-leading-[1.375rem] md:bl-text-[1.125rem] md:bl-leading-[1.5625rem] xl:bl-text-[1.375rem] xl:bl-leading-[2.0625rem] block-ufr-link-list-subheading--light-in-lightmode block-ufr-link-list-subheading--light-in-darkmode\"><\/p>\n\t<\/div>\n\t<\/a>\n\t<hr class=\"block-ufr-link-list-hr block-ufr-link-list-hr--light-in-lightmode block-ufr-link-list-hr--light-in-darkmode\" \/>\n<\/li>\n\n<\/ul><\/div>\n\n\n\n<div class=\"wp-block-column is-layout-flow wp-block-column-is-layout-flow\" style=\"flex-basis:25%\"><ul class=\"block-ufr-link-list-ul wp-block-ufr-link-list\">\n\t\n<li class=\"block-ufr-link-list-li\nblock-ufr-link-list-li-content block-ufr-link-list-li-content--light-in-lightmode block-ufr-link-list-li-content--light-in-darkmode wp-block-ufr-link-list-item\">\n\t<a href=\"https:\/\/orcid.org\/0000-0001-8211-5538\" target=\"_blank\" class=\"bl-no-underline\">\n\t<div class=\"block-ufr-link-list-icon block-ufr-link-list-icon--light-in-lightmode block-ufr-link-list-icon--light-in-darkmode\">\n\t\t<svg height=\"100%\" xmlns=\"http:\/\/www.w3.org\/2000\/svg\" viewBox=\"0 0 512 512\" aria-label=\"List icon\"  role=\"img\">\n\t<title>List icon<\/title>\n\t<path fill=\"currentColor\" d=\"M352 256c0 22.2-1.2 43.6-3.3 64H163.3c-2.2-20.4-3.3-41.8-3.3-64s1.2-43.6 3.3-64H348.7c2.2 20.4 3.3 41.8 3.3 64zm28.8-64H503.9c5.3 20.5 8.1 41.9 8.1 64s-2.8 43.5-8.1 64H380.8c2.1-20.6 3.2-42 3.2-64s-1.1-43.4-3.2-64zm112.6-32H376.7c-10-63.9-29.8-117.4-55.3-151.6c78.3 20.7 142 77.5 171.9 151.6zm-149.1 0H167.7c6.1-36.4 15.5-68.6 27-94.7c10.5-23.6 22.2-40.7 33.5-51.5C239.4 3.2 248.7 0 256 0s16.6 3.2 27.8 13.8c11.3 10.8 23 27.9 33.5 51.5c11.6 26 20.9 58.2 27 94.7zm-209 0H18.6C48.6 85.9 112.2 29.1 190.6 8.4C165.1 42.6 145.3 96.1 135.3 160zM8.1 192H131.2c-2.1 20.6-3.2 42-3.2 64s1.1 43.4 3.2 64H8.1C2.8 299.5 0 278.1 0 256s2.8-43.5 8.1-64zM194.7 446.6c-11.6-26-20.9-58.2-27-94.6H344.3c-6.1 36.4-15.5 68.6-27 94.6c-10.5 23.6-22.2 40.7-33.5 51.5C272.6 508.8 263.3 512 256 512s-16.6-3.2-27.8-13.8c-11.3-10.8-23-27.9-33.5-51.5zM135.3 352c10 63.9 29.8 117.4 55.3 151.6C112.2 482.9 48.6 426.1 18.6 352H135.3zm358.1 0c-30 74.1-93.6 130.9-171.9 151.6c25.5-34.2 45.2-87.7 55.3-151.6H493.4z\"\/>\n<\/svg>\n\n\t<\/div>\n\t<div>\n\t\t<p class=\"block-ufr-link-list-heading\nbl-font-medium bl-text-[1rem] bl-leading-[1.375rem] md:bl-text-[1.125rem] md:bl-leading-[1.375rem] xl:bl-text-[1.375rem] xl:bl-leading-[2.0625rem] block-ufr-link-list-heading--light-in-lightmode block-ufr-link-list-heading--light-in-darkmode\">ORCiD<\/p>\n\t\t<p class=\"block-ufr-link-list-subheading\nbl-font-book bl-text-[1rem] bl-leading-[1.375rem] md:bl-text-[1.125rem] md:bl-leading-[1.5625rem] xl:bl-text-[1.375rem] xl:bl-leading-[2.0625rem] block-ufr-link-list-subheading--light-in-lightmode block-ufr-link-list-subheading--light-in-darkmode\"><\/p>\n\t<\/div>\n\t<\/a>\n\t<hr class=\"block-ufr-link-list-hr block-ufr-link-list-hr--light-in-lightmode block-ufr-link-list-hr--light-in-darkmode\" \/>\n<\/li>\n\n<\/ul><\/div>\n\n\n\n<div class=\"wp-block-column is-layout-flow wp-block-column-is-layout-flow\" style=\"flex-basis:25%\"><ul class=\"block-ufr-link-list-ul wp-block-ufr-link-list\">\n\t\n<li class=\"block-ufr-link-list-li\nblock-ufr-link-list-li-content block-ufr-link-list-li-content--light-in-lightmode block-ufr-link-list-li-content--light-in-darkmode wp-block-ufr-link-list-item\">\n\t<a href=\"https:\/\/freidok.uni-freiburg.de\/pers\/312363\" target=\"_blank\" class=\"bl-no-underline\">\n\t<div class=\"block-ufr-link-list-icon block-ufr-link-list-icon--light-in-lightmode block-ufr-link-list-icon--light-in-darkmode\">\n\t\t<svg height=\"100%\" xmlns=\"http:\/\/www.w3.org\/2000\/svg\" viewBox=\"0 0 512 512\" aria-label=\"List icon\"  role=\"img\">\n\t<title>List icon<\/title>\n\t<path fill=\"currentColor\" d=\"M352 256c0 22.2-1.2 43.6-3.3 64H163.3c-2.2-20.4-3.3-41.8-3.3-64s1.2-43.6 3.3-64H348.7c2.2 20.4 3.3 41.8 3.3 64zm28.8-64H503.9c5.3 20.5 8.1 41.9 8.1 64s-2.8 43.5-8.1 64H380.8c2.1-20.6 3.2-42 3.2-64s-1.1-43.4-3.2-64zm112.6-32H376.7c-10-63.9-29.8-117.4-55.3-151.6c78.3 20.7 142 77.5 171.9 151.6zm-149.1 0H167.7c6.1-36.4 15.5-68.6 27-94.7c10.5-23.6 22.2-40.7 33.5-51.5C239.4 3.2 248.7 0 256 0s16.6 3.2 27.8 13.8c11.3 10.8 23 27.9 33.5 51.5c11.6 26 20.9 58.2 27 94.7zm-209 0H18.6C48.6 85.9 112.2 29.1 190.6 8.4C165.1 42.6 145.3 96.1 135.3 160zM8.1 192H131.2c-2.1 20.6-3.2 42-3.2 64s1.1 43.4 3.2 64H8.1C2.8 299.5 0 278.1 0 256s2.8-43.5 8.1-64zM194.7 446.6c-11.6-26-20.9-58.2-27-94.6H344.3c-6.1 36.4-15.5 68.6-27 94.6c-10.5 23.6-22.2 40.7-33.5 51.5C272.6 508.8 263.3 512 256 512s-16.6-3.2-27.8-13.8c-11.3-10.8-23-27.9-33.5-51.5zM135.3 352c10 63.9 29.8 117.4 55.3 151.6C112.2 482.9 48.6 426.1 18.6 352H135.3zm358.1 0c-30 74.1-93.6 130.9-171.9 151.6c25.5-34.2 45.2-87.7 55.3-151.6H493.4z\"\/>\n<\/svg>\n\n\t<\/div>\n\t<div>\n\t\t<p class=\"block-ufr-link-list-heading\nbl-font-medium bl-text-[1rem] bl-leading-[1.375rem] md:bl-text-[1.125rem] md:bl-leading-[1.375rem] xl:bl-text-[1.375rem] xl:bl-leading-[2.0625rem] block-ufr-link-list-heading--light-in-lightmode block-ufr-link-list-heading--light-in-darkmode\">FreiDok plus<\/p>\n\t\t<p class=\"block-ufr-link-list-subheading\nbl-font-book bl-text-[1rem] bl-leading-[1.375rem] md:bl-text-[1.125rem] md:bl-leading-[1.5625rem] xl:bl-text-[1.375rem] xl:bl-leading-[2.0625rem] block-ufr-link-list-subheading--light-in-lightmode block-ufr-link-list-subheading--light-in-darkmode\"><\/p>\n\t<\/div>\n\t<\/a>\n\t<hr class=\"block-ufr-link-list-hr block-ufr-link-list-hr--light-in-lightmode block-ufr-link-list-hr--light-in-darkmode\" \/>\n<\/li>\n\n<\/ul><\/div>\n<\/div>\n\n\t<\/div>\n\n\n\n<p><\/p>\n","protected":false},"excerpt":{"rendered":"<p>Forschungsschwerpunkte Vita Ausgew\u00e4hlte Publikationen<\/p>\n","protected":false},"author":394,"featured_media":0,"parent":0,"menu_order":0,"comment_status":"closed","ping_status":"closed","template":"","meta":{"_trash_the_other_posts":false,"editor_notices":[],"footnotes":""},"class_list":["post-562","page","type-page","status-publish","hentry"],"_links":{"self":[{"href":"https:\/\/uni-freiburg.de\/bio\/wp-json\/wp\/v2\/pages\/562","targetHints":{"allow":["GET"]}}],"collection":[{"href":"https:\/\/uni-freiburg.de\/bio\/wp-json\/wp\/v2\/pages"}],"about":[{"href":"https:\/\/uni-freiburg.de\/bio\/wp-json\/wp\/v2\/types\/page"}],"author":[{"embeddable":true,"href":"https:\/\/uni-freiburg.de\/bio\/wp-json\/wp\/v2\/users\/394"}],"replies":[{"embeddable":true,"href":"https:\/\/uni-freiburg.de\/bio\/wp-json\/wp\/v2\/comments?post=562"}],"version-history":[{"count":7,"href":"https:\/\/uni-freiburg.de\/bio\/wp-json\/wp\/v2\/pages\/562\/revisions"}],"predecessor-version":[{"id":2704,"href":"https:\/\/uni-freiburg.de\/bio\/wp-json\/wp\/v2\/pages\/562\/revisions\/2704"}],"wp:attachment":[{"href":"https:\/\/uni-freiburg.de\/bio\/wp-json\/wp\/v2\/media?parent=562"}],"curies":[{"name":"wp","href":"https:\/\/api.w.org\/{rel}","templated":true}]}}