{"id":1538,"date":"2025-11-12T15:42:37","date_gmt":"2025-11-12T14:42:37","guid":{"rendered":"https:\/\/uni-freiburg.de\/cdf\/?page_id=1538"},"modified":"2025-11-12T15:49:32","modified_gmt":"2025-11-12T14:49:32","slug":"governance-structure","status":"publish","type":"page","link":"https:\/\/uni-freiburg.de\/cdf\/governance-structure\/","title":{"rendered":"Governance-Struktur"},"content":{"rendered":"\n<figure class=\"wp-block-image size-full\"><img loading=\"lazy\" decoding=\"async\" width=\"1024\" height=\"554\" src=\"https:\/\/uni-freiburg.de\/cdf\/wp-content\/uploads\/sites\/317\/image-2.png\" alt=\"Graphical overview of the CDF governance structure.\" class=\"wp-image-1539\" srcset=\"https:\/\/uni-freiburg.de\/cdf\/wp-content\/uploads\/sites\/317\/image-2.png 1024w, https:\/\/uni-freiburg.de\/cdf\/wp-content\/uploads\/sites\/317\/image-2-300x162.png 300w, https:\/\/uni-freiburg.de\/cdf\/wp-content\/uploads\/sites\/317\/image-2-768x416.png 768w\" sizes=\"auto, (max-width: 1024px) 100vw, 1024px\" \/><\/figure>\n\n\n\n<h2 class=\"wp-block-heading\" id=\"steering-board\">Steering Board:<\/h2>\n\n\n\n<p><strong>Gesch\u00e4ftsf\u00fchrenden Direktor: Prof. Dr. Stefan Rensing<\/strong> (Amtszeit von 01.06.2025 bis 31.05.2027)<\/p>\n\n\n\n<ul class=\"wp-block-list\">\n<li>PRFI: <strong>Prof. Dr. Stefan Rensing<\/strong><\/li>\n\n\n\n<li>UB: <strong>Dr. Antje Kellersohn<\/strong><\/li>\n\n\n\n<li>RZ &amp; CIO: <strong>Dr. Alejandra L\u00f3pez<\/strong><\/li>\n\n\n\n<li>Prof: <strong>Prof. Dr. Claudine Kraft<\/strong> (Vertretung der Fakult\u00e4ten auf 3 Jahre f\u00fcr die Amtszeit von 01.06.2025 bis 31.05.2028)<\/li>\n<\/ul>\n\n\n\n<h2 class=\"wp-block-heading\" id=\"advisory-board\"><a href=\"http:\/\/localhost:4000\/de\/governance#advisory-board\"><\/a>Advisory Board<\/h2>\n\n\n\n<ol class=\"wp-block-list\">\n<li>Vier Vertreter*innen der Fakult\u00e4ten\n<ul class=\"wp-block-list\">\n<li><strong>Herr Prof. Dr. Wolfgang Hess<\/strong> (Fakult\u00e4t f\u00fcr Biologie, Vertreter der DFG Fachsystematik Lebenswissenschaften)<\/li>\n\n\n\n<li><strong>Herr Prof. Dr. Markus Weiler<\/strong> (Fakult\u00e4t f\u00fcr Umwelt und Nat\u00fcrliche Ressourcen, Vertreter der DFG Fachsystematik Naturwissenschaften)<\/li>\n\n\n\n<li><strong>Herr Prof. Dr. Rolf Backofen<\/strong> (Technische Fakult\u00e4t, Vertreter der DFG Fachsystematik Ingenieurwissenschaften)<\/li>\n\n\n\n<li><strong>Herr Prof. Dr. Achim Rabus<\/strong> (Philologische Fakult\u00e4t, Vertreter der DFG Fachsystematik Geistes- und Sozialwissenschaften)<\/li>\n<\/ul>\n<\/li>\n\n\n\n<li>Ein*e Vertreter*in des Freiburger Zentrums f\u00fcr Datenanalyse, Modellbildung und AI\n<ul class=\"wp-block-list\">\n<li><strong>Herr Prof. Dr. Harald Binder<\/strong><\/li>\n<\/ul>\n<\/li>\n\n\n\n<li>Ein*e Vertreter*in aus dem Bereich der gro\u00dfen IT-Dienstanbieter (bspw. Galaxy, NEMO, bwSFS)\n<ul class=\"wp-block-list\">\n<li><strong>Frau Daniela Schneider (Galaxy)<\/strong><\/li>\n<\/ul>\n<\/li>\n\n\n\n<li>Ein*e Vertreter*in aus dem de.NBI oder aus einem der an der Universit\u00e4t (mit-)koordinierten NFDI-Konsortien\n<ul class=\"wp-block-list\">\n<li><strong>Herr Dr. Bj\u00f6rn Gr\u00fcning<\/strong> (de.NBI und NFDI)<\/li>\n<\/ul>\n<\/li>\n\n\n\n<li>Zwei Vertreter*innen der universit\u00e4ren Forschungszentren\n<ul class=\"wp-block-list\">\n<li><strong>Herr Prof. Dr. Joschka B\u00f6decker<\/strong> (BrainLinks-BrainTools)<\/li>\n\n\n\n<li><strong>Frau Prof. Dr. Claudine Kraft<\/strong> (CIBSS)<\/li>\n<\/ul>\n<\/li>\n\n\n\n<li>Ein*e Vertreter*in aus den Boards der universit\u00e4ren Schwerpunktbereiche\n<ul class=\"wp-block-list\">\n<li>keine Nominierung<\/li>\n<\/ul>\n<\/li>\n<\/ol>\n\n\n\n<p>Die Amtszeit beginnt zum 01.06.2025 und endet am 31.05.2028.<\/p>\n","protected":false},"excerpt":{"rendered":"<p>Steering Board: Gesch\u00e4ftsf\u00fchrenden Direktor: Prof. Dr. Stefan Rensing (Amtszeit von 01.06.2025 bis 31.05.2027) Advisory Board Die Amtszeit beginnt zum 01.06.2025 und endet am 31.05.2028.<\/p>\n","protected":false},"author":541,"featured_media":0,"parent":0,"menu_order":0,"comment_status":"closed","ping_status":"closed","template":"","meta":{"_trash_the_other_posts":false,"editor_notices":[],"footnotes":""},"class_list":["post-1538","page","type-page","status-publish","hentry"],"_links":{"self":[{"href":"https:\/\/uni-freiburg.de\/cdf\/wp-json\/wp\/v2\/pages\/1538","targetHints":{"allow":["GET"]}}],"collection":[{"href":"https:\/\/uni-freiburg.de\/cdf\/wp-json\/wp\/v2\/pages"}],"about":[{"href":"https:\/\/uni-freiburg.de\/cdf\/wp-json\/wp\/v2\/types\/page"}],"author":[{"embeddable":true,"href":"https:\/\/uni-freiburg.de\/cdf\/wp-json\/wp\/v2\/users\/541"}],"replies":[{"embeddable":true,"href":"https:\/\/uni-freiburg.de\/cdf\/wp-json\/wp\/v2\/comments?post=1538"}],"version-history":[{"count":2,"href":"https:\/\/uni-freiburg.de\/cdf\/wp-json\/wp\/v2\/pages\/1538\/revisions"}],"predecessor-version":[{"id":1545,"href":"https:\/\/uni-freiburg.de\/cdf\/wp-json\/wp\/v2\/pages\/1538\/revisions\/1545"}],"wp:attachment":[{"href":"https:\/\/uni-freiburg.de\/cdf\/wp-json\/wp\/v2\/media?parent=1538"}],"curies":[{"name":"wp","href":"https:\/\/api.w.org\/{rel}","templated":true}]}}