{"id":167,"date":"2024-07-30T11:10:50","date_gmt":"2024-07-30T09:10:50","guid":{"rendered":"https:\/\/uni-freiburg.de\/beispielseiten\/?page_id=167"},"modified":"2024-09-26T23:01:25","modified_gmt":"2024-09-26T21:01:25","slug":"startseite","status":"publish","type":"page","link":"https:\/\/uni-freiburg.de\/fsw\/","title":{"rendered":"Frau* SCHAFFT Wissen"},"content":{"rendered":"\n<h3 class=\"wp-block-heading\">Women SHAPING Knowledge <\/h3>\n\n\n\n<div style=\"height:10px\" aria-hidden=\"true\" class=\"wp-block-spacer\"><\/div>\n\n\n\n<div class=\"wp-block-group is-nowrap is-layout-flex wp-container-core-group-is-layout-6c531013 wp-block-group-is-layout-flex\">\n<figure class=\"wp-block-image size-large\"><img loading=\"lazy\" decoding=\"async\" width=\"683\" height=\"1024\" src=\"https:\/\/uni-freiburg.de\/fsw\/wp-content\/uploads\/sites\/7\/02_Eva_Erdmann_04634-683x1024.jpg\" alt=\"\" class=\"wp-image-346\" srcset=\"https:\/\/uni-freiburg.de\/fsw\/wp-content\/uploads\/sites\/7\/02_Eva_Erdmann_04634-683x1024.jpg 683w, https:\/\/uni-freiburg.de\/fsw\/wp-content\/uploads\/sites\/7\/02_Eva_Erdmann_04634-200x300.jpg 200w, https:\/\/uni-freiburg.de\/fsw\/wp-content\/uploads\/sites\/7\/02_Eva_Erdmann_04634-768x1152.jpg 768w, https:\/\/uni-freiburg.de\/fsw\/wp-content\/uploads\/sites\/7\/02_Eva_Erdmann_04634-1024x1536.jpg 1024w, https:\/\/uni-freiburg.de\/fsw\/wp-content\/uploads\/sites\/7\/02_Eva_Erdmann_04634-1366x2048.jpg 1366w, https:\/\/uni-freiburg.de\/fsw\/wp-content\/uploads\/sites\/7\/02_Eva_Erdmann_04634-scaled.jpg 1707w\" sizes=\"auto, (max-width: 683px) 100vw, 683px\" \/><\/figure>\n\n\n\n<figure class=\"wp-block-image size-large\"><img loading=\"lazy\" decoding=\"async\" width=\"683\" height=\"1024\" src=\"https:\/\/uni-freiburg.de\/fsw\/wp-content\/uploads\/sites\/7\/12_Friederike_Lammert_08912-683x1024.jpg\" alt=\"\" class=\"wp-image-371\" srcset=\"https:\/\/uni-freiburg.de\/fsw\/wp-content\/uploads\/sites\/7\/12_Friederike_Lammert_08912-683x1024.jpg 683w, https:\/\/uni-freiburg.de\/fsw\/wp-content\/uploads\/sites\/7\/12_Friederike_Lammert_08912-200x300.jpg 200w, https:\/\/uni-freiburg.de\/fsw\/wp-content\/uploads\/sites\/7\/12_Friederike_Lammert_08912-768x1152.jpg 768w, https:\/\/uni-freiburg.de\/fsw\/wp-content\/uploads\/sites\/7\/12_Friederike_Lammert_08912-1024x1536.jpg 1024w, https:\/\/uni-freiburg.de\/fsw\/wp-content\/uploads\/sites\/7\/12_Friederike_Lammert_08912-1365x2048.jpg 1365w, https:\/\/uni-freiburg.de\/fsw\/wp-content\/uploads\/sites\/7\/12_Friederike_Lammert_08912-scaled.jpg 1707w\" sizes=\"auto, (max-width: 683px) 100vw, 683px\" \/><\/figure>\n\n\n\n<figure class=\"wp-block-image size-large\"><img loading=\"lazy\" decoding=\"async\" width=\"683\" height=\"1024\" src=\"https:\/\/uni-freiburg.de\/fsw\/wp-content\/uploads\/sites\/7\/01_Sonja_Albers_04434-683x1024.jpg\" alt=\"\" class=\"wp-image-306\" srcset=\"https:\/\/uni-freiburg.de\/fsw\/wp-content\/uploads\/sites\/7\/01_Sonja_Albers_04434-683x1024.jpg 683w, https:\/\/uni-freiburg.de\/fsw\/wp-content\/uploads\/sites\/7\/01_Sonja_Albers_04434-200x300.jpg 200w, https:\/\/uni-freiburg.de\/fsw\/wp-content\/uploads\/sites\/7\/01_Sonja_Albers_04434-768x1152.jpg 768w, https:\/\/uni-freiburg.de\/fsw\/wp-content\/uploads\/sites\/7\/01_Sonja_Albers_04434-1024x1536.jpg 1024w, https:\/\/uni-freiburg.de\/fsw\/wp-content\/uploads\/sites\/7\/01_Sonja_Albers_04434-1366x2048.jpg 1366w, https:\/\/uni-freiburg.de\/fsw\/wp-content\/uploads\/sites\/7\/01_Sonja_Albers_04434-scaled.jpg 1707w\" sizes=\"auto, (max-width: 683px) 100vw, 683px\" \/><\/figure>\n\n\n\n<figure class=\"wp-block-image size-large\"><img loading=\"lazy\" decoding=\"async\" width=\"683\" height=\"1024\" src=\"https:\/\/uni-freiburg.de\/fsw\/wp-content\/uploads\/sites\/7\/11_Julia_Gurol_06572-683x1024.jpg\" alt=\"\" class=\"wp-image-345\" srcset=\"https:\/\/uni-freiburg.de\/fsw\/wp-content\/uploads\/sites\/7\/11_Julia_Gurol_06572-683x1024.jpg 683w, https:\/\/uni-freiburg.de\/fsw\/wp-content\/uploads\/sites\/7\/11_Julia_Gurol_06572-200x300.jpg 200w, https:\/\/uni-freiburg.de\/fsw\/wp-content\/uploads\/sites\/7\/11_Julia_Gurol_06572-768x1152.jpg 768w, https:\/\/uni-freiburg.de\/fsw\/wp-content\/uploads\/sites\/7\/11_Julia_Gurol_06572-1024x1536.jpg 1024w, https:\/\/uni-freiburg.de\/fsw\/wp-content\/uploads\/sites\/7\/11_Julia_Gurol_06572-1365x2048.jpg 1365w, https:\/\/uni-freiburg.de\/fsw\/wp-content\/uploads\/sites\/7\/11_Julia_Gurol_06572-scaled.jpg 1707w\" sizes=\"auto, (max-width: 683px) 100vw, 683px\" \/><\/figure>\n<\/div>\n\n\n\n<div style=\"height:10px\" aria-hidden=\"true\" class=\"wp-block-spacer\"><\/div>\n\n\n\n<div class=\"wp-block-columns is-layout-flex wp-container-core-columns-is-layout-28f84493 wp-block-columns-is-layout-flex\">\n<div class=\"wp-block-column is-layout-flow wp-block-column-is-layout-flow\">\n<p>Die Universit\u00e4t Freiburg setzt sich f\u00fcr Gleichstellung und Frauenf\u00f6rderung ein. Deshalb pr\u00e4sentieren wir mit <strong>#frauSCHAFFTwissen<\/strong> \/\/<strong> #womenSHAPINGknowledge<\/strong> in 22 Folgen Frauen aus der Universit\u00e4t: sie kommen aus unterschiedlichen F\u00e4chern, T\u00e4tigkeitsfeldern und Karrierestufen und repr\u00e4sentieren so die #Vielfalt der #Karrierewege an einer Universit\u00e4t. Sie alle SCHAFFEN Wissen: Sie lehren, forschen, sortieren, organisieren, koordinieren, sammeln und \u00fcberwinden dabei bisweilen auch H\u00fcrden. Es geht uns um die Sichtbarkeit von Frauen, der Wege die sie nach Freiburg f\u00fchrten und ihrer Beitr\u00e4ge zum Wissenschaftsbetrieb \u2013 ob in einer wissenschaftlichen Funktion bis hin zur Professur oder in einer wissenschaftsunterst\u00fctzenden Aufgabe wie etwa dem Management eines Labors oder eines universit\u00e4ren Verbundes. Doch auch von den Herausforderungen erz\u00e4hlen die begleitenden schriftlichen Portr\u00e4ts. Diese sind von Studierenden mit einem besonderen Interesse an Journalismus und Wissenschaftskommunikation erstellt worden.<\/p>\n\n\n\n<p>Die vollst\u00e4ndigen Portr\u00e4ts und Bilder der Kampagne gibt es zusammen mit dem jeweiligen Post auch \u00fcber die Socials der Universit\u00e4t zu finden.<\/p>\n<\/div>\n\n\n\n<div class=\"wp-block-column is-layout-flow wp-block-column-is-layout-flow\">\n<p>The University of Freiburg invests in #equality and promoting #women. For this reason, we use #womenSHAPINGknowledge \/ #frauSCHAFFTwissen to present women of this university in 22 episodes: they hail from a variety of disciplines, positions and career levels, thereby representing the #diversity of career paths at a university. They all shape knowledge: they teach, research, sort, organize, coordinate, collect and ever so often jump over hurdles. Visibility of women matters, the journeys that led them to Freiburg as much as their contributions to academia \u2013 whether in a research function all the way up to a professorship or in a supporting role such as the management of a laboratory or a university alliance. The written portraits of the women, written by students with a particular interest in journalism and science communication, also speak to challenges encountered and overcome.<\/p>\n\n\n\n<p>The complete portraits and picture series are also available through the University socials. <\/p>\n<\/div>\n<\/div>\n\n\n\n<div style=\"height:30px\" aria-hidden=\"true\" class=\"wp-block-spacer\"><\/div>\n\n\n\n<div class=\"wp-block-columns is-layout-flex wp-container-core-columns-is-layout-28f84493 wp-block-columns-is-layout-flex\">\n<div class=\"wp-block-column is-layout-flow wp-block-column-is-layout-flow\">\n<div class=\"wp-block-group has-global-padding is-layout-constrained wp-block-group-is-layout-constrained\">\n\n<div\n\tclass=\"bl-@container\/teaser-person \n\t\tbl-bg-identity-darkblue bl-text-pure-white dark:bl-bg-identity-darkblue dark:bl-text-pure-white\t\tbl-relative bl-self-stretch\n\t\tbl-min-w-full md:bl-min-w-[660px] xl:bl-min-w-[310px]\">\n\n\t<div class=\"\n\t\tbl-flex bl-flex-col bl-h-full\n\t\t@[500px]\/teaser-person:!bl-flex-row\n\t\t@md\/teaser-person:!bl-flex-row\">\n\t\t\t\t\t<div\n\t\t\t\tclass=\"bl-object-cover\n\t\t\t\t\t\t\t@[500px]\/teaser-person:bl-w-[233px] @[500px]\/teaser-person:bl-min-w-[233px]\n\t\t\t\t\t\t\t@md\/teaser-person:bl-w-[310px] @md\/teaser-person:bl-min-w-[310px]\"\n\t\t\t>\n\t\t\t\t<svg viewBox=\"0 0 172 151\" fill=\"none\" xmlns=\"http:\/\/www.w3.org\/2000\/svg\"\n\t\t\t\t\taria-label=\"fallback image\" role=\"img\"\n\t\t\t\t\tclass=\"bl-w-full\">\n\t\t\t\t\t<title>fallback image<\/title>\n\t\t\t\t\t<path id=\"Pfad 5\" d=\"M139.037 53.9457V53.6654C139.017 35.8483 124.509 21.4143 106.621 21.4143C88.7333 21.4143 74.2245 35.8483 74.2245 53.6654V53.9457C56.3366 53.9457 41.8281 68.3996 41.8281 86.2169C41.8281 104.034 56.3366 118.469 74.2245 118.469V118.749C74.2245 136.566 88.733 151 106.621 151C124.509 151 139.017 136.566 139.017 118.749V118.469C156.904 118.469 171.414 104.035 171.414 86.2175C171.414 68.4004 156.905 53.9659 139.017 53.9659M106.599 86.4972V85.9366H106.64V86.4972H106.599Z\" fill=\"#F5C2ED\"\/>\n\t\t\t\t\t<path id=\"Pfad 745\" d=\"M58.6736 58.2393C89.7601 58.1654 115.236 32.6778 115.496 1.36851V1H115.124C84.5944 1 59.4696 25.5469 58.2479 56.028C57.0258 25.5469 31.9012 1 1.37147 1H1V1.36974C1.25929 32.6788 26.7355 58.1656 57.822 58.2393C26.7355 58.3315 1.25929 83.7998 1 115.11V115.48H1.37147C31.9024 115.48 57.027 90.9329 58.2489 60.4518C59.4696 90.9502 84.5944 115.479 115.125 115.497H115.497V115.127C115.238 83.8168 89.7613 58.3485 58.6749 58.2563L58.6736 58.2393Z\" stroke=\"#FFE863\"\/>\n\t\t\t\t\t<path id=\"Ellipse 83\" d=\"M58.692 74.6683C68.0057 74.6683 75.5559 67.3168 75.5559 58.2482C75.5559 49.1797 68.0057 41.8281 58.692 41.8281C49.3783 41.8281 41.8281 49.1797 41.8281 58.2482C41.8281 67.3168 49.3783 74.6683 58.692 74.6683Z\" fill=\"#344A9A\"\/>\n\t\t\t\t<\/svg>\n\t\t\t<\/div>\n\t\t\n\t\t<div\n\t\t\tclass=\"bl-flex-grow bl-flex bl-flex-col bl-justify-between bl-h-full bl-px-[25px] bl-py-[20px]\n\t\t\t\t\t\tmd:bl-px-[45px] md:bl-py-[40px]\n\t\t\t\t\t\txl:bl-px-[55px] xl:bl-py-[50px] [overflow-wrap:anywhere]\"\n\t\t>\n\t\t\t<div>\n\t\t\t\t\t\t\t\t\t\t\t\t<p\n\t\t\t\t\tclass=\"font-medium bl-text-inherit dark:bl-text-inherit bl-m-0 bl-mb-[5px]\n\t\t\t\t\t\t\t\tbl-text-[1rem] bl-leading-[1.375rem]\n\t\t\t\t\t\t\t\tmd:bl-text-[1.125rem] md:bl-leading-[1.375rem]\n\t\t\t\t\t\t\t\txl:bl-text-[1.375rem] xl:bl-leading-[2.0625rem]\"\n\t\t\t\t>\n\t\t\t\t\tFrau* im Portr\u00e4t\t\t\t\t<\/p>\n\t\t\t\t\t\t\t\t\t\t\t<\/div>\n\t\t\t\t\t\t\t<div>\n\t\t\t\t\t<a\n\t\t\t\t\t\thref=\"https:\/\/uni-freiburg.de\/fsw\/portraits\/\" data-type=\"button\"\n\t\t\t\t\t\tclass=\"\n\t\t\t\t\t\t\tbl-inline-block bl-font-medium bl-text-[1.125rem] xl:bl-text-[1.25rem] bl-leading-[1.5625rem] bl-no-underline hover:bl-underline bl-decoration-[2px] bl-transition-colors bl-duration-[400ms] bl-px-[26px] xl:bl-px-[32px] bl-py-[7.5px] xl:bl-py-[12.5px] focus-visible:bl-outline-dotted focus-visible:bl-outline-2 bl-outline-offset-[6px] xl:bl-outline-offset-[7px] bl-hyphens-manual\t\t\t\t\t\t\tbl-bg-pure-white bl-text-identity-black hover:bl-text-identity-black hover:bl-bg-identity-yellow-40 active:bl-bg-identity-yellow !bl-outline-pure-white\t\t\t\t\t\t\tdark:bl-bg-pure-white dark:bl-text-identity-black dark:hover:bl-text-identity-black dark:hover:bl-bg-identity-yellow-40 dark:active:bl-bg-identity-yellow dark:!bl-outline-pure-white\"\n\t\t\t\t\t\t\t >\n\t\t\t\t\t\tDeutsch\t\t\t\t\t<\/a>\n\t\t\t\t<\/div>\n\t\t\t\t\t<\/div>\n\n\t<\/div>\n<\/div>\n<\/div>\n<\/div>\n\n\n\n<div class=\"wp-block-column is-layout-flow wp-block-column-is-layout-flow\">\n<div class=\"wp-block-group has-global-padding is-layout-constrained wp-block-group-is-layout-constrained\">\n\n<div\n\tclass=\"bl-@container\/teaser-person \n\t\tbl-bg-identity-darkblue bl-text-pure-white dark:bl-bg-identity-darkblue dark:bl-text-pure-white\t\tbl-relative bl-self-stretch\n\t\tbl-min-w-full md:bl-min-w-[660px] xl:bl-min-w-[310px]\">\n\n\t<div class=\"\n\t\tbl-flex bl-flex-col bl-h-full\n\t\t@[500px]\/teaser-person:!bl-flex-row\n\t\t@md\/teaser-person:!bl-flex-row\">\n\t\t\t\t\t<div\n\t\t\t\tclass=\"bl-object-cover\n\t\t\t\t\t\t\t@[500px]\/teaser-person:bl-w-[233px] @[500px]\/teaser-person:bl-min-w-[233px]\n\t\t\t\t\t\t\t@md\/teaser-person:bl-w-[310px] @md\/teaser-person:bl-min-w-[310px]\"\n\t\t\t>\n\t\t\t\t<svg viewBox=\"0 0 172 151\" fill=\"none\" xmlns=\"http:\/\/www.w3.org\/2000\/svg\"\n\t\t\t\t\taria-label=\"fallback image\" role=\"img\"\n\t\t\t\t\tclass=\"bl-w-full\">\n\t\t\t\t\t<title>fallback image<\/title>\n\t\t\t\t\t<path id=\"Pfad 5\" d=\"M139.037 53.9457V53.6654C139.017 35.8483 124.509 21.4143 106.621 21.4143C88.7333 21.4143 74.2245 35.8483 74.2245 53.6654V53.9457C56.3366 53.9457 41.8281 68.3996 41.8281 86.2169C41.8281 104.034 56.3366 118.469 74.2245 118.469V118.749C74.2245 136.566 88.733 151 106.621 151C124.509 151 139.017 136.566 139.017 118.749V118.469C156.904 118.469 171.414 104.035 171.414 86.2175C171.414 68.4004 156.905 53.9659 139.017 53.9659M106.599 86.4972V85.9366H106.64V86.4972H106.599Z\" fill=\"#F5C2ED\"\/>\n\t\t\t\t\t<path id=\"Pfad 745\" d=\"M58.6736 58.2393C89.7601 58.1654 115.236 32.6778 115.496 1.36851V1H115.124C84.5944 1 59.4696 25.5469 58.2479 56.028C57.0258 25.5469 31.9012 1 1.37147 1H1V1.36974C1.25929 32.6788 26.7355 58.1656 57.822 58.2393C26.7355 58.3315 1.25929 83.7998 1 115.11V115.48H1.37147C31.9024 115.48 57.027 90.9329 58.2489 60.4518C59.4696 90.9502 84.5944 115.479 115.125 115.497H115.497V115.127C115.238 83.8168 89.7613 58.3485 58.6749 58.2563L58.6736 58.2393Z\" stroke=\"#FFE863\"\/>\n\t\t\t\t\t<path id=\"Ellipse 83\" d=\"M58.692 74.6683C68.0057 74.6683 75.5559 67.3168 75.5559 58.2482C75.5559 49.1797 68.0057 41.8281 58.692 41.8281C49.3783 41.8281 41.8281 49.1797 41.8281 58.2482C41.8281 67.3168 49.3783 74.6683 58.692 74.6683Z\" fill=\"#344A9A\"\/>\n\t\t\t\t<\/svg>\n\t\t\t<\/div>\n\t\t\n\t\t<div\n\t\t\tclass=\"bl-flex-grow bl-flex bl-flex-col bl-justify-between bl-h-full bl-px-[25px] bl-py-[20px]\n\t\t\t\t\t\tmd:bl-px-[45px] md:bl-py-[40px]\n\t\t\t\t\t\txl:bl-px-[55px] xl:bl-py-[50px] [overflow-wrap:anywhere]\"\n\t\t>\n\t\t\t<div>\n\t\t\t\t\t\t\t\t\t\t\t\t<p\n\t\t\t\t\tclass=\"font-medium bl-text-inherit dark:bl-text-inherit bl-m-0 bl-mb-[5px]\n\t\t\t\t\t\t\t\tbl-text-[1rem] bl-leading-[1.375rem]\n\t\t\t\t\t\t\t\tmd:bl-text-[1.125rem] md:bl-leading-[1.375rem]\n\t\t\t\t\t\t\t\txl:bl-text-[1.375rem] xl:bl-leading-[2.0625rem]\"\n\t\t\t\t>\n\t\t\t\t\tWomen in Portrait\t\t\t\t<\/p>\n\t\t\t\t\t\t\t\t\t\t\t<\/div>\n\t\t\t\t\t\t\t<div>\n\t\t\t\t\t<a\n\t\t\t\t\t\thref=\"https:\/\/uni-freiburg.de\/fsw\/portraits-en\/\" data-type=\"button\"\n\t\t\t\t\t\tclass=\"\n\t\t\t\t\t\t\tbl-inline-block bl-font-medium bl-text-[1.125rem] xl:bl-text-[1.25rem] bl-leading-[1.5625rem] bl-no-underline hover:bl-underline bl-decoration-[2px] bl-transition-colors bl-duration-[400ms] bl-px-[26px] xl:bl-px-[32px] bl-py-[7.5px] xl:bl-py-[12.5px] focus-visible:bl-outline-dotted focus-visible:bl-outline-2 bl-outline-offset-[6px] xl:bl-outline-offset-[7px] bl-hyphens-manual\t\t\t\t\t\t\tbl-bg-pure-white bl-text-identity-black hover:bl-text-identity-black hover:bl-bg-identity-yellow-40 active:bl-bg-identity-yellow !bl-outline-pure-white\t\t\t\t\t\t\tdark:bl-bg-pure-white dark:bl-text-identity-black dark:hover:bl-text-identity-black dark:hover:bl-bg-identity-yellow-40 dark:active:bl-bg-identity-yellow dark:!bl-outline-pure-white\"\n\t\t\t\t\t\t\t >\n\t\t\t\t\t\tEnglish\t\t\t\t\t<\/a>\n\t\t\t\t<\/div>\n\t\t\t\t\t<\/div>\n\n\t<\/div>\n<\/div>\n<\/div>\n<\/div>\n\n\n\n<div class=\"wp-block-column is-layout-flow wp-block-column-is-layout-flow\">\n<div class=\"wp-block-group has-global-padding is-layout-constrained wp-block-group-is-layout-constrained\">\n\n<div\n\tclass=\"bl-@container\/teaser-person \n\t\tbl-bg-identity-darkblue bl-text-pure-white dark:bl-bg-identity-darkblue dark:bl-text-pure-white\t\tbl-relative bl-self-stretch\n\t\tbl-min-w-full md:bl-min-w-[660px] xl:bl-min-w-[310px]\">\n\n\t<div class=\"\n\t\tbl-flex bl-flex-col bl-h-full\n\t\t@[500px]\/teaser-person:!bl-flex-row\n\t\t@md\/teaser-person:!bl-flex-row\">\n\t\t\t\t\t<div\n\t\t\t\tclass=\"bl-object-cover\n\t\t\t\t\t\t\t@[500px]\/teaser-person:bl-w-[233px] @[500px]\/teaser-person:bl-min-w-[233px]\n\t\t\t\t\t\t\t@md\/teaser-person:bl-w-[310px] @md\/teaser-person:bl-min-w-[310px]\"\n\t\t\t>\n\t\t\t\t<svg viewBox=\"0 0 172 151\" fill=\"none\" xmlns=\"http:\/\/www.w3.org\/2000\/svg\"\n\t\t\t\t\taria-label=\"fallback image\" role=\"img\"\n\t\t\t\t\tclass=\"bl-w-full\">\n\t\t\t\t\t<title>fallback image<\/title>\n\t\t\t\t\t<path id=\"Pfad 5\" d=\"M139.037 53.9457V53.6654C139.017 35.8483 124.509 21.4143 106.621 21.4143C88.7333 21.4143 74.2245 35.8483 74.2245 53.6654V53.9457C56.3366 53.9457 41.8281 68.3996 41.8281 86.2169C41.8281 104.034 56.3366 118.469 74.2245 118.469V118.749C74.2245 136.566 88.733 151 106.621 151C124.509 151 139.017 136.566 139.017 118.749V118.469C156.904 118.469 171.414 104.035 171.414 86.2175C171.414 68.4004 156.905 53.9659 139.017 53.9659M106.599 86.4972V85.9366H106.64V86.4972H106.599Z\" fill=\"#F5C2ED\"\/>\n\t\t\t\t\t<path id=\"Pfad 745\" d=\"M58.6736 58.2393C89.7601 58.1654 115.236 32.6778 115.496 1.36851V1H115.124C84.5944 1 59.4696 25.5469 58.2479 56.028C57.0258 25.5469 31.9012 1 1.37147 1H1V1.36974C1.25929 32.6788 26.7355 58.1656 57.822 58.2393C26.7355 58.3315 1.25929 83.7998 1 115.11V115.48H1.37147C31.9024 115.48 57.027 90.9329 58.2489 60.4518C59.4696 90.9502 84.5944 115.479 115.125 115.497H115.497V115.127C115.238 83.8168 89.7613 58.3485 58.6749 58.2563L58.6736 58.2393Z\" stroke=\"#FFE863\"\/>\n\t\t\t\t\t<path id=\"Ellipse 83\" d=\"M58.692 74.6683C68.0057 74.6683 75.5559 67.3168 75.5559 58.2482C75.5559 49.1797 68.0057 41.8281 58.692 41.8281C49.3783 41.8281 41.8281 49.1797 41.8281 58.2482C41.8281 67.3168 49.3783 74.6683 58.692 74.6683Z\" fill=\"#344A9A\"\/>\n\t\t\t\t<\/svg>\n\t\t\t<\/div>\n\t\t\n\t\t<div\n\t\t\tclass=\"bl-flex-grow bl-flex bl-flex-col bl-justify-between bl-h-full bl-px-[25px] bl-py-[20px]\n\t\t\t\t\t\tmd:bl-px-[45px] md:bl-py-[40px]\n\t\t\t\t\t\txl:bl-px-[55px] xl:bl-py-[50px] [overflow-wrap:anywhere]\"\n\t\t>\n\t\t\t<div>\n\t\t\t\t\t\t\t\t\t\t\t\t<p\n\t\t\t\t\tclass=\"font-medium bl-text-inherit dark:bl-text-inherit bl-m-0 bl-mb-[5px]\n\t\t\t\t\t\t\t\tbl-text-[1rem] bl-leading-[1.375rem]\n\t\t\t\t\t\t\t\tmd:bl-text-[1.125rem] md:bl-leading-[1.375rem]\n\t\t\t\t\t\t\t\txl:bl-text-[1.375rem] xl:bl-leading-[2.0625rem]\"\n\t\t\t\t>\n\t\t\t\t\tFemmes en portrait\t\t\t\t<\/p>\n\t\t\t\t\t\t\t\t\t\t\t<\/div>\n\t\t\t\t\t\t\t<div>\n\t\t\t\t\t<a\n\t\t\t\t\t\thref=\"https:\/\/uni-freiburg.de\/fsw\/portraits-fr\/\" data-type=\"button\"\n\t\t\t\t\t\tclass=\"\n\t\t\t\t\t\t\tbl-inline-block bl-font-medium bl-text-[1.125rem] xl:bl-text-[1.25rem] bl-leading-[1.5625rem] bl-no-underline hover:bl-underline bl-decoration-[2px] bl-transition-colors bl-duration-[400ms] bl-px-[26px] xl:bl-px-[32px] bl-py-[7.5px] xl:bl-py-[12.5px] focus-visible:bl-outline-dotted focus-visible:bl-outline-2 bl-outline-offset-[6px] xl:bl-outline-offset-[7px] bl-hyphens-manual\t\t\t\t\t\t\tbl-bg-pure-white bl-text-identity-black hover:bl-text-identity-black hover:bl-bg-identity-yellow-40 active:bl-bg-identity-yellow !bl-outline-pure-white\t\t\t\t\t\t\tdark:bl-bg-pure-white dark:bl-text-identity-black dark:hover:bl-text-identity-black dark:hover:bl-bg-identity-yellow-40 dark:active:bl-bg-identity-yellow dark:!bl-outline-pure-white\"\n\t\t\t\t\t\t\t >\n\t\t\t\t\t\tFran\u00e7ais\t\t\t\t\t<\/a>\n\t\t\t\t<\/div>\n\t\t\t\t\t<\/div>\n\n\t<\/div>\n<\/div>\n<\/div>\n<\/div>\n<\/div>\n\n\n\n<div style=\"height:100px\" aria-hidden=\"true\" class=\"wp-block-spacer\"><\/div>\n\n\n\n<p><\/p>\n","protected":false},"excerpt":{"rendered":"<p>Women SHAPING Knowledge Die Universit\u00e4t Freiburg setzt sich f\u00fcr Gleichstellung und Frauenf\u00f6rderung ein. Deshalb pr\u00e4sentieren wir mit #frauSCHAFFTwissen \/\/ #womenSHAPINGknowledge in 22 Folgen Frauen aus der Universit\u00e4t: sie kommen aus unterschiedlichen F\u00e4chern, T\u00e4tigkeitsfeldern und Karrierestufen und repr\u00e4sentieren so die #Vielfalt der #Karrierewege an einer Universit\u00e4t. Sie alle SCHAFFEN Wissen: Sie lehren, forschen, sortieren, organisieren, koordinieren,<\/p>\n","protected":false},"author":2,"featured_media":295,"parent":0,"menu_order":0,"comment_status":"closed","ping_status":"closed","template":"","meta":{"_trash_the_other_posts":false,"editor_notices":[],"footnotes":""},"class_list":["post-167","page","type-page","status-publish","has-post-thumbnail","hentry"],"_links":{"self":[{"href":"https:\/\/uni-freiburg.de\/fsw\/wp-json\/wp\/v2\/pages\/167","targetHints":{"allow":["GET"]}}],"collection":[{"href":"https:\/\/uni-freiburg.de\/fsw\/wp-json\/wp\/v2\/pages"}],"about":[{"href":"https:\/\/uni-freiburg.de\/fsw\/wp-json\/wp\/v2\/types\/page"}],"author":[{"embeddable":true,"href":"https:\/\/uni-freiburg.de\/fsw\/wp-json\/wp\/v2\/users\/2"}],"replies":[{"embeddable":true,"href":"https:\/\/uni-freiburg.de\/fsw\/wp-json\/wp\/v2\/comments?post=167"}],"version-history":[{"count":17,"href":"https:\/\/uni-freiburg.de\/fsw\/wp-json\/wp\/v2\/pages\/167\/revisions"}],"predecessor-version":[{"id":973,"href":"https:\/\/uni-freiburg.de\/fsw\/wp-json\/wp\/v2\/pages\/167\/revisions\/973"}],"wp:featuredmedia":[{"embeddable":true,"href":"https:\/\/uni-freiburg.de\/fsw\/wp-json\/wp\/v2\/media\/295"}],"wp:attachment":[{"href":"https:\/\/uni-freiburg.de\/fsw\/wp-json\/wp\/v2\/media?parent=167"}],"curies":[{"name":"wp","href":"https:\/\/api.w.org\/{rel}","templated":true}]}}