{"id":167,"date":"2024-07-30T11:10:50","date_gmt":"2024-07-30T09:10:50","guid":{"rendered":"https:\/\/uni-freiburg.de\/beispielseiten\/?page_id=167"},"modified":"2026-02-03T17:50:28","modified_gmt":"2026-02-03T16:50:28","slug":"startseite","status":"publish","type":"page","link":"https:\/\/uni-freiburg.de\/humanities\/","title":{"rendered":"Startseite"},"content":{"rendered":"\n<div class=\"wp-block-columns are-vertically-aligned-top is-layout-flex wp-container-core-columns-is-layout-28f84493 wp-block-columns-is-layout-flex\">\n<div class=\"wp-block-column is-vertically-aligned-top is-layout-flow wp-block-column-is-layout-flow\" style=\"flex-basis:66.66%\">\n<h2 class=\"wp-block-heading\">Herzlich willkommen!<\/h2>\n\n\n\n<p>Die <strong>Graduiertenschule Humanities (GSH)<\/strong> der Universit\u00e4t Freiburg m\u00f6chte Promovierende der <strong>geistes-, sozial- und kulturwissenschaftlichen F\u00e4cher<\/strong> (Philologische, Philosophische und Theologische Fakult\u00e4t) auf ihrem Weg zum erfolgreichen Promotionsabschluss unterst\u00fctzen. <\/p>\n\n\n\n<p>Hierf\u00fcr bietet die Graduiertenschule Beratung, Arbeitspl\u00e4tze und verschiedene M\u00f6glichkeiten der zus\u00e4tzlichen Qualifizierung, der Vernetzung und des gemeinsamen Wirkens an den Promotionsprojekten.<\/p>\n\n\n\n<p>Innerhalb dieses unterst\u00fctzenden Umfelds basiert die Arbeit der Graduiertenschule im Wesentlichen auf dem Engagement der Mitwirkenden: Promovierende, Postdocs, Betreuende und Gastdozierende sind herzlich eingeladen, sich einzubringen. Euer Mitwirken, z.B. in einer der Arbeitsgruppen, bereichert Euch und andere. <\/p>\n\n\n\n<p>Bitte informiert Euch auf unserer Homepage \u00fcber die Angebote der Graduiertenschule und die M\u00f6glichkeiten der Mitwirkung und kommt mit Euren Fragen, Anregungen und Ideen gerne auf uns zu!<br><\/p>\n<\/div>\n<\/div>\n\n\n\n<div class=\"is-content-justification-left is-layout-flex wp-container-ufr-buttons-is-layout-fc4fd283 wp-block-ufr-buttons-is-layout-flex\">\n\t\n\n<div class=\"wp-block-ufr-button\"> \n\t<a href=\"https:\/\/uni-freiburg.de\/humanities\/startseite\/personenkontakt\/#newsletter\"\n\t\t\t\taria-label=\"\"\n\t\tclass=\"\n\t\tbl-text-[1.25rem] bl-leading-[1.5625rem] bl-px-[32px] bl-py-[9px] bl-border-[3px] bl-gap-[10px] !bl-decoration-[3px] !bl-underline-offset-[6px] focus-visible:bl-outline-offset-[7px]\t\tbl-no-underline hover:bl-underline bl-font-medium\n\t\t\n\t\tfocus-visible:bl-outline-dotted focus-visible:bl-outline-2 bl-border-identity-black bl-text-identity-black\n\t   hover:bl-bg-identity-blue-80 hover:bl-border-identity-blue-80 hover:bl-text-pure-white\n\t   active:bl-bg-identity-blue active:bl-text-pure-white active:bl-border-identity-blue\n\t   !bl-outline-identity-black dark:bl-text-pure-white dark:!bl-border-pure-white\n\t\tdark:hover:bl-text-identity-black dark:hover:bl-bg-identity-yellow-40 dark:hover:!bl-border-identity-yellow-40\n\t\tdark:active:bl-text-identity-black dark:active:bl-bg-identity-yellow dark:active:!bl-border-identity-yellow\n\t\tdark:!bl-outline-pure-white\t\tbl-inline-flex bl-flex-row bl-items-center motion-safe:bl-transition-colors\n\t\tmotion-safe:bl-duration-[400ms] justify-center bl-hyphens-auto\n\t\t\">\n\t\t<svg width=\"100%\" viewBox=\"0 0 35 50\" fill=\"none\" xmlns=\"http:\/\/www.w3.org\/2000\/svg\"\n\taria-label=\"chevron-right\" class=\"bl-w-[17px] bl-h-[20px] -bl-ml-[12px]\" role=\"img\">\n\t<title>chevron-right<\/title>\n\t<path d=\"M5.00012 5L25.6062 25.0002L5.00012 45\" stroke=\"currentColor\" stroke-width=\"12\" \/>\n<\/svg>\n\t\t<span class=\"bl-inline-block\">\n\t\t\t<strong>Newsletter<\/strong>\t\t<\/span>\n\t<\/a>\n<\/div>\n\n\n\n<div class=\"wp-block-ufr-button\"> \n\t<a href=\"https:\/\/uni-freiburg.de\/humanities\/wp-content\/uploads\/sites\/80\/GSH_Flyer_DEEN-2024-online-1.pdf\"\n\t\t\t\taria-label=\"\"\n\t\tclass=\"\n\t\tbl-text-[1.25rem] bl-leading-[1.5625rem] bl-px-[32px] bl-py-[9px] bl-border-[3px] bl-gap-[10px] !bl-decoration-[3px] !bl-underline-offset-[6px] focus-visible:bl-outline-offset-[7px]\t\tbl-no-underline hover:bl-underline bl-font-medium\n\t\t\n\t\tfocus-visible:bl-outline-dotted focus-visible:bl-outline-2 bl-border-identity-black bl-text-identity-black\n\t   hover:bl-bg-identity-blue-80 hover:bl-border-identity-blue-80 hover:bl-text-pure-white\n\t   active:bl-bg-identity-blue active:bl-text-pure-white active:bl-border-identity-blue\n\t   !bl-outline-identity-black dark:bl-text-pure-white dark:!bl-border-pure-white\n\t\tdark:hover:bl-text-identity-black dark:hover:bl-bg-identity-yellow-40 dark:hover:!bl-border-identity-yellow-40\n\t\tdark:active:bl-text-identity-black dark:active:bl-bg-identity-yellow dark:active:!bl-border-identity-yellow\n\t\tdark:!bl-outline-pure-white\t\tbl-inline-flex bl-flex-row bl-items-center motion-safe:bl-transition-colors\n\t\tmotion-safe:bl-duration-[400ms] justify-center bl-hyphens-auto\n\t\t\">\n\t\t<svg width=\"100%\" viewBox=\"0 0 70 70\" fill=\"none\" xmlns=\"http:\/\/www.w3.org\/2000\/svg\"\n\taria-label=\"plus\" class=\"bl-w-[17px] bl-h-[20px] -bl-ml-[12px]\" role=\"img\">\n\t<title>plus<\/title>\n<path d=\"M43.5 26.5V0H26.5V26.5H0V43.5H26.5V70H43.5V43.5H70V26.5H43.5Z\" fill=\"currentColor\"\/>\n<\/svg>\n\t\t<span class=\"bl-inline-block\">\n\t\t\tInfoflyer der GSH\t\t<\/span>\n\t<\/a>\n<\/div>\n\n<\/div>\n\n\n\n\n<p><br><\/p>\n\n\n\n<h2 class=\"wp-block-heading\">Neuigkeiten<\/h2>\n\n\n\n<div class=\"wp-block-columns is-layout-flex wp-container-core-columns-is-layout-28f84493 wp-block-columns-is-layout-flex\">\n<div class=\"wp-block-column is-layout-flow wp-block-column-is-layout-flow\" style=\"flex-basis:100%\">\n<div class=\"wp-block-group is-layout-flex wp-block-group-is-layout-flex\">\n<div class=\"wp-block-columns is-layout-flex wp-container-core-columns-is-layout-28f84493 wp-block-columns-is-layout-flex\">\n<div class=\"wp-block-column is-layout-flow wp-block-column-is-layout-flow\" style=\"flex-basis:100%\">\n<div class=\"wp-block-group has-global-padding is-layout-constrained wp-block-group-is-layout-constrained\">\n<div class=\"wp-block-columns alignfull is-layout-flex wp-container-core-columns-is-layout-28f84493 wp-block-columns-is-layout-flex\">\n<div class=\"wp-block-column is-layout-flow wp-block-column-is-layout-flow\" style=\"flex-basis:50%\">\n\t<a class=\"bl-@container\/teaser-news bl-bg-identity-teal bl-text-pure-white dark:bl-bg-identity-teal dark:bl-text-pure-white bl-group hover:bl-shadow-[8px_8px_15px_rgba(0,0,0,0.25)] bl-transition-[color,background-color,border-color,text-decoration-color,fill,stroke,box-shadow] bl-duration-[400ms] hover:bl-text-pure-white active:bl-text-pure-white hover:dark:bl-text-pure-white active:dark:bl-text-pure-white\n\t\t\tbl-block bl-relative bl-self-stretch !bl-outline-2 focus-visible:!bl-outline-dotted !bl-outline-offset-4\n\t\t\tbl-min-w-full md:bl-min-w-[670px] xl:bl-min-w-[320px] !bl-no-underline hover:!bl-no-underline wp-block-ufr-teaser-news wp-container-content-f67f277b\"\thref=\"https:\/\/uni-freiburg.de\/humanities\/beispiel-newsbeitrag\/\"\n\t >\n\n\t<div class=\"bl-flex bl-flex-col bl-h-full @lg\/teaser-news:!bl-flex-row\">\n\t\t\t\t\t<div\n\t\t\t\tclass=\"bl-w-full bl-object-cover bl-aspect-[3\/2] @lg\/teaser-news:bl-min-w-[50%] @lg\/teaser-news:bl-w-[50%] @lg\/teaser-news:bl-max-w-[774px]\"\n\t\t\t>\n\t\t\t\t<svg viewBox=\"0 0 172 151\" fill=\"none\" xmlns=\"http:\/\/www.w3.org\/2000\/svg\"\n\t\t\t\t\taria-label=\"fallback image\" role=\"img\"\n\t\t\t\t\tclass=\"bl-w-full bl-aspect-[3\/2]\">\n\t\t\t\t\t<title>fallback image<\/title>\n\t\t\t\t\t<path id=\"Pfad 5\" d=\"M139.037 53.9457V53.6654C139.017 35.8483 124.509 21.4143 106.621 21.4143C88.7333 21.4143 74.2245 35.8483 74.2245 53.6654V53.9457C56.3366 53.9457 41.8281 68.3996 41.8281 86.2169C41.8281 104.034 56.3366 118.469 74.2245 118.469V118.749C74.2245 136.566 88.733 151 106.621 151C124.509 151 139.017 136.566 139.017 118.749V118.469C156.904 118.469 171.414 104.035 171.414 86.2175C171.414 68.4004 156.905 53.9659 139.017 53.9659M106.599 86.4972V85.9366H106.64V86.4972H106.599Z\" fill=\"#F5C2ED\"\/>\n\t\t\t\t\t<path id=\"Pfad 745\" d=\"M58.6736 58.2393C89.7601 58.1654 115.236 32.6778 115.496 1.36851V1H115.124C84.5944 1 59.4696 25.5469 58.2479 56.028C57.0258 25.5469 31.9012 1 1.37147 1H1V1.36974C1.25929 32.6788 26.7355 58.1656 57.822 58.2393C26.7355 58.3315 1.25929 83.7998 1 115.11V115.48H1.37147C31.9024 115.48 57.027 90.9329 58.2489 60.4518C59.4696 90.9502 84.5944 115.479 115.125 115.497H115.497V115.127C115.238 83.8168 89.7613 58.3485 58.6749 58.2563L58.6736 58.2393Z\" stroke=\"#FFE863\"\/>\n\t\t\t\t\t<path id=\"Ellipse 83\" d=\"M58.692 74.6683C68.0057 74.6683 75.5559 67.3168 75.5559 58.2482C75.5559 49.1797 68.0057 41.8281 58.692 41.8281C49.3783 41.8281 41.8281 49.1797 41.8281 58.2482C41.8281 67.3168 49.3783 74.6683 58.692 74.6683Z\" fill=\"#344A9A\"\/>\n\t\t\t\t<\/svg>\n\t\t\t<\/div>\n\t\t\n\t\t<div\n\t\t\tclass=\"bl-flex-grow bl-flex bl-flex-col bl-h-full bl-justify-between bl-px-[25px] bl-py-[20px]\n\t\t\t\t\t\tmd:bl-px-[45px] md:bl-py-[40px]\n\t\t\t\t\t\txl:bl-px-[55px] xl:bl-py-[50px] [overflow-wrap:anywhere]\"\n\t\t>\n\t\t\t<div>\n\t\t\t\t\t\t\t\t\t<div\n\t\t\t\t\t\taria-hidden=\"true\"\n\t\t\t\t\t\tclass=\"bl-float-right rtl:bl-float-left bl-absolute @lg\/teaser-news:!bl-static\n\t\t\t\t\t\t\t\tbl-bg-pure-white\n\t\t\t\t\t\t\t\tbl-top-0\n\t\t\t\t\t\t\t\t@lg\/teaser-news:-bl-mt-[50px]\n\t\t\t\t\t\t\t\tbl-w-[35px] bl-h-[40px]\n\t\t\t\t\t\t\t\tbl-right-[20px] xl:bl-right-[35px] @lg\/teaser-news:xl:!-bl-me-[15px]\n\t\t\t\t\t\t\t\tmd:bl-w-[45px] md:bl-h-[50px]\n\t\t\t\t\t\t\t\txl:bl-w-[85px] xl:bl-h-[100px]\n\t\t\t\t\t\t\t\tbl-rounded-b-full\n\t\t\t\t\t\t\t\tbl-ms-1.5 bl-mb-1.5\n\t\t\t\t\t\t\t\tbl-drop-shadow-[4px_4px_10px_rgba(42,_42,_42,_0.60)]\">\n\t\t\t\t\t\t<svg width=\"100%\" viewBox=\"0 0 20 19\" fill=\"none\" xmlns=\"http:\/\/www.w3.org\/2000\/svg\"\n\taria-label=\"\" class=\"bl-text-identity-darkblue bl-w-[20px] xl:bl-w-[45px] bl-mx-auto bl-mt-[7px] md:bl-mt-[11px] xl:bl-mt-[20px]\">\n\t<title><\/title>\n\t<path d=\"M18.75 0.67334C19.4141 0.67334 20 1.25928 20 1.92334V15.6733C20 17.0796 18.8672 18.1733 17.5 18.1733H2.5C1.09375 18.1733 0 17.0796 0 15.6733V4.42334C0 3.75928 0.546875 3.17334 1.25 3.17334H2.5V15.0483C2.5 15.3999 2.77344 15.6733 3.125 15.6733C3.4375 15.6733 3.75 15.3999 3.75 15.0483V1.92334C3.75 1.25928 4.29688 0.67334 5 0.67334H18.75ZM10.625 15.6733C10.9375 15.6733 11.25 15.3999 11.25 15.0483C11.25 14.7358 10.9375 14.4233 10.625 14.4233H6.875C6.52344 14.4233 6.25 14.7358 6.25 15.0483C6.25 15.3999 6.52344 15.6733 6.875 15.6733H10.625ZM10.625 11.9233C10.9375 11.9233 11.25 11.6499 11.25 11.2983C11.25 10.9858 10.9375 10.6733 10.625 10.6733H6.875C6.52344 10.6733 6.25 10.9858 6.25 11.2983C6.25 11.6499 6.52344 11.9233 6.875 11.9233H10.625ZM16.875 15.6733C17.1875 15.6733 17.5 15.3999 17.5 15.0483C17.5 14.7358 17.1875 14.4233 16.875 14.4233H13.125C12.7734 14.4233 12.5 14.7358 12.5 15.0483C12.5 15.3999 12.7734 15.6733 13.125 15.6733H16.875ZM16.875 11.9233C17.1875 11.9233 17.5 11.6499 17.5 11.2983C17.5 10.9858 17.1875 10.6733 16.875 10.6733H13.125C12.7734 10.6733 12.5 10.9858 12.5 11.2983C12.5 11.6499 12.7734 11.9233 13.125 11.9233H16.875ZM17.5 7.54834V3.79834C17.5 3.48584 17.1875 3.17334 16.875 3.17334H6.875C6.52344 3.17334 6.25 3.48584 6.25 3.79834V7.54834C6.25 7.8999 6.52344 8.17334 6.875 8.17334H16.875C17.1875 8.17334 17.5 7.8999 17.5 7.54834Z\" fill=\"currentColor\"\/>\n<\/svg>\n\t\t\t\t\t<\/div>\n\t\t\t\t\t\t\t\t\t\t\t\t\t<p\n\t\t\t\t\tclass=\"bl-mt-0 bl-font-medium bl-text-inherit dark:bl-text-inherit\n\t\t\t\t\t\t\t\tbl-text-[1rem] bl-leading-[1.375rem]\n\t\t\t\t\t\t\t\tmd:bl-text-[1.125rem] md:bl-leading-[1.375rem]\n\t\t\t\t\t\t\t\txl:bl-text-[1.375rem] xl:bl-leading-[2.0625rem]\n\t\t\t\t\t\t\t\tbl-mb-4 xl:bl-mb-3\"\n\t\t\t\t>\n\t\t\t\t\tGemeinsam forschen\t\t\t\t<\/p>\n\t\t\t\t\t\t\t\t\t\t\t\t<p\n\t\t\t\t\tclass=\"bl-font-medium bl-text-inherit dark:bl-text-inherit\n\t\t\t\t\t\tbl-text-[1.125rem] bl-leading-[1.5625rem]\n\t\t\t\t\t\tmd:bl-text-[1.25rem] md:bl-leading-[1.5625rem]\n\t\t\t\t\t\txl:bl-text-[1.5625rem] xl:bl-leading-[2.1875rem]\n\t\t\t\t\t\tbl-m-0 bl-mb-4 xl:bl-mb-5\"\n\t\t\t\t>\n\t\t\t\t\tAG-Mitglieder gesucht! \t\t\t\t<\/p>\n\t\t\t\t\t\t\t\t\t\t\t\t<p\n\t\t\t\t\tclass=\"bl-font-book bl-text-inherit dark:bl-text-inherit\n\t\t\t\t\t\tbl-text-[1rem] bl-leading-[1.375rem]\n\t\t\t\t\t\tmd:bl-text-[1.125rem] md:bl-leading-[1.375rem]\n\t\t\t\t\t\txl:bl-text-[1.375rem] xl:bl-leading-[2.0625rem]\n\t\t\t\t\t\tbl-m-0\"\n\t\t\t\t>\n\t\t\t\t\tDu promovierst in Geistes-, Sozial- oder Kulturwissenschaften und h\u00e4ttest Lust, Dich in einer Arbeitsgruppe \u00fcber Dein Projekt auszutauschen? \t\t\t\t<\/p>\n\t\t\t\t\t\t\t<\/div>\n\t\t\t<div>\n\t\t\t\t\t\t\t<div\n\t\t\t\t\tclass=\"bl-cursor-pointer bl-float-left rtl:bl-float-right bl-text-center bl-mt-[20px] xl:bl-mt-[30px]\n\t\t\t\t\t\tbl-inline-block bl-font-medium bl-text-[1.125rem] xl:bl-text-[1.25rem] bl-leading-[1.5625rem] bl-no-underline hover:bl-underline bl-decoration-[2px] bl-transition-colors bl-duration-[400ms] bl-px-[26px] xl:bl-px-[32px] bl-py-[7.5px] xl:bl-py-[12.5px] focus-visible:bl-outline-dotted focus-visible:bl-outline-2 bl-outline-offset-[6px] xl:bl-outline-offset-[7px] bl-hyphens-manual\t\t\t\t\t\tbl-bg-pure-white bl-text-identity-black hover:bl-text-identity-black hover:bl-bg-identity-yellow-40 active:bl-bg-identity-yellow !bl-outline-pure-white\t\t\t\t\t\tdark:bl-bg-pure-white dark:bl-text-identity-black dark:hover:bl-text-identity-black dark:hover:bl-bg-identity-yellow-40 dark:active:bl-bg-identity-yellow dark:!bl-outline-pure-white\">\n\t\t\t\t\tMehr erfahren\t\t\t\t<\/div>\n\t\t\t\t\t\t\t<\/div>\n\t\t<\/div>\n\t<\/div>\n\n<\/a>\n<\/div>\n<\/div>\n\n\n\n<h2 class=\"wp-block-heading\">Workshop: Navigating Generative AI: Responsible and Critical Use in Academic Writing for PhD students<\/h2>\n\n\n\n<p>22.01.2026 | 9:00\u201316:00 Uhr | Dr. Erkan T\u00fcmkaya<\/p>\n\n\n\n<p>This workshop is designed to empower PhD students to navigate the evolving landscape of AI technologies in academia. Through interactive sessions, participants will critically explore the impact of generative AI (GenAI) on academic writing, learning, and critical thinking. The workshop emphasizes responsible AI use as a supportive tool, not a replacement for intellectual processes, while addressing ethical concerns, biases, and limitations. Participants will engage in hands-on activities, reflections, and discussions to enhance their AI writing skills and develop strategies for integrating AI responsibly into their academic work. <strong>The workshop will take place with 12-16 participants.<\/strong> <\/p>\n\n\n\n<p><strong>Anmeldung per Mail an <\/strong><a href=\"mailto:robert.krause@germanistik.uni-freiburg.de\"><strong>robert.krause@germanistik.uni-freiburg.de<\/strong><\/a><strong>&nbsp;<\/strong><\/p>\n<\/div>\n<\/div>\n<\/div>\n<\/div>\n<\/div>\n<\/div>\n\n\n\n<h2 class=\"wp-block-heading\">Impressionen <\/h2>\n\n\n\n<figure class=\"wp-block-image size-large\"><img loading=\"lazy\" decoding=\"async\" width=\"1024\" height=\"768\" src=\"https:\/\/uni-freiburg.de\/humanities\/wp-content\/uploads\/sites\/80\/Treffen-AG-Erinnerung-Frankfurt-1024x768.jpeg\" alt=\"\" class=\"wp-image-636\" srcset=\"https:\/\/uni-freiburg.de\/humanities\/wp-content\/uploads\/sites\/80\/Treffen-AG-Erinnerung-Frankfurt-1024x768.jpeg 1024w, https:\/\/uni-freiburg.de\/humanities\/wp-content\/uploads\/sites\/80\/Treffen-AG-Erinnerung-Frankfurt-300x225.jpeg 300w, https:\/\/uni-freiburg.de\/humanities\/wp-content\/uploads\/sites\/80\/Treffen-AG-Erinnerung-Frankfurt-768x576.jpeg 768w, https:\/\/uni-freiburg.de\/humanities\/wp-content\/uploads\/sites\/80\/Treffen-AG-Erinnerung-Frankfurt-1536x1152.jpeg 1536w, https:\/\/uni-freiburg.de\/humanities\/wp-content\/uploads\/sites\/80\/Treffen-AG-Erinnerung-Frankfurt.jpeg 1600w\" sizes=\"auto, (max-width: 1024px) 100vw, 1024px\" \/><figcaption class=\"wp-element-caption\"><br>Die AG Erinnerung der GSH ist am 6.\/7. Februar 2025 nach Frankfurt gereist, um dort die Frankfurt Memory Studies Platform der Goethe-Universit\u00e4t (Leitung: Astrid Erll und Hanna Teichler) zu treffen. Der Austausch war sehr produktiv und soll in der Zukunft fortgesetzt werden. <\/figcaption><\/figure>\n\n\n\n<h2 class=\"wp-block-heading\"><\/h2>\n\n\n\n<p><\/p>\n","protected":false},"excerpt":{"rendered":"<p>Herzlich willkommen! Die Graduiertenschule Humanities (GSH) der Universit\u00e4t Freiburg m\u00f6chte Promovierende der geistes-, sozial- und kulturwissenschaftlichen F\u00e4cher (Philologische, Philosophische und Theologische Fakult\u00e4t) auf ihrem Weg zum erfolgreichen Promotionsabschluss unterst\u00fctzen. Hierf\u00fcr bietet die Graduiertenschule Beratung, Arbeitspl\u00e4tze und verschiedene M\u00f6glichkeiten der zus\u00e4tzlichen Qualifizierung, der Vernetzung und des gemeinsamen Wirkens an den Promotionsprojekten. Innerhalb dieses unterst\u00fctzenden Umfelds basiert<\/p>\n","protected":false},"author":135,"featured_media":0,"parent":0,"menu_order":0,"comment_status":"closed","ping_status":"closed","template":"","meta":{"_trash_the_other_posts":false,"editor_notices":[],"footnotes":""},"class_list":["post-167","page","type-page","status-publish","hentry"],"_links":{"self":[{"href":"https:\/\/uni-freiburg.de\/humanities\/wp-json\/wp\/v2\/pages\/167","targetHints":{"allow":["GET"]}}],"collection":[{"href":"https:\/\/uni-freiburg.de\/humanities\/wp-json\/wp\/v2\/pages"}],"about":[{"href":"https:\/\/uni-freiburg.de\/humanities\/wp-json\/wp\/v2\/types\/page"}],"author":[{"embeddable":true,"href":"https:\/\/uni-freiburg.de\/humanities\/wp-json\/wp\/v2\/users\/135"}],"replies":[{"embeddable":true,"href":"https:\/\/uni-freiburg.de\/humanities\/wp-json\/wp\/v2\/comments?post=167"}],"version-history":[{"count":30,"href":"https:\/\/uni-freiburg.de\/humanities\/wp-json\/wp\/v2\/pages\/167\/revisions"}],"predecessor-version":[{"id":833,"href":"https:\/\/uni-freiburg.de\/humanities\/wp-json\/wp\/v2\/pages\/167\/revisions\/833"}],"wp:attachment":[{"href":"https:\/\/uni-freiburg.de\/humanities\/wp-json\/wp\/v2\/media?parent=167"}],"curies":[{"name":"wp","href":"https:\/\/api.w.org\/{rel}","templated":true}]}}