{"id":1015,"date":"2025-11-10T15:41:36","date_gmt":"2025-11-10T14:41:36","guid":{"rendered":"https:\/\/uni-freiburg.de\/mathphys\/?page_id=1015"},"modified":"2025-11-10T15:41:36","modified_gmt":"2025-11-10T14:41:36","slug":"impressum","status":"publish","type":"page","link":"https:\/\/uni-freiburg.de\/mathphys\/impressum\/","title":{"rendered":"Impressum"},"content":{"rendered":"\n<p>Albert-Ludwigs-Universit\u00e4t Freiburg<br>Friedrichstra\u00dfe 39<br>79098 Freiburg<\/p>\n\n\n\n<h2 class=\"wp-block-heading\">Kontakt<\/h2>\n\n\n\n<p>Prof. Dr. Annette Huber-Klawitter<br>Dekanin<\/p>\n\n\n\n<p>Albert-Ludwigs-Universit\u00e4t Freiburg&nbsp;<br>Fakult\u00e4t f\u00fcr Mathematik und Physik<br>Ernst-Zermelo-Stra\u00dfe 1<br>79104 Freiburg<br>Tel: +49 761 203-5534<br>E-Mail:&nbsp;dekanat@mathphys.uni-freiburg.de<br><\/p>\n\n\n\n<h2 class=\"wp-block-heading\">Rechtsform und gesetzliche Vertretung<\/h2>\n\n\n\n<p>Die Universit\u00e4t Freiburg ist eine K\u00f6rperschaft des \u00d6ffentlichen Rechts.<br>Sie wird durch die <a href=\"https:\/\/uni-freiburg.de\/universitaet\/governance\/rektorat\/rektorin\/\">Rektorin Prof. Dr. Kerstin Krieglstein<\/a> gesetzlich vertreten.<\/p>\n\n\n\n<h2 class=\"wp-block-heading\">Zust\u00e4ndige Aufsichtsbeh\u00f6rde<\/h2>\n\n\n\n<p><a href=\"https:\/\/mwk.baden-wuerttemberg.de\/\" target=\"_blank\" rel=\"noreferrer noopener\">Ministerium f\u00fcr Wissenschaft, Forschung und Kunst Baden-W\u00fcrttemberg<\/a><br>K\u00f6nigstra\u00dfe 46, 70173 Stuttgart<\/p>\n\n\n\n<h2 class=\"wp-block-heading\">Umsatzsteuer-ID-Nummer<\/h2>\n\n\n\n<p>DE 142116817<\/p>\n\n\n\n<h2 class=\"wp-block-heading\">EORI-Nummer<\/h2>\n\n\n\n<p>DE1112988<\/p>\n\n\n\n<h2 class=\"wp-block-heading\">Inhaltliche Verantwortlichkeit<\/h2>\n\n\n\n<p>F\u00fcr die zentralen Seiten der Universit\u00e4t ist inhaltlich Verantwortliche:<br><br>Rimma Gerenstein<br>Kommunikationsleiterin und Pressesprecherin<br>Abteilung Hochschul- und Wissenschaftskommunikation<br><a href=\"mailto:rimma.gerenstein@zv.uni-freiburg.de\">rimma.gerenstein@zv.uni-freiburg.de<\/a><br>Telefon: +49 761 203-8812<\/p>\n\n\n\n<p>F\u00fcr alle anderen Internetseiten (z.B. der Fakult\u00e4ten, Institute, Seminare oder Verwaltungsstellen) liegt die inhaltliche Verantwortung bei den Stellen (oder Personen), die die Seiten erstellt oder ver\u00f6ffentlicht haben. Falls Sie Fragen zu einem dieser Internetangebote haben, wenden Sie sich bitte an die jeweils angegebene Stelle oder Person.<\/p>\n\n\n\n<p>F\u00fcr den Inhalt dieser Seite ist verantwortlich:<\/p>\n\n\n\n<p>Prof. Dr. Annette Huber-Klawitter<br>Dekanin<\/p>\n\n\n\n<p>Albert-Ludwigs-Universit\u00e4t Freiburg&nbsp;<br>Fakult\u00e4t f\u00fcr Mathematik und Physik<br>Ernst-Zermelo-Stra\u00dfe 1<br>79104 Freiburg<br>Tel: +49 761 203-5534<br>E-Mail:&nbsp;dekanat@mathphys.uni-freiburg.de<\/p>\n\n\n\n<h2 class=\"wp-block-heading\">Allgemeine Bankverbindung Universit\u00e4t Freiburg<\/h2>\n\n\n\n<p>Kontoinhaber: Albert-Ludwigs-Universit\u00e4t<br>IBAN-Nr.: DE47 6005 0101 7438 5009 55<br>BIC\/SWIFT: SOLADEST600<\/p>\n\n\n\n<h2 class=\"wp-block-heading\">Bankverbindung f\u00fcr die R\u00fcckmeldung von Studierenden an der Universit\u00e4t Freiburg<\/h2>\n\n\n\n<p>Kontoinhaber: Albert-Ludwigs-Universit\u00e4t<br>IBAN-Nr.: DE71 6005 0101 7438 5087 68<br>BIC\/SWIFT: SOLADEST600<\/p>\n\n\n\n<h2 class=\"wp-block-heading\">Urheberrecht<\/h2>\n\n\n\n<h3 class=\"wp-block-heading\">Copyright-Hinweise zu Fotos und Graphiken<\/h3>\n\n\n\n<p>Angaben zum Copyright der verwendeten Fotos und Graphiken finden Sie auf jeder Seite im Bereich \u201cMediennachweise\u201d.<\/p>\n\n\n\n<h3 class=\"wp-block-heading\">Haftungsausschluss bei eigenen Inhalten<\/h3>\n\n\n\n<p>Die Inhalte dieser Website werden mit gr\u00f6\u00dftm\u00f6glicher Sorgfalt recherchiert und implementiert. Fehler im Bearbeitungsvorgang sind dennoch nicht auszuschlie\u00dfen. Hinweise und Korrekturen senden Sie bitte an <a href=\"mailto:webmaster@uni-freiburg.de\">webseiten@uni-freiburg.de<\/a>.<br>Eine Haftung f\u00fcr die Richtigkeit, Vollst\u00e4ndigkeit und Aktualit\u00e4t dieser Webseiten kann trotz sorgf\u00e4ltiger Pr\u00fcfung nicht \u00fcbernommen werden. Die Universit\u00e4t Freiburg \u00fcbernimmt insbesondere keinerlei Haftung, f\u00fcr eventuelle Sch\u00e4den oder Konsequenzen, die durch die direkte oder indirekte Nutzung der angebotenen Inhalte entstehen.<\/p>\n\n\n\n<h3 class=\"wp-block-heading\">Haftungsausschluss bei Querverweisen und Links<\/h3>\n\n\n\n<p>Die Universit\u00e4t Freiburg ist als Inhaltsanbieter f\u00fcr die eigenen Inhalte, die es zur Nutzung bereith\u00e4lt, nach den allgemeinen Gesetzen verantwortlich. Von diesen eigenen Inhalten sind Querverweise auf die von anderen Anbietern bereitgehaltenen Inhalte zu unterscheiden. Diese fremden Inhalte stammen weder von der Universit\u00e4t Freiburg, noch hat die Universit\u00e4t Freiburg die M\u00f6glichkeit, den Inhalt von Seiten Dritter zu beeinflussen. Die Inhalte fremder Seiten, auf die die Universit\u00e4t Freiburg mittels Links hinweist, spiegeln nicht die Meinung der Universit\u00e4t Freiburg wider, sondern dienen lediglich der Information und der Darstellung von Zusammenh\u00e4ngen.<br>Diese Feststellungen gelten f\u00fcr alle innerhalb des eigenen Internetangebotes gesetzten Links und Verweise sowie f\u00fcr Fremdeintr\u00e4ge in von der Universit\u00e4t Freiburg eingerichteten G\u00e4steb\u00fcchern, Diskussionsforen und Mailinglisten. F\u00fcr illegale, fehlerhafte oder unvollst\u00e4ndige Inhalte und insbesondere f\u00fcr Sch\u00e4den, die aus der Nutzung oder Nichtnutzung solcherart dargebotener Informationen entstehen, haftet allein der Anbieter der Seite, auf welche verwiesen wurde.<\/p>\n","protected":false},"excerpt":{"rendered":"<p>Albert-Ludwigs-Universit\u00e4t FreiburgFriedrichstra\u00dfe 3979098 Freiburg Kontakt Prof. Dr. Annette Huber-KlawitterDekanin Albert-Ludwigs-Universit\u00e4t Freiburg&nbsp;Fakult\u00e4t f\u00fcr Mathematik und PhysikErnst-Zermelo-Stra\u00dfe 179104 FreiburgTel: +49 761 203-5534E-Mail:&nbsp;dekanat@mathphys.uni-freiburg.de Rechtsform und gesetzliche Vertretung Die Universit\u00e4t Freiburg ist eine K\u00f6rperschaft des \u00d6ffentlichen Rechts.Sie wird durch die Rektorin Prof. Dr. Kerstin Krieglstein gesetzlich vertreten. Zust\u00e4ndige Aufsichtsbeh\u00f6rde Ministerium f\u00fcr Wissenschaft, Forschung und Kunst Baden-W\u00fcrttembergK\u00f6nigstra\u00dfe 46, 70173 Stuttgart<\/p>\n","protected":false},"author":221,"featured_media":0,"parent":0,"menu_order":0,"comment_status":"closed","ping_status":"closed","template":"","meta":{"_trash_the_other_posts":false,"editor_notices":[],"footnotes":""},"class_list":["post-1015","page","type-page","status-publish","hentry"],"_links":{"self":[{"href":"https:\/\/uni-freiburg.de\/mathphys\/wp-json\/wp\/v2\/pages\/1015","targetHints":{"allow":["GET"]}}],"collection":[{"href":"https:\/\/uni-freiburg.de\/mathphys\/wp-json\/wp\/v2\/pages"}],"about":[{"href":"https:\/\/uni-freiburg.de\/mathphys\/wp-json\/wp\/v2\/types\/page"}],"author":[{"embeddable":true,"href":"https:\/\/uni-freiburg.de\/mathphys\/wp-json\/wp\/v2\/users\/221"}],"replies":[{"embeddable":true,"href":"https:\/\/uni-freiburg.de\/mathphys\/wp-json\/wp\/v2\/comments?post=1015"}],"version-history":[{"count":4,"href":"https:\/\/uni-freiburg.de\/mathphys\/wp-json\/wp\/v2\/pages\/1015\/revisions"}],"predecessor-version":[{"id":1019,"href":"https:\/\/uni-freiburg.de\/mathphys\/wp-json\/wp\/v2\/pages\/1015\/revisions\/1019"}],"wp:attachment":[{"href":"https:\/\/uni-freiburg.de\/mathphys\/wp-json\/wp\/v2\/media?parent=1015"}],"curies":[{"name":"wp","href":"https:\/\/api.w.org\/{rel}","templated":true}]}}