{"id":2106,"date":"2025-06-03T08:45:37","date_gmt":"2025-06-03T06:45:37","guid":{"rendered":"https:\/\/uni-freiburg.de\/pe\/?page_id=2106"},"modified":"2026-02-25T13:23:08","modified_gmt":"2026-02-25T12:23:08","slug":"personalentwicklung","status":"publish","type":"page","link":"https:\/\/uni-freiburg.de\/pe\/startseite\/personalentwicklung\/","title":{"rendered":"Personalentwicklung"},"content":{"rendered":"\n<div class=\"[&amp;amp;&amp;gt;*]:bl-relative last:[&amp;amp;&amp;gt;*.bl-absolute]:bl-absolute\n\t\t\t[&amp;amp;&amp;gt;*]:bl-z-20 last:[&amp;amp;&amp;gt;*]:bl-z-10 bl-relative bl-overflow-x-clip\n\t\t\t[.wp-block-ufr-section_&amp;amp;]:bl-overflow-x-visible\n\t\t\tbl-bg-identity-lightblue bl-text-identity-black dark:bl-bg-identity-lightblue dark:bl-text-identity-black bl-py-[24px] alignfull wp-block-ufr-section has-global-padding is-layout-constrained wp-block-ufr-section-is-layout-constrained\">\n\n\t\n\n<div class=\"wp-block-media-text is-stacked-on-mobile is-vertically-aligned-top\" style=\"grid-template-columns:25% auto\"><figure class=\"wp-block-media-text__media\"><img loading=\"lazy\" decoding=\"async\" width=\"886\" height=\"1024\" src=\"https:\/\/uni-freiburg.de\/pe\/wp-content\/uploads\/sites\/28\/Wappen2-3-886x1024.png\" alt=\"\" class=\"wp-image-2534 size-full\" srcset=\"https:\/\/uni-freiburg.de\/pe\/wp-content\/uploads\/sites\/28\/Wappen2-3-886x1024.png 886w, https:\/\/uni-freiburg.de\/pe\/wp-content\/uploads\/sites\/28\/Wappen2-3-260x300.png 260w, https:\/\/uni-freiburg.de\/pe\/wp-content\/uploads\/sites\/28\/Wappen2-3-768x887.png 768w, https:\/\/uni-freiburg.de\/pe\/wp-content\/uploads\/sites\/28\/Wappen2-3.png 1055w\" sizes=\"auto, (max-width: 886px) 100vw, 886px\" \/><\/figure><div class=\"wp-block-media-text__content\">\n<h2 class=\"wp-block-heading\">Jahresgespr\u00e4che f\u00fchren<\/h2>\n\n\n\n<p>Das Jahresgespr\u00e4ch bietet Ihnen die wertvolle Gelegenheit, Ihre beruflichen Ziele, Vorstellungen und W\u00fcnsche klar zu formulieren. Nutzen Sie dieses Gespr\u00e4ch, um mehr \u00fcber sich selbst zu erfahren, zu verstehen, welche Erwartungen Ihre F\u00fchrungskraft hat, und um Ihre eigenen F\u00e4higkeiten weiter zu entwickeln.<\/p>\n\n\n\n<p>F\u00fchlen Sie sich ermutigt, diese Chance wahrzunehmen und das Gespr\u00e4ch aktiv zu gestalten. Und denken Sie daran: Sie haben jederzeit die M\u00f6glichkeit, ein solches Gespr\u00e4ch einzufordern. Gemeinsam lassen sich dabei L\u00f6sungen finden, die nicht nur Ihre Zufriedenheit steigern, sondern auch die Effizienz und Motivation beider Seiten erh\u00f6hen.<\/p>\n\n\n\n<div class=\"is-layout-flex wp-block-ufr-buttons-is-layout-flex\">\n\t\n\n<div class=\"wp-block-ufr-button\"> \n\t<a href=\"https:\/\/intranet.uni-freiburg.de\/sazs\/gespraechemit\"\n\t\ttarget=\"_blank\" rel=\"noopener noreferrer\"\t\taria-label=\"\"\n\t\tclass=\"\n\t\tbl-text-[1.125rem] bl-leading-[1.5625rem] bl-px-[26px] bl-py-[7px] bl-border-[2px] bl-gap-[8px] !bl-decoration-2 !bl-underline-offset-[5px] focus-visible:bl-outline-offset-[6px]\t\tbl-no-underline hover:bl-underline bl-font-medium\n\t\t\n\t\tfocus-visible:bl-outline-dotted focus-visible:bl-outline-2 bl-border-identity-black bl-text-identity-black\n\t   hover:bl-bg-identity-blue-80 hover:bl-border-identity-blue-80 hover:bl-text-pure-white\n\t   active:bl-bg-identity-blue active:bl-text-pure-white active:bl-border-identity-blue\n\t   !bl-outline-identity-black dark:!bl-border-identity-black dark:bl-text-identity-black\n\t\tdark:hover:bl-bg-identity-blue-80 dark:hover:!bl-border-identity-blue-80 dark:hover:bl-text-pure-white\n\t\tdark:active:bl-bg-identity-blue dark:active:bl-text-pure-white dark:active:!bl-border-identity-blue\n\t\tdark:!bl-outline-identity-black\t\tbl-inline-flex bl-flex-row bl-items-center motion-safe:bl-transition-colors\n\t\tmotion-safe:bl-duration-[400ms] justify-center bl-hyphens-auto\n\t\t\">\n\t\t<svg width=\"100%\" viewBox=\"0 0 35 50\" fill=\"none\" xmlns=\"http:\/\/www.w3.org\/2000\/svg\"\n\taria-label=\"chevron-right\" class=\"bl-w-[17px] bl-h-[20px] -bl-ml-[10px]\" role=\"img\">\n\t<title>chevron-right<\/title>\n\t<path d=\"M5.00012 5L25.6062 25.0002L5.00012 45\" stroke=\"currentColor\" stroke-width=\"12\" \/>\n<\/svg>\n\t\t<span class=\"bl-inline-block\">\n\t\t\tJahresgespr\u00e4che im Intranet\t\t<\/span>\n\t<\/a>\n<\/div>\n\n\n\n\n\n<div class=\"wp-block-ufr-button\"> \n\t<a href=\"https:\/\/uni-freiburg.de\/pe\/startseite\/jahresgesprache-neuausrichtung\/\"\n\t\ttarget=\"_blank\" rel=\"noopener noreferrer\"\t\taria-label=\"\"\n\t\tclass=\"\n\t\tbl-text-[1.125rem] bl-leading-[1.5625rem] bl-px-[26px] bl-py-[7px] bl-border-[2px] bl-gap-[8px] !bl-decoration-2 !bl-underline-offset-[5px] focus-visible:bl-outline-offset-[6px]\t\tbl-no-underline hover:bl-underline bl-font-medium\n\t\t\n\t\tfocus-visible:bl-outline-dotted focus-visible:bl-outline-2 bl-border-identity-black bl-text-identity-black\n\t   hover:bl-bg-identity-blue-80 hover:bl-border-identity-blue-80 hover:bl-text-pure-white\n\t   active:bl-bg-identity-blue active:bl-text-pure-white active:bl-border-identity-blue\n\t   !bl-outline-identity-black dark:!bl-border-identity-black dark:bl-text-identity-black\n\t\tdark:hover:bl-bg-identity-blue-80 dark:hover:!bl-border-identity-blue-80 dark:hover:bl-text-pure-white\n\t\tdark:active:bl-bg-identity-blue dark:active:bl-text-pure-white dark:active:!bl-border-identity-blue\n\t\tdark:!bl-outline-identity-black\t\tbl-inline-flex bl-flex-row bl-items-center motion-safe:bl-transition-colors\n\t\tmotion-safe:bl-duration-[400ms] justify-center bl-hyphens-auto\n\t\t\">\n\t\t<svg width=\"100%\" viewBox=\"0 0 35 50\" fill=\"none\" xmlns=\"http:\/\/www.w3.org\/2000\/svg\"\n\taria-label=\"chevron-right\" class=\"bl-w-[17px] bl-h-[20px] -bl-ml-[10px]\" role=\"img\">\n\t<title>chevron-right<\/title>\n\t<path d=\"M5.00012 5L25.6062 25.0002L5.00012 45\" stroke=\"currentColor\" stroke-width=\"12\" \/>\n<\/svg>\n\t\t<span class=\"bl-inline-block\">\n\t\t\tProjekt Neuausrichtung der Jahresgespr\u00e4che\t\t<\/span>\n\t<\/a>\n<\/div>\n\n<\/div>\n\n<\/div><\/div>\n\n\n\n<div style=\"height:25px\" aria-hidden=\"true\" class=\"wp-block-spacer\"><\/div>\n\n\t<\/div>\n\n\n\n<div style=\"height:50px\" aria-hidden=\"true\" class=\"wp-block-spacer\"><\/div>\n\n\n\n<div class=\"wp-block-group is-nowrap is-layout-flex wp-container-core-group-is-layout-6c531013 wp-block-group-is-layout-flex\">\n\t<a class=\"bl-@container\/teaser-news bl-bg-identity-lightblue bl-text-identity-black dark:bl-bg-identity-lightblue dark:bl-text-identity-black bl-group hover:bl-shadow-[8px_8px_15px_rgba(0,0,0,0.25)] bl-transition-[color,background-color,border-color,text-decoration-color,fill,stroke,box-shadow] bl-duration-[400ms] hover:bl-text-identity-black active:bl-text-identity-black hover:dark:bl-text-identity-black active:dark:bl-text-identity-black\n\t\t\tbl-block bl-relative bl-self-stretch !bl-outline-2 focus-visible:!bl-outline-dotted !bl-outline-offset-4\n\t\t\tbl-min-w-full md:bl-min-w-[670px] xl:bl-min-w-[320px] !bl-no-underline hover:!bl-no-underline wp-block-ufr-teaser-news wp-container-content-e16604df\"\thref=\"https:\/\/uni-freiburg.de\/universitaet\/verwaltung\/connected-services\/interne-hospitation\/\"\n\t\ttarget=\"_blank\"\n\t >\n\n\t<div class=\"bl-flex bl-flex-col bl-h-full @lg\/teaser-news:!bl-flex-row\">\n\t\t\t\t\t<div class=\"bl-w-full @lg\/teaser-news:bl-min-w-[50%] @lg\/teaser-news:bl-w-[50%] @2xl\/teaser-news:bl-max-w-[774px]\">\n\t\t\t\t<img decoding=\"async\" src=\"https:\/\/uni-freiburg.de\/pe\/wp-content\/uploads\/sites\/28\/Wappen2-10.png\" alt=\"\"\n\t\t\t\t\t\t\tclass=\"bl-object-cover bl-w-full bl-inline-block bl-aspect-[3\/2]\" \/>\n\t\t\t<\/div>\n\t\t\n\t\t<div\n\t\t\tclass=\"bl-flex-grow bl-flex bl-flex-col bl-h-full bl-justify-between bl-px-[25px] bl-py-[20px]\n\t\t\t\t\t\tmd:bl-px-[45px] md:bl-py-[40px]\n\t\t\t\t\t\txl:bl-px-[55px] xl:bl-py-[50px] [overflow-wrap:anywhere]\"\n\t\t>\n\t\t\t<div>\n\t\t\t\t\t\t\t\t\t\t\t\t\t\t\t\t<p\n\t\t\t\t\tclass=\"bl-font-medium bl-text-inherit dark:bl-text-inherit\n\t\t\t\t\t\tbl-text-[1.125rem] bl-leading-[1.5625rem]\n\t\t\t\t\t\tmd:bl-text-[1.25rem] md:bl-leading-[1.5625rem]\n\t\t\t\t\t\txl:bl-text-[1.5625rem] xl:bl-leading-[2.1875rem]\n\t\t\t\t\t\tbl-m-0 bl-mb-4 xl:bl-mb-5\"\n\t\t\t\t>\n\t\t\t\t\t<strong>Interne Hospitation<\/strong>\t\t\t\t<\/p>\n\t\t\t\t\t\t\t\t\t\t\t\t<p\n\t\t\t\t\tclass=\"bl-font-book bl-text-inherit dark:bl-text-inherit\n\t\t\t\t\t\tbl-text-[1rem] bl-leading-[1.375rem]\n\t\t\t\t\t\tmd:bl-text-[1.125rem] md:bl-leading-[1.375rem]\n\t\t\t\t\t\txl:bl-text-[1.375rem] xl:bl-leading-[2.0625rem]\n\t\t\t\t\t\tbl-m-0\"\n\t\t\t\t>\n\t\t\t\t\tHaben Sie Interesse daran, einmal einen anderen Arbeitsplatz innerhalb unserer Universit\u00e4t kennenzulernen oder mehr \u00fcber die Arbeitsweise und Prozesse Ihrer Kolleginnen und Kollegen zu erfahren? Dann ist unser Modell der internen Hospitation genau das Richtige f\u00fcr Sie! Frei nach dem Motto: &#8222;Voneinander lernen \u2013 besser miteinander arbeiten.&#8220;<br><br>Nutzen Sie diese Gelegenheit, um f\u00fcr Ihre eigene Arbeit frische Impulse zu erhalten und den Blick \u00fcber den eigenen Tellerrand zu wagen. Gleichzeitig haben Sie die wunderbare M\u00f6glichkeit, Ihr kollegiales Netzwerk sowohl in den zentralen als auch in den dezentralen Organisationseinheiten weiter auszubauen.\t\t\t\t<\/p>\n\t\t\t\t\t\t\t<\/div>\n\t\t\t<div>\n\t\t\t\t\t\t\t<div\n\t\t\t\t\tclass=\"bl-cursor-pointer bl-float-left rtl:bl-float-right bl-text-center bl-mt-[20px] xl:bl-mt-[30px]\n\t\t\t\t\t\tbl-inline-block bl-font-medium bl-text-[1.125rem] xl:bl-text-[1.25rem] bl-leading-[1.5625rem] bl-no-underline hover:bl-underline bl-decoration-[2px] bl-transition-colors bl-duration-[400ms] bl-px-[26px] xl:bl-px-[32px] bl-py-[7.5px] xl:bl-py-[12.5px] focus-visible:bl-outline-dotted focus-visible:bl-outline-2 bl-outline-offset-[6px] xl:bl-outline-offset-[7px] bl-hyphens-manual\t\t\t\t\t\tbl-bg-identity-black bl-text-pure-white hover:bl-text-pure-white hover:bl-bg-identity-blue-80 active:bl-bg-identity-blue !bl-outline-identity-black\t\t\t\t\t\tdark:bg-identity-black dark:bl-text-pure-white dark:hover:bl-text-pure-white dark:hover:bl-bg-identity-blue-80 dark:active:bl-bg-identity-blue dark:!bl-outline-identity-black\">\n\t\t\t\t\tMehr erfahren\t\t\t\t<\/div>\n\t\t\t\t\t\t\t<\/div>\n\t\t<\/div>\n\t<\/div>\n\n<\/a>\n\n\n\n\t<a class=\"bl-@container\/teaser-news bl-bg-identity-lightblue bl-text-identity-black dark:bl-bg-identity-darkblue dark:bl-text-pure-white bl-group hover:bl-shadow-[8px_8px_15px_rgba(0,0,0,0.25)] bl-transition-[color,background-color,border-color,text-decoration-color,fill,stroke,box-shadow] bl-duration-[400ms] hover:bl-text-identity-black active:bl-text-identity-black hover:dark:bl-text-pure-white active:dark:bl-text-pure-white\n\t\t\tbl-block bl-relative bl-self-stretch !bl-outline-2 focus-visible:!bl-outline-dotted !bl-outline-offset-4\n\t\t\tbl-min-w-full md:bl-min-w-[670px] xl:bl-min-w-[320px] !bl-no-underline hover:!bl-no-underline wp-block-ufr-teaser-news wp-container-content-e16604df\"\thref=\"https:\/\/uni-freiburg.de\/universitaet\/gleichstellung-vielfalt-und-inklusion\/familienfreundlichkeit\/\"\n\t\ttarget=\"_blank\"\n\t >\n\n\t<div class=\"bl-flex bl-flex-col bl-h-full @lg\/teaser-news:!bl-flex-row\">\n\t\t\t\t\t<div class=\"bl-w-full @lg\/teaser-news:bl-min-w-[50%] @lg\/teaser-news:bl-w-[50%] @2xl\/teaser-news:bl-max-w-[774px]\">\n\t\t\t\t<img decoding=\"async\" src=\"https:\/\/uni-freiburg.de\/pe\/wp-content\/uploads\/sites\/28\/Wappen2-6.png\" alt=\"\"\n\t\t\t\t\t\t\tclass=\"bl-object-cover bl-w-full bl-inline-block bl-aspect-[3\/2]\" \/>\n\t\t\t<\/div>\n\t\t\n\t\t<div\n\t\t\tclass=\"bl-flex-grow bl-flex bl-flex-col bl-h-full bl-justify-between bl-px-[25px] bl-py-[20px]\n\t\t\t\t\t\tmd:bl-px-[45px] md:bl-py-[40px]\n\t\t\t\t\t\txl:bl-px-[55px] xl:bl-py-[50px] [overflow-wrap:anywhere]\"\n\t\t>\n\t\t\t<div>\n\t\t\t\t\t\t\t\t\t\t\t\t\t\t\t\t<p\n\t\t\t\t\tclass=\"bl-font-medium bl-text-inherit dark:bl-text-inherit\n\t\t\t\t\t\tbl-text-[1.125rem] bl-leading-[1.5625rem]\n\t\t\t\t\t\tmd:bl-text-[1.25rem] md:bl-leading-[1.5625rem]\n\t\t\t\t\t\txl:bl-text-[1.5625rem] xl:bl-leading-[2.1875rem]\n\t\t\t\t\t\tbl-m-0 bl-mb-4 xl:bl-mb-5\"\n\t\t\t\t>\n\t\t\t\t\tFamilienfreundlichkeit\t\t\t\t<\/p>\n\t\t\t\t\t\t\t\t\t\t\t\t<p\n\t\t\t\t\tclass=\"bl-font-book bl-text-inherit dark:bl-text-inherit\n\t\t\t\t\t\tbl-text-[1rem] bl-leading-[1.375rem]\n\t\t\t\t\t\tmd:bl-text-[1.125rem] md:bl-leading-[1.375rem]\n\t\t\t\t\t\txl:bl-text-[1.375rem] xl:bl-leading-[2.0625rem]\n\t\t\t\t\t\tbl-m-0\"\n\t\t\t\t>\n\t\t\t\t\tDie Vereinbarkeit von Familie und Beruf genie\u00dft an der Universit\u00e4t Freiburg einen gro\u00dfen Stellenwert. Wir verstehen es als unsere Aufgabe, diese beiden Welten bestm\u00f6glich miteinander zu verbinden. Familienfreundlichkeit ist daher ein Leitmotiv unseres Handelns, welches das Zusammenleben an unserer Universit\u00e4t nachhaltig pr\u00e4gt. Eine familienunterst\u00fctzende Infrastruktur und Kinderbetreuungsangebote stellen dabei nur ein \u2013 wenn auch wesentliches \u2013 Element dar.<br><br>Wir unterst\u00fctzen Sie gerne und m\u00f6chten Sie ermuntern, die von der Universit\u00e4t bereitgestellten Angebote zur nutzen.\t\t\t\t<\/p>\n\t\t\t\t\t\t\t<\/div>\n\t\t\t<div>\n\t\t\t\t\t\t\t<div\n\t\t\t\t\tclass=\"bl-cursor-pointer bl-float-left rtl:bl-float-right bl-text-center bl-mt-[20px] xl:bl-mt-[30px]\n\t\t\t\t\t\tbl-inline-block bl-font-medium bl-text-[1.125rem] xl:bl-text-[1.25rem] bl-leading-[1.5625rem] bl-no-underline hover:bl-underline bl-decoration-[2px] bl-transition-colors bl-duration-[400ms] bl-px-[26px] xl:bl-px-[32px] bl-py-[7.5px] xl:bl-py-[12.5px] focus-visible:bl-outline-dotted focus-visible:bl-outline-2 bl-outline-offset-[6px] xl:bl-outline-offset-[7px] bl-hyphens-manual\t\t\t\t\t\tbl-bg-identity-black bl-text-pure-white hover:bl-text-pure-white hover:bl-bg-identity-blue-80 active:bl-bg-identity-blue !bl-outline-identity-black\t\t\t\t\t\tdark:bl-bg-pure-white dark:bl-text-identity-black dark:hover:bl-text-identity-black dark:hover:bl-bg-identity-yellow-40 dark:active:bl-bg-identity-yellow dark:!bl-outline-pure-white\">\n\t\t\t\t\tMehr erfahren\t\t\t\t<\/div>\n\t\t\t\t\t\t\t<\/div>\n\t\t<\/div>\n\t<\/div>\n\n<\/a>\n<\/div>\n\n\n\n<div style=\"height:100px\" aria-hidden=\"true\" class=\"wp-block-spacer\"><\/div>\n","protected":false},"excerpt":{"rendered":"","protected":false},"author":10,"featured_media":0,"parent":167,"menu_order":0,"comment_status":"closed","ping_status":"closed","template":"","meta":{"_trash_the_other_posts":false,"editor_notices":[],"footnotes":""},"class_list":["post-2106","page","type-page","status-publish","hentry"],"_links":{"self":[{"href":"https:\/\/uni-freiburg.de\/pe\/wp-json\/wp\/v2\/pages\/2106","targetHints":{"allow":["GET"]}}],"collection":[{"href":"https:\/\/uni-freiburg.de\/pe\/wp-json\/wp\/v2\/pages"}],"about":[{"href":"https:\/\/uni-freiburg.de\/pe\/wp-json\/wp\/v2\/types\/page"}],"author":[{"embeddable":true,"href":"https:\/\/uni-freiburg.de\/pe\/wp-json\/wp\/v2\/users\/10"}],"replies":[{"embeddable":true,"href":"https:\/\/uni-freiburg.de\/pe\/wp-json\/wp\/v2\/comments?post=2106"}],"version-history":[{"count":28,"href":"https:\/\/uni-freiburg.de\/pe\/wp-json\/wp\/v2\/pages\/2106\/revisions"}],"predecessor-version":[{"id":3349,"href":"https:\/\/uni-freiburg.de\/pe\/wp-json\/wp\/v2\/pages\/2106\/revisions\/3349"}],"up":[{"embeddable":true,"href":"https:\/\/uni-freiburg.de\/pe\/wp-json\/wp\/v2\/pages\/167"}],"wp:attachment":[{"href":"https:\/\/uni-freiburg.de\/pe\/wp-json\/wp\/v2\/media?parent=2106"}],"curies":[{"name":"wp","href":"https:\/\/api.w.org\/{rel}","templated":true}]}}