{"id":296,"date":"2025-11-06T11:32:25","date_gmt":"2025-11-06T10:32:25","guid":{"rendered":"https:\/\/uni-freiburg.de\/wvf\/?page_id=296"},"modified":"2026-04-10T15:52:21","modified_gmt":"2026-04-10T13:52:21","slug":"einrichtungen-und-institute","status":"publish","type":"page","link":"https:\/\/uni-freiburg.de\/wvf\/einrichtungen-und-institute\/","title":{"rendered":"Einrichtungen und Institute"},"content":{"rendered":"\n<h2 class=\"wp-block-heading\">Die Einrichtungen und Institute der Fakult\u00e4t in der \u00dcbersicht<\/h2>\n\n\n\n<div class=\"[&amp;amp;&amp;gt;*]:bl-relative last:[&amp;amp;&amp;gt;*.bl-absolute]:bl-absolute\n\t\t\t[&amp;amp;&amp;gt;*]:bl-z-20 last:[&amp;amp;&amp;gt;*]:bl-z-10 bl-relative bl-overflow-x-clip\n\t\t\t[.wp-block-ufr-section_&amp;amp;]:bl-overflow-x-visible\n\t\t\tbl-bg-identity-lightblue bl-text-identity-black dark:bl-bg-identity-lightblue dark:bl-text-identity-black bl-py-[24px]  align wp-block-ufr-section has-global-padding is-layout-constrained wp-block-ufr-section-is-layout-constrained\">\n\n\t\n\n<h3 class=\"wp-block-heading\"><strong>Wirtschaftswissenschaften<\/strong> <\/h3>\n\n\n\n<div class=\"wp-block-media-text is-stacked-on-mobile is-vertically-aligned-top\"><figure class=\"wp-block-media-text__media\"><img loading=\"lazy\" decoding=\"async\" width=\"1024\" height=\"683\" src=\"https:\/\/uni-freiburg.de\/wvf\/wp-content\/uploads\/sites\/165\/Rempartstrasse_Sommer_2023-1-1024x683.jpg\" alt=\"\" class=\"wp-image-646 size-full\" srcset=\"https:\/\/uni-freiburg.de\/wvf\/wp-content\/uploads\/sites\/165\/Rempartstrasse_Sommer_2023-1-1024x683.jpg 1024w, https:\/\/uni-freiburg.de\/wvf\/wp-content\/uploads\/sites\/165\/Rempartstrasse_Sommer_2023-1-300x200.jpg 300w, https:\/\/uni-freiburg.de\/wvf\/wp-content\/uploads\/sites\/165\/Rempartstrasse_Sommer_2023-1-768x512.jpg 768w, https:\/\/uni-freiburg.de\/wvf\/wp-content\/uploads\/sites\/165\/Rempartstrasse_Sommer_2023-1-1536x1025.jpg 1536w, https:\/\/uni-freiburg.de\/wvf\/wp-content\/uploads\/sites\/165\/Rempartstrasse_Sommer_2023-1-2048x1366.jpg 2048w\" sizes=\"auto, (max-width: 1024px) 100vw, 1024px\" \/><\/figure><div class=\"wp-block-media-text__content\">\n<p>Das Institut f\u00fcr <strong>Wirtschaftswissenschaften<\/strong> der Universit\u00e4t Freiburg steht f\u00fcr eine moderne, forschungsorientierte Ausbildung in den zentralen Bereichen der \u00d6konomie. Es untersucht, wie Individuen und Unternehmen Entscheidungen in \u00f6konomisch gepr\u00e4gten Lebenssituationen innerhalb der bestehenden Wirtschaftsordnung treffen.<\/p>\n\n\n\n<p>Die Forschung des Instituts behandelt zentrale Fragen der Wirtschaftstheorie, der angewandten Wirtschaftspolitik, der Finanzmarktforschung, der Gestaltung und Wirkung von Steuersystemen sowie der Erforschung von Managementpraktiken im \u00f6ffentlichen und gemeinn\u00fctzigen Sektor und von Strategien f\u00fcr eine nachhaltige \u00f6konomische Entwicklung.<\/p>\n\n\n\n<p>Durch die enge Verbindung von theoretischen Grundlagen und praxisnahen Fragestellungen sowie den interdisziplin\u00e4ren Austausch bietet das Institut eine vielf\u00e4ltige und exzellente Umgebung f\u00fcr Studium und Forschung.<\/p>\n\n\n\n<div class=\"is-content-justification-center is-layout-flex wp-container-ufr-buttons-is-layout-a89b3969 wp-block-ufr-buttons-is-layout-flex\">\n\t\n\n<div class=\"wp-block-ufr-button\"> \n\t<a href=\"https:\/\/www.wirtschaftswissenschaften.uni-freiburg.de\/de\"\n\t\t\t\taria-label=\"\"\n\t\tclass=\"\n\t\tbl-text-[1.125rem] bl-leading-[1.5625rem] bl-px-[26px] bl-py-[7px] bl-border-[2px] bl-gap-[8px] !bl-decoration-2 !bl-underline-offset-[5px] focus-visible:bl-outline-offset-[6px]\t\tbl-no-underline hover:bl-underline bl-font-medium\n\t\t\n\t\tfocus-visible:bl-outline-dotted focus-visible:bl-outline-2 bl-border-identity-black bl-text-identity-black\n\t   hover:bl-bg-identity-blue-80 hover:bl-border-identity-blue-80 hover:bl-text-pure-white\n\t   active:bl-bg-identity-blue active:bl-text-pure-white active:bl-border-identity-blue\n\t   !bl-outline-identity-black dark:!bl-border-identity-black dark:bl-text-identity-black\n\t\tdark:hover:bl-bg-identity-blue-80 dark:hover:!bl-border-identity-blue-80 dark:hover:bl-text-pure-white\n\t\tdark:active:bl-bg-identity-blue dark:active:bl-text-pure-white dark:active:!bl-border-identity-blue\n\t\tdark:!bl-outline-identity-black\t\tbl-inline-flex bl-flex-row bl-items-center motion-safe:bl-transition-colors\n\t\tmotion-safe:bl-duration-[400ms] justify-center bl-hyphens-auto\n\t\t\">\n\t\t<svg width=\"100%\" viewBox=\"0 0 35 50\" fill=\"none\" xmlns=\"http:\/\/www.w3.org\/2000\/svg\"\n\taria-label=\"chevron-right\" class=\"bl-w-[17px] bl-h-[20px] -bl-ml-[10px]\" role=\"img\">\n\t<title>chevron-right<\/title>\n\t<path d=\"M5.00012 5L25.6062 25.0002L5.00012 45\" stroke=\"currentColor\" stroke-width=\"12\" \/>\n<\/svg>\n\t\t<span class=\"bl-inline-block\">\n\t\t\tZu Wirtschaftswissenschaften\t\t<\/span>\n\t<\/a>\n<\/div>\n\n\n\n<div class=\"wp-block-ufr-button\"> \n\t<a href=\"https:\/\/www.ub.uni-freiburg.de\/standorte\/fachbibliotheken\/wirtschaftswissenschaften\/\"\n\t\t\t\taria-label=\"\"\n\t\tclass=\"\n\t\tbl-text-[1.125rem] bl-leading-[1.5625rem] bl-px-[26px] bl-py-[7px] bl-border-[2px] bl-gap-[8px] !bl-decoration-2 !bl-underline-offset-[5px] focus-visible:bl-outline-offset-[6px]\t\tbl-no-underline hover:bl-underline bl-font-medium\n\t\t\n\t\tfocus-visible:bl-outline-dotted focus-visible:bl-outline-2 bl-border-identity-black bl-text-identity-black\n\t   hover:bl-bg-identity-blue-80 hover:bl-border-identity-blue-80 hover:bl-text-pure-white\n\t   active:bl-bg-identity-blue active:bl-text-pure-white active:bl-border-identity-blue\n\t   !bl-outline-identity-black dark:!bl-border-identity-black dark:bl-text-identity-black\n\t\tdark:hover:bl-bg-identity-blue-80 dark:hover:!bl-border-identity-blue-80 dark:hover:bl-text-pure-white\n\t\tdark:active:bl-bg-identity-blue dark:active:bl-text-pure-white dark:active:!bl-border-identity-blue\n\t\tdark:!bl-outline-identity-black\t\tbl-inline-flex bl-flex-row bl-items-center motion-safe:bl-transition-colors\n\t\tmotion-safe:bl-duration-[400ms] justify-center bl-hyphens-auto\n\t\t\">\n\t\t<svg width=\"100%\" viewBox=\"0 0 35 50\" fill=\"none\" xmlns=\"http:\/\/www.w3.org\/2000\/svg\"\n\taria-label=\"chevron-right\" class=\"bl-w-[17px] bl-h-[20px] -bl-ml-[10px]\" role=\"img\">\n\t<title>chevron-right<\/title>\n\t<path d=\"M5.00012 5L25.6062 25.0002L5.00012 45\" stroke=\"currentColor\" stroke-width=\"12\" \/>\n<\/svg>\n\t\t<span class=\"bl-inline-block\">\n\t\t\tZu Bibliothek\t\t<\/span>\n\t<\/a>\n<\/div>\n\n<\/div>\n\n\n\n\n<p class=\"has-text-align-center\">Albert-Ludwigs-Universit\u00e4t Freiburg<br>Institut f\u00fcr Wirtschaftswissenschaften<br>Rempartstra\u00dfe 10-16<br>79085 Freiburg<\/p>\n<\/div><\/div>\n\n\t<\/div>\n\n\n\n<div class=\"[&amp;amp;&amp;gt;*]:bl-relative last:[&amp;amp;&amp;gt;*.bl-absolute]:bl-absolute\n\t\t\t[&amp;amp;&amp;gt;*]:bl-z-20 last:[&amp;amp;&amp;gt;*]:bl-z-10 bl-relative bl-overflow-x-clip\n\t\t\t[.wp-block-ufr-section_&amp;amp;]:bl-overflow-x-visible\n\t\t\tbl-bg-transparent bl-text-inherit dark:bl-bg-transparent dark:bl-text-inherit   align wp-block-ufr-section has-global-padding is-layout-constrained wp-block-ufr-section-is-layout-constrained\">\n\n\t\n\n<h3 class=\"wp-block-heading\"><strong>Psychologie <\/strong><\/h3>\n\n\n\n<div class=\"wp-block-media-text is-stacked-on-mobile is-vertically-aligned-top\"><figure class=\"wp-block-media-text__media\"><img loading=\"lazy\" decoding=\"async\" width=\"1024\" height=\"576\" src=\"https:\/\/uni-freiburg.de\/wvf\/wp-content\/uploads\/sites\/165\/psychimage-1024x576.jpg\" alt=\"\" class=\"wp-image-890 size-large\" srcset=\"https:\/\/uni-freiburg.de\/wvf\/wp-content\/uploads\/sites\/165\/psychimage-1024x576.jpg 1024w, https:\/\/uni-freiburg.de\/wvf\/wp-content\/uploads\/sites\/165\/psychimage-300x169.jpg 300w, https:\/\/uni-freiburg.de\/wvf\/wp-content\/uploads\/sites\/165\/psychimage-768x432.jpg 768w, https:\/\/uni-freiburg.de\/wvf\/wp-content\/uploads\/sites\/165\/psychimage.jpg 1536w\" sizes=\"auto, (max-width: 1024px) 100vw, 1024px\" \/><\/figure><div class=\"wp-block-media-text__content\">\n<p>Im Institut f\u00fcr <strong>Psychologie <\/strong>wird menschliches Erleben und Verhalten in verschiedenen Grundlagen- und Anwendungsbereichen empirisch untersucht. Die Ambulanzen des Psychotherapiezentrums des Instituts leisten ein wesentlicher Beitrag f\u00fcr die Patient:innenversorgung in der Region und bereiten zuk\u00fcnftige Psychotherapeut:innen auf ihre sp\u00e4tere T\u00e4tigkeit vor.<\/p>\n\n\n\n<div class=\"is-content-justification-center is-layout-flex wp-container-ufr-buttons-is-layout-a89b3969 wp-block-ufr-buttons-is-layout-flex\">\n\t\n\n<div class=\"wp-block-ufr-button\"> \n\t<a href=\"https:\/\/uni-freiburg.de\/psychologie\/\"\n\t\t\t\taria-label=\"\"\n\t\tclass=\"\n\t\tbl-text-[1.125rem] bl-leading-[1.5625rem] bl-px-[26px] bl-py-[7px] bl-border-[2px] bl-gap-[8px] !bl-decoration-2 !bl-underline-offset-[5px] focus-visible:bl-outline-offset-[6px]\t\tbl-no-underline hover:bl-underline bl-font-medium\n\t\t\n\t\tfocus-visible:bl-outline-dotted focus-visible:bl-outline-2 bl-border-identity-black bl-text-identity-black\n\t   hover:bl-bg-identity-blue-80 hover:bl-border-identity-blue-80 hover:bl-text-pure-white\n\t   active:bl-bg-identity-blue active:bl-text-pure-white active:bl-border-identity-blue\n\t   !bl-outline-identity-black dark:bl-text-pure-white dark:!bl-border-pure-white\n\t\tdark:hover:bl-text-identity-black dark:hover:bl-bg-identity-yellow-40 dark:hover:!bl-border-identity-yellow-40\n\t\tdark:active:bl-text-identity-black dark:active:bl-bg-identity-yellow dark:active:!bl-border-identity-yellow\n\t\tdark:!bl-outline-pure-white\t\tbl-inline-flex bl-flex-row bl-items-center motion-safe:bl-transition-colors\n\t\tmotion-safe:bl-duration-[400ms] justify-center bl-hyphens-auto\n\t\t\">\n\t\t<svg width=\"100%\" viewBox=\"0 0 35 50\" fill=\"none\" xmlns=\"http:\/\/www.w3.org\/2000\/svg\"\n\taria-label=\"chevron-right\" class=\"bl-w-[17px] bl-h-[20px] -bl-ml-[10px]\" role=\"img\">\n\t<title>chevron-right<\/title>\n\t<path d=\"M5.00012 5L25.6062 25.0002L5.00012 45\" stroke=\"currentColor\" stroke-width=\"12\" \/>\n<\/svg>\n\t\t<span class=\"bl-inline-block\">\n\t\t\tZu Psychologie\t\t<\/span>\n\t<\/a>\n<\/div>\n\n\n\n<div class=\"wp-block-ufr-button\"> \n\t<a href=\"http:\/\/www.psychologie.uni-freiburg.de\/zentrale.einrichtungen\/bibliothek\/\"\n\t\t\t\taria-label=\"\"\n\t\tclass=\"\n\t\tbl-text-[1.125rem] bl-leading-[1.5625rem] bl-px-[26px] bl-py-[7px] bl-border-[2px] bl-gap-[8px] !bl-decoration-2 !bl-underline-offset-[5px] focus-visible:bl-outline-offset-[6px]\t\tbl-no-underline hover:bl-underline bl-font-medium\n\t\t\n\t\tfocus-visible:bl-outline-dotted focus-visible:bl-outline-2 bl-border-identity-black bl-text-identity-black\n\t   hover:bl-bg-identity-blue-80 hover:bl-border-identity-blue-80 hover:bl-text-pure-white\n\t   active:bl-bg-identity-blue active:bl-text-pure-white active:bl-border-identity-blue\n\t   !bl-outline-identity-black dark:bl-text-pure-white dark:!bl-border-pure-white\n\t\tdark:hover:bl-text-identity-black dark:hover:bl-bg-identity-yellow-40 dark:hover:!bl-border-identity-yellow-40\n\t\tdark:active:bl-text-identity-black dark:active:bl-bg-identity-yellow dark:active:!bl-border-identity-yellow\n\t\tdark:!bl-outline-pure-white\t\tbl-inline-flex bl-flex-row bl-items-center motion-safe:bl-transition-colors\n\t\tmotion-safe:bl-duration-[400ms] justify-center bl-hyphens-auto\n\t\t\">\n\t\t<svg width=\"100%\" viewBox=\"0 0 35 50\" fill=\"none\" xmlns=\"http:\/\/www.w3.org\/2000\/svg\"\n\taria-label=\"chevron-right\" class=\"bl-w-[17px] bl-h-[20px] -bl-ml-[10px]\" role=\"img\">\n\t<title>chevron-right<\/title>\n\t<path d=\"M5.00012 5L25.6062 25.0002L5.00012 45\" stroke=\"currentColor\" stroke-width=\"12\" \/>\n<\/svg>\n\t\t<span class=\"bl-inline-block\">\n\t\t\tZu Bibliothek\t\t<\/span>\n\t<\/a>\n<\/div>\n\n<\/div>\n\n\n\n\n<p class=\"has-text-align-center\">Albert-Ludwigs-Universit\u00e4t Freiburg<br>Institut f\u00fcr Psychologie<br>Engelbergerstr. 41<br>79868 Freiburg.<\/p>\n<\/div><\/div>\n\n\t<\/div>\n\n\n\n<div class=\"[&amp;amp;&amp;gt;*]:bl-relative last:[&amp;amp;&amp;gt;*.bl-absolute]:bl-absolute\n\t\t\t[&amp;amp;&amp;gt;*]:bl-z-20 last:[&amp;amp;&amp;gt;*]:bl-z-10 bl-relative bl-overflow-x-clip\n\t\t\t[.wp-block-ufr-section_&amp;amp;]:bl-overflow-x-visible\n\t\t\tbl-bg-identity-lightblue bl-text-identity-black dark:bl-bg-identity-lightblue dark:bl-text-identity-black bl-py-[24px]  align wp-block-ufr-section has-global-padding is-layout-constrained wp-block-ufr-section-is-layout-constrained\">\n\n\t\n\n<h3 class=\"wp-block-heading\"><strong>Erziehungswissenschaft <\/strong><\/h3>\n\n\n\n<div class=\"wp-block-media-text is-stacked-on-mobile is-vertically-aligned-top\"><figure class=\"wp-block-media-text__media\"><img loading=\"lazy\" decoding=\"async\" width=\"943\" height=\"628\" src=\"https:\/\/uni-freiburg.de\/wvf\/wp-content\/uploads\/sites\/165\/erziehungsimage.png\" alt=\"\" class=\"wp-image-892 size-full\" srcset=\"https:\/\/uni-freiburg.de\/wvf\/wp-content\/uploads\/sites\/165\/erziehungsimage.png 943w, https:\/\/uni-freiburg.de\/wvf\/wp-content\/uploads\/sites\/165\/erziehungsimage-300x200.png 300w, https:\/\/uni-freiburg.de\/wvf\/wp-content\/uploads\/sites\/165\/erziehungsimage-768x511.png 768w\" sizes=\"auto, (max-width: 943px) 100vw, 943px\" \/><\/figure><div class=\"wp-block-media-text__content\">\n<p>Das Institut f\u00fcr <strong>Erziehungswissenschaft <\/strong>untersucht, wie Menschen besser lernen \u2013 in der Schule, an der Universit\u00e4t oder bei der Weiterbildung im Beruf. Das Ziel ist es, Lernumgebungen (auch digitale) so zu gestalten, dass Lernen leichter und effektiver wird.<\/p>\n\n\n\n<div class=\"is-content-justification-center is-layout-flex wp-container-ufr-buttons-is-layout-a89b3969 wp-block-ufr-buttons-is-layout-flex\">\n\t\n\n<div class=\"wp-block-ufr-button\"> \n\t<a href=\"https:\/\/ezw.uni-freiburg.de\/\"\n\t\t\t\taria-label=\"\"\n\t\tclass=\"\n\t\tbl-text-[1.125rem] bl-leading-[1.5625rem] bl-px-[26px] bl-py-[7px] bl-border-[2px] bl-gap-[8px] !bl-decoration-2 !bl-underline-offset-[5px] focus-visible:bl-outline-offset-[6px]\t\tbl-no-underline hover:bl-underline bl-font-medium\n\t\t\n\t\tfocus-visible:bl-outline-dotted focus-visible:bl-outline-2 bl-border-identity-black bl-text-identity-black\n\t   hover:bl-bg-identity-blue-80 hover:bl-border-identity-blue-80 hover:bl-text-pure-white\n\t   active:bl-bg-identity-blue active:bl-text-pure-white active:bl-border-identity-blue\n\t   !bl-outline-identity-black dark:!bl-border-identity-black dark:bl-text-identity-black\n\t\tdark:hover:bl-bg-identity-blue-80 dark:hover:!bl-border-identity-blue-80 dark:hover:bl-text-pure-white\n\t\tdark:active:bl-bg-identity-blue dark:active:bl-text-pure-white dark:active:!bl-border-identity-blue\n\t\tdark:!bl-outline-identity-black\t\tbl-inline-flex bl-flex-row bl-items-center motion-safe:bl-transition-colors\n\t\tmotion-safe:bl-duration-[400ms] justify-center bl-hyphens-auto\n\t\t\">\n\t\t<svg width=\"100%\" viewBox=\"0 0 35 50\" fill=\"none\" xmlns=\"http:\/\/www.w3.org\/2000\/svg\"\n\taria-label=\"chevron-right\" class=\"bl-w-[17px] bl-h-[20px] -bl-ml-[10px]\" role=\"img\">\n\t<title>chevron-right<\/title>\n\t<path d=\"M5.00012 5L25.6062 25.0002L5.00012 45\" stroke=\"currentColor\" stroke-width=\"12\" \/>\n<\/svg>\n\t\t<span class=\"bl-inline-block\">\n\t\t\tZu Erziehungswissenschaft\t\t<\/span>\n\t<\/a>\n<\/div>\n\n\n\n<div class=\"wp-block-ufr-button\"> \n\t<a href=\"http:\/\/www.ub.uni-freiburg.de\/sigelverz\/bibliothek.php?bibid=87\"\n\t\t\t\taria-label=\"\"\n\t\tclass=\"\n\t\tbl-text-[1.125rem] bl-leading-[1.5625rem] bl-px-[26px] bl-py-[7px] bl-border-[2px] bl-gap-[8px] !bl-decoration-2 !bl-underline-offset-[5px] focus-visible:bl-outline-offset-[6px]\t\tbl-no-underline hover:bl-underline bl-font-medium\n\t\t\n\t\tfocus-visible:bl-outline-dotted focus-visible:bl-outline-2 bl-border-identity-black bl-text-identity-black\n\t   hover:bl-bg-identity-blue-80 hover:bl-border-identity-blue-80 hover:bl-text-pure-white\n\t   active:bl-bg-identity-blue active:bl-text-pure-white active:bl-border-identity-blue\n\t   !bl-outline-identity-black dark:!bl-border-identity-black dark:bl-text-identity-black\n\t\tdark:hover:bl-bg-identity-blue-80 dark:hover:!bl-border-identity-blue-80 dark:hover:bl-text-pure-white\n\t\tdark:active:bl-bg-identity-blue dark:active:bl-text-pure-white dark:active:!bl-border-identity-blue\n\t\tdark:!bl-outline-identity-black\t\tbl-inline-flex bl-flex-row bl-items-center motion-safe:bl-transition-colors\n\t\tmotion-safe:bl-duration-[400ms] justify-center bl-hyphens-auto\n\t\t\">\n\t\t<svg width=\"100%\" viewBox=\"0 0 35 50\" fill=\"none\" xmlns=\"http:\/\/www.w3.org\/2000\/svg\"\n\taria-label=\"chevron-right\" class=\"bl-w-[17px] bl-h-[20px] -bl-ml-[10px]\" role=\"img\">\n\t<title>chevron-right<\/title>\n\t<path d=\"M5.00012 5L25.6062 25.0002L5.00012 45\" stroke=\"currentColor\" stroke-width=\"12\" \/>\n<\/svg>\n\t\t<span class=\"bl-inline-block\">\n\t\t\tZu Bibliothek\t\t<\/span>\n\t<\/a>\n<\/div>\n\n<\/div>\n\n\n\n\n<p class=\"has-text-align-center\">Albert-Ludwigs-Universit\u00e4t Freiburg<br>Institut f\u00fcr Erziehungswissenschaft <br>Rempartstra\u00dfe 11, 3.OG<br>79098 Freiburg.<\/p>\n<\/div><\/div>\n\n\t<\/div>\n\n\n\n<div class=\"[&amp;amp;&amp;gt;*]:bl-relative last:[&amp;amp;&amp;gt;*.bl-absolute]:bl-absolute\n\t\t\t[&amp;amp;&amp;gt;*]:bl-z-20 last:[&amp;amp;&amp;gt;*]:bl-z-10 bl-relative bl-overflow-x-clip\n\t\t\t[.wp-block-ufr-section_&amp;amp;]:bl-overflow-x-visible\n\t\t\tbl-bg-transparent bl-text-inherit dark:bl-bg-transparent dark:bl-text-inherit   align wp-block-ufr-section has-global-padding is-layout-constrained wp-block-ufr-section-is-layout-constrained\">\n\n\t\n\n<h3 class=\"wp-block-heading\"><strong>Sport und Sportwissenschaft<\/strong><\/h3>\n\n\n\n<div class=\"wp-block-media-text is-stacked-on-mobile is-vertically-aligned-top\"><figure class=\"wp-block-media-text__media\"><img loading=\"lazy\" decoding=\"async\" width=\"1024\" height=\"768\" src=\"https:\/\/uni-freiburg.de\/wvf\/wp-content\/uploads\/sites\/165\/sportswsnimage-1024x768.jpg\" alt=\"\" class=\"wp-image-891 size-full\" srcset=\"https:\/\/uni-freiburg.de\/wvf\/wp-content\/uploads\/sites\/165\/sportswsnimage-1024x768.jpg 1024w, https:\/\/uni-freiburg.de\/wvf\/wp-content\/uploads\/sites\/165\/sportswsnimage-300x225.jpg 300w, https:\/\/uni-freiburg.de\/wvf\/wp-content\/uploads\/sites\/165\/sportswsnimage-768x576.jpg 768w, https:\/\/uni-freiburg.de\/wvf\/wp-content\/uploads\/sites\/165\/sportswsnimage-1536x1152.jpg 1536w, https:\/\/uni-freiburg.de\/wvf\/wp-content\/uploads\/sites\/165\/sportswsnimage-2048x1536.jpg 2048w\" sizes=\"auto, (max-width: 1024px) 100vw, 1024px\" \/><\/figure><div class=\"wp-block-media-text__content\">\n<p>Am Institut f\u00fcr <strong>Sport und Sportwissenschaft<\/strong> der Universit\u00e4t Freiburg verbinden wir neurowissenschaftliche, sportp\u00e4dagogische, sportpsychologische sowie trainings- und bewegungswissenschaftliche Ans\u00e4tze, um die Wirkungen von Sport und Training auf verschiedene Zielgruppen umfassend zu erforschen. Unsere Arbeiten richten sich besonders auf Athletinnen und Athleten, Patientinnen und Patienten sowie Sch\u00fclerinnen und Sch\u00fcler. Dar\u00fcber hinaus besch\u00e4ftigen wir uns intensiv mit Fragen der sportbezogenen Gesundheitsf\u00f6rderung im h\u00f6heren Lebensalter und mit genderspezifischen Aspekten der Sportwissenschaft.<\/p>\n\n\n\n<p>Durch forschungsbasierte Lehre vermitteln wir Studierenden aktuelles, evidenzgeleitetes Wissen und unterst\u00fctzen sie darin, eigene Forschungsfragen zu entwickeln und praxisnah zu bearbeiten. So verbinden wir wissenschaftliche Exzellenz mit gesellschaftlicher Relevanz und einer klaren Ausrichtung auf gesundheits- und leistungsorientierte Themen.<\/p>\n\n\n\n<div class=\"is-content-justification-center is-layout-flex wp-container-ufr-buttons-is-layout-a89b3969 wp-block-ufr-buttons-is-layout-flex\">\n\t\n\n<div class=\"wp-block-ufr-button\"> \n\t<a href=\"https:\/\/uni-freiburg.de\/sport\/\"\n\t\t\t\taria-label=\"\"\n\t\tclass=\"\n\t\tbl-text-[1.125rem] bl-leading-[1.5625rem] bl-px-[26px] bl-py-[7px] bl-border-[2px] bl-gap-[8px] !bl-decoration-2 !bl-underline-offset-[5px] focus-visible:bl-outline-offset-[6px]\t\tbl-no-underline hover:bl-underline bl-font-medium\n\t\t\n\t\tfocus-visible:bl-outline-dotted focus-visible:bl-outline-2 bl-border-identity-black bl-text-identity-black\n\t   hover:bl-bg-identity-blue-80 hover:bl-border-identity-blue-80 hover:bl-text-pure-white\n\t   active:bl-bg-identity-blue active:bl-text-pure-white active:bl-border-identity-blue\n\t   !bl-outline-identity-black dark:bl-text-pure-white dark:!bl-border-pure-white\n\t\tdark:hover:bl-text-identity-black dark:hover:bl-bg-identity-yellow-40 dark:hover:!bl-border-identity-yellow-40\n\t\tdark:active:bl-text-identity-black dark:active:bl-bg-identity-yellow dark:active:!bl-border-identity-yellow\n\t\tdark:!bl-outline-pure-white\t\tbl-inline-flex bl-flex-row bl-items-center motion-safe:bl-transition-colors\n\t\tmotion-safe:bl-duration-[400ms] justify-center bl-hyphens-auto\n\t\t\">\n\t\t<svg width=\"100%\" viewBox=\"0 0 35 50\" fill=\"none\" xmlns=\"http:\/\/www.w3.org\/2000\/svg\"\n\taria-label=\"chevron-right\" class=\"bl-w-[17px] bl-h-[20px] -bl-ml-[10px]\" role=\"img\">\n\t<title>chevron-right<\/title>\n\t<path d=\"M5.00012 5L25.6062 25.0002L5.00012 45\" stroke=\"currentColor\" stroke-width=\"12\" \/>\n<\/svg>\n\t\t<span class=\"bl-inline-block\">\n\t\t\tZu Sportwissenschaft\t\t<\/span>\n\t<\/a>\n<\/div>\n\n\n\n<div class=\"wp-block-ufr-button\"> \n\t<a href=\"http:\/\/www.sport.uni-freiburg.de\/institut\/in_bib.php\"\n\t\t\t\taria-label=\"\"\n\t\tclass=\"\n\t\tbl-text-[1.125rem] bl-leading-[1.5625rem] bl-px-[26px] bl-py-[7px] bl-border-[2px] bl-gap-[8px] !bl-decoration-2 !bl-underline-offset-[5px] focus-visible:bl-outline-offset-[6px]\t\tbl-no-underline hover:bl-underline bl-font-medium\n\t\t\n\t\tfocus-visible:bl-outline-dotted focus-visible:bl-outline-2 bl-border-identity-black bl-text-identity-black\n\t   hover:bl-bg-identity-blue-80 hover:bl-border-identity-blue-80 hover:bl-text-pure-white\n\t   active:bl-bg-identity-blue active:bl-text-pure-white active:bl-border-identity-blue\n\t   !bl-outline-identity-black dark:bl-text-pure-white dark:!bl-border-pure-white\n\t\tdark:hover:bl-text-identity-black dark:hover:bl-bg-identity-yellow-40 dark:hover:!bl-border-identity-yellow-40\n\t\tdark:active:bl-text-identity-black dark:active:bl-bg-identity-yellow dark:active:!bl-border-identity-yellow\n\t\tdark:!bl-outline-pure-white\t\tbl-inline-flex bl-flex-row bl-items-center motion-safe:bl-transition-colors\n\t\tmotion-safe:bl-duration-[400ms] justify-center bl-hyphens-auto\n\t\t\">\n\t\t<svg width=\"100%\" viewBox=\"0 0 35 50\" fill=\"none\" xmlns=\"http:\/\/www.w3.org\/2000\/svg\"\n\taria-label=\"chevron-right\" class=\"bl-w-[17px] bl-h-[20px] -bl-ml-[10px]\" role=\"img\">\n\t<title>chevron-right<\/title>\n\t<path d=\"M5.00012 5L25.6062 25.0002L5.00012 45\" stroke=\"currentColor\" stroke-width=\"12\" \/>\n<\/svg>\n\t\t<span class=\"bl-inline-block\">\n\t\t\tZu Bibliothek\t\t<\/span>\n\t<\/a>\n<\/div>\n\n<\/div>\n\n\n\n\n<p class=\"has-text-align-center\">Albert-Ludwigs-Universit\u00e4t Freiburg<br>Institut f\u00fcr Sport und Sportwissenschaft<br>Friedrichstr. 39<br>79098 Freiburg<\/p>\n<\/div><\/div>\n\n\t<\/div>\n","protected":false},"excerpt":{"rendered":"<p>Die Einrichtungen und Institute der Fakult\u00e4t in der \u00dcbersicht<\/p>\n","protected":false},"author":76,"featured_media":0,"parent":0,"menu_order":0,"comment_status":"closed","ping_status":"closed","template":"","meta":{"_trash_the_other_posts":false,"editor_notices":[],"footnotes":""},"class_list":["post-296","page","type-page","status-publish","hentry"],"_links":{"self":[{"href":"https:\/\/uni-freiburg.de\/wvf\/wp-json\/wp\/v2\/pages\/296","targetHints":{"allow":["GET"]}}],"collection":[{"href":"https:\/\/uni-freiburg.de\/wvf\/wp-json\/wp\/v2\/pages"}],"about":[{"href":"https:\/\/uni-freiburg.de\/wvf\/wp-json\/wp\/v2\/types\/page"}],"author":[{"embeddable":true,"href":"https:\/\/uni-freiburg.de\/wvf\/wp-json\/wp\/v2\/users\/76"}],"replies":[{"embeddable":true,"href":"https:\/\/uni-freiburg.de\/wvf\/wp-json\/wp\/v2\/comments?post=296"}],"version-history":[{"count":31,"href":"https:\/\/uni-freiburg.de\/wvf\/wp-json\/wp\/v2\/pages\/296\/revisions"}],"predecessor-version":[{"id":1024,"href":"https:\/\/uni-freiburg.de\/wvf\/wp-json\/wp\/v2\/pages\/296\/revisions\/1024"}],"wp:attachment":[{"href":"https:\/\/uni-freiburg.de\/wvf\/wp-json\/wp\/v2\/media?parent=296"}],"curies":[{"name":"wp","href":"https:\/\/api.w.org\/{rel}","templated":true}]}}