{"id":167,"date":"2024-07-30T11:10:50","date_gmt":"2024-07-30T09:10:50","guid":{"rendered":"https:\/\/uni-freiburg.de\/beispielseiten\/?page_id=167"},"modified":"2025-10-13T11:19:45","modified_gmt":"2025-10-13T09:19:45","slug":"startseite","status":"publish","type":"page","link":"https:\/\/uni-freiburg.de\/zft\/","title":{"rendered":"Startseite"},"content":{"rendered":"\n<div class=\"[&amp;amp;&amp;gt;*]:bl-relative last:[&amp;amp;&amp;gt;*.bl-absolute]:bl-absolute\n\t\t\t[&amp;amp;&amp;gt;*]:bl-z-20 last:[&amp;amp;&amp;gt;*]:bl-z-10 bl-relative bl-overflow-x-clip\n\t\t\t[.wp-block-ufr-section_&amp;amp;]:bl-overflow-x-visible\n\t\t\tbl-bg-identity-lightblue bl-text-identity-black dark:bl-bg-identity-lightblue dark:bl-text-identity-black bl-py-[24px] alignfull wp-block-ufr-section has-global-padding is-layout-constrained wp-block-ufr-section-is-layout-constrained\">\n\n\t\n\n<p>Die Universit\u00e4t Freiburg z\u00e4hlt zu den innovativsten Hochschulen auf regionaler, nationaler und mittlerweile auch internationaler Ebene. Durch Technologietransfer \u00fcberf\u00fchren wir unsere Expertise und Inventionen in wirtschaftlich und gesellschaftlich nutzbare Innovationen und tragen damit zur Sicherung des Wirtschaftsstandortes Deutschland, der Konkurrenzf\u00e4higkeit und Nachhaltigkeit in Wirtschaft, Wissenschaft und Gesellschaft bei.<\/p>\n\n\n\n<p>Die Zentralstelle f\u00fcr Technologietransfer ist die Serviceeinheit f\u00fcr alle Mitglieder der Universit\u00e4t Freiburg sowie Ansprechpartner f\u00fcr die Stakeholder aus der Industrie<\/p>\n\n\n\n<ul class=\"wp-block-list\">\n<li>f\u00fcr Forschungstransfer, im Sinne von Kooperations- und Auftragsforschung,<\/li>\n\n\n\n<li>f\u00fcr den Technologietransfer von Know-How, von Schutzrechten (Patente, Marken), von Daten und Urheberrechten, beispielsweise durch Lizenzen und vergleichbare Vereinbarungen<\/li>\n\n\n\n<li>f\u00fcr den Bereich Gr\u00fcndungsunterst\u00fctzung von der ersten Idee bis zum profitablen Unternehmen.<\/li>\n<\/ul>\n\n\t\t\t<div class=\"bl-absolute bl-inset-0 bl-w-full bl-h-full bl-pointer-events-none bl-mt-0\">\n\t\t\t<div\n\t\t\tclass=\"bl-absolute bl-origin-center\n\t\t\t\tbl-w-96\t\t\t\tbl-top-[50%] -bl-translate-y-[50%] bl-right-[calc(100%\/6)] bl-translate-x-[50%]\t\t\t\t\">\n\t\t\t\t<svg\n\twidth=\"100%\"\n\tviewBox=\"0 0 75.6 65.8\"\n\tfill=\"none\"\n\txmlns=\"http:\/\/www.w3.org\/2000\/svg\"\n\taria-label=\"\"\n\tclass=\"bl-relative bl-block dark:bl-hidden bl-w-full\"\n\trole=\"img\">\n\t<title><\/title>\n<linearGradient\n\tid=\"DuPoz2Z3LE\"\n\tx1=\"50%\" y1=\"100%\"\n\tx2=\"50%\" y2=\"0%\">\n\t<stop\n\t\toffset=\"0%\"\n\t\tstop-color=\"#ffffff\"\n\t\tstop-opacity=\"1\" \/>\n\t<stop\n\t\toffset=\"100%\"\n\t\tstop-color=\"#ffffff\"\n\t\tstop-opacity=\"1\" \/>\n<\/linearGradient>\n\t<path\n\t\td=\"M46.4,36.9c10-12.7,7.1-20-8.8-36.2c-15.7,15.9-18.5,23.1-8.3,36.1C13,33.4,7.8,39.2,0.6,61.1 c22.7,7.2,29.9,5.8,37.1-12.4C45,67,52.2,68.5,74.9,61.2C67.8,39.4,62.6,33.6,46.4,36.9L46.4,36.9z\"\n\t\tstroke-width=\"2px\"\n\t\tvector-effect=\"non-scaling-stroke\"\n\t\tstroke=\"url(#DuPoz2Z3LE)\" \/>\n<\/svg>\n<svg\n\twidth=\"100%\"\n\tviewBox=\"0 0 75.6 65.8\"\n\tfill=\"none\"\n\txmlns=\"http:\/\/www.w3.org\/2000\/svg\"\n\taria-label=\"\"\n\tclass=\"bl-relative bl-hidden dark:bl-block bl-w-full\"\n\trole=\"img\">\n\t<title><\/title>\n<linearGradient\n\tid=\"9WDtHYIypc\"\n\tx1=\"50%\" y1=\"100%\"\n\tx2=\"50%\" y2=\"0%\">\n\t<stop\n\t\toffset=\"0%\"\n\t\tstop-color=\"#000149\"\n\t\tstop-opacity=\"1\" \/>\n\t<stop\n\t\toffset=\"100%\"\n\t\tstop-color=\"#000149\"\n\t\tstop-opacity=\"1\" \/>\n<\/linearGradient>\n\t<path\n\t\td=\"M46.4,36.9c10-12.7,7.1-20-8.8-36.2c-15.7,15.9-18.5,23.1-8.3,36.1C13,33.4,7.8,39.2,0.6,61.1 c22.7,7.2,29.9,5.8,37.1-12.4C45,67,52.2,68.5,74.9,61.2C67.8,39.4,62.6,33.6,46.4,36.9L46.4,36.9z\"\n\t\tstroke-width=\"2px\"\n\t\tvector-effect=\"non-scaling-stroke\"\n\t\tstroke=\"url(#9WDtHYIypc)\" \/>\n<\/svg>\n\t\t\t<\/div>\n\t\t<\/div>\n\t\t<\/div>\n\n\n\n<div style=\"height:50px\" aria-hidden=\"true\" class=\"wp-block-spacer\"><\/div>\n\n\n\n<div class=\"wp-block-group is-nowrap is-layout-flex wp-container-core-group-is-layout-6c531013 wp-block-group-is-layout-flex\"><figure class=\"bl-text-center bl-@container\/counter flex-1\" data-counter=\"start: 0; end: 20460; duration: 3s; delay: 0s; easing: easeOutQuad;\" >\n\t<div>\n\t\t<p class=\"bl-text-center bl-font-['ABC Social'] bl-font-bold bl-text-[1.5625rem] bl-leading-[2.1875rem] md:bl-text-[1.875rem] md:bl-leading-[2.5rem] xl:bl-text-[3rem] xl:bl-leading-[4.0625rem] bl-my-0\">\n\t\t\t<span class=\"\"><\/span>\n\t\t\t<span class=\"\">20460<\/span>\n\t\t\t<span class=\"\"><\/span>\n\t\t<\/p>\n\t\t<p class=\"bl-text-center bl-font-['ABC Social'] bl-font-medium bl-text-[1.25rem] bl-leading-[1.75rem] md:bl-text-[1.5rem] md:bl-leading-[2.25rem] xl:bl-text-[2.3125rem] xl:bl-leading-[3.125rem] bl-my-0\">Industrievertr\u00e4ge<\/p>\n\t\t<p class=\"bl-text-center bl-text-[1rem] bl-leading-[1.375rem] bl-font-[350] md:bl-text-[1.125rem] md:bl-leading-[1.5625rem] xl:bl-text-[1.375rem] xl:bl-leading-[2.0625rem]\"><\/p>\n\t<\/div>\n<\/figure>\n\n<figure class=\"bl-text-center bl-@container\/counter flex-1\" data-counter=\"start: 0; end: 2028; duration: 3s; delay: 0s; easing: linear;\" >\n\t<div>\n\t\t<p class=\"bl-text-center bl-font-['ABC Social'] bl-font-bold bl-text-[1.5625rem] bl-leading-[2.1875rem] md:bl-text-[1.875rem] md:bl-leading-[2.5rem] xl:bl-text-[3rem] xl:bl-leading-[4.0625rem] bl-my-0\">\n\t\t\t<span class=\"\"><\/span>\n\t\t\t<span class=\"\">2028<\/span>\n\t\t\t<span class=\"\"><\/span>\n\t\t<\/p>\n\t\t<p class=\"bl-text-center bl-font-['ABC Social'] bl-font-medium bl-text-[1.25rem] bl-leading-[1.75rem] md:bl-text-[1.5rem] md:bl-leading-[2.25rem] xl:bl-text-[2.3125rem] xl:bl-leading-[3.125rem] bl-my-0\">Erfindungsmeldungen<\/p>\n\t\t<p class=\"bl-text-center bl-text-[1rem] bl-leading-[1.375rem] bl-font-[350] md:bl-text-[1.125rem] md:bl-leading-[1.5625rem] xl:bl-text-[1.375rem] xl:bl-leading-[2.0625rem]\"><\/p>\n\t<\/div>\n<\/figure>\n\n<figure class=\"bl-text-center bl-@container\/counter flex-1\" data-counter=\"start: 0; end: 782; duration: 3s; delay: 0s; easing: linear;\" >\n\t<div>\n\t\t<p class=\"bl-text-center bl-font-['ABC Social'] bl-font-bold bl-text-[1.5625rem] bl-leading-[2.1875rem] md:bl-text-[1.875rem] md:bl-leading-[2.5rem] xl:bl-text-[3rem] xl:bl-leading-[4.0625rem] bl-my-0\">\n\t\t\t<span class=\"\"><\/span>\n\t\t\t<span class=\"\">782<\/span>\n\t\t\t<span class=\"\"><\/span>\n\t\t<\/p>\n\t\t<p class=\"bl-text-center bl-font-['ABC Social'] bl-font-medium bl-text-[1.25rem] bl-leading-[1.75rem] md:bl-text-[1.5rem] md:bl-leading-[2.25rem] xl:bl-text-[2.3125rem] xl:bl-leading-[3.125rem] bl-my-0\">erteilte Patente<\/p>\n\t\t<p class=\"bl-text-center bl-text-[1rem] bl-leading-[1.375rem] bl-font-[350] md:bl-text-[1.125rem] md:bl-leading-[1.5625rem] xl:bl-text-[1.375rem] xl:bl-leading-[2.0625rem]\"><\/p>\n\t<\/div>\n<\/figure>\n\n<figure class=\"bl-text-center bl-@container\/counter flex-1\" data-counter=\"start: 0; end: 277; duration: 3s; delay: 0s; easing: linear;\" >\n\t<div>\n\t\t<p class=\"bl-text-center bl-font-['ABC Social'] bl-font-bold bl-text-[1.5625rem] bl-leading-[2.1875rem] md:bl-text-[1.875rem] md:bl-leading-[2.5rem] xl:bl-text-[3rem] xl:bl-leading-[4.0625rem] bl-my-0\">\n\t\t\t<span class=\"\"><\/span>\n\t\t\t<span class=\"\">277<\/span>\n\t\t\t<span class=\"\"><\/span>\n\t\t<\/p>\n\t\t<p class=\"bl-text-center bl-font-['ABC Social'] bl-font-medium bl-text-[1.25rem] bl-leading-[1.75rem] md:bl-text-[1.5rem] md:bl-leading-[2.25rem] xl:bl-text-[2.3125rem] xl:bl-leading-[3.125rem] bl-my-0\">erfolgte Gr\u00fcndungen<\/p>\n\t\t<p class=\"bl-text-center bl-text-[1rem] bl-leading-[1.375rem] bl-font-[350] md:bl-text-[1.125rem] md:bl-leading-[1.5625rem] xl:bl-text-[1.375rem] xl:bl-leading-[2.0625rem]\"><\/p>\n\t<\/div>\n<\/figure><\/div>\n\n\n\n<div style=\"height:50px\" aria-hidden=\"true\" class=\"wp-block-spacer\"><\/div>\n\n\n\n<div class=\"[&amp;amp;&amp;gt;*]:bl-relative last:[&amp;amp;&amp;gt;*.bl-absolute]:bl-absolute\n\t\t\t[&amp;amp;&amp;gt;*]:bl-z-20 last:[&amp;amp;&amp;gt;*]:bl-z-10 bl-relative bl-overflow-x-clip\n\t\t\t[.wp-block-ufr-section_&amp;amp;]:bl-overflow-x-visible\n\t\t\tbl-bg-identity-lightblue bl-text-identity-black dark:bl-bg-identity-lightblue dark:bl-text-identity-black bl-py-[24px] alignfull wp-block-ufr-section has-global-padding is-layout-constrained wp-block-ufr-section-is-layout-constrained\">\n\n\t\n\n<div class=\"wp-block-group is-content-justification-center is-layout-flex wp-container-core-group-is-layout-b02886af wp-block-group-is-layout-flex\">\n\t<a class=\"bl-@container\/teaser-news bl-bg-pure-white bl-text-identity-black dark:bl-bg-identity-black dark:bl-text-pure-white bl-group hover:bl-shadow-[8px_8px_15px_rgba(0,0,0,0.25)] bl-transition-[color,background-color,border-color,text-decoration-color,fill,stroke,box-shadow] bl-duration-[400ms] hover:bl-text-identity-black active:bl-text-identity-black hover:dark:bl-text-pure-white active:dark:bl-text-pure-white\n\t\t\tbl-block bl-relative bl-self-stretch !bl-outline-2 focus-visible:!bl-outline-dotted !bl-outline-offset-4\n\t\t\tbl-min-w-full md:bl-min-w-[670px] xl:bl-min-w-[320px] !bl-no-underline hover:!bl-no-underline wp-block-ufr-teaser-news wp-container-content-9cfa9a5a\"\thref=\"https:\/\/uni-freiburg.de\/zft\/startseite\/transferbuero\/\"\n\t >\n\n\t<div class=\"bl-flex bl-flex-col bl-h-full @lg\/teaser-news:!bl-flex-row\">\n\t\t\t\t\t<div class=\"bl-w-full @lg\/teaser-news:bl-min-w-[50%] @lg\/teaser-news:bl-w-[50%] @2xl\/teaser-news:bl-max-w-[774px]\">\n\t\t\t\t<img decoding=\"async\" src=\"https:\/\/uni-freiburg.de\/zft\/wp-content\/uploads\/sites\/23\/ZFT_Transfer_pexels-markus-winkler-1430818-19825314-scaled.jpg\" alt=\"Scrabble-Steine auf Holzbalken die das Wort Innovation bilden\"\n\t\t\t\t\t\t\tclass=\"bl-object-cover bl-w-full bl-inline-block bl-aspect-[3\/2]\" \/>\n\t\t\t<\/div>\n\t\t\n\t\t<div\n\t\t\tclass=\"bl-flex-grow bl-flex bl-flex-col bl-h-full bl-justify-between bl-px-[25px] bl-py-[20px]\n\t\t\t\t\t\tmd:bl-px-[45px] md:bl-py-[40px]\n\t\t\t\t\t\txl:bl-px-[55px] xl:bl-py-[50px] [overflow-wrap:anywhere]\"\n\t\t>\n\t\t\t<div>\n\t\t\t\t\t\t\t\t\t\t\t\t\t\t\t\t<p\n\t\t\t\t\tclass=\"bl-font-medium bl-text-inherit dark:bl-text-inherit\n\t\t\t\t\t\tbl-text-[1.125rem] bl-leading-[1.5625rem]\n\t\t\t\t\t\tmd:bl-text-[1.25rem] md:bl-leading-[1.5625rem]\n\t\t\t\t\t\txl:bl-text-[1.5625rem] xl:bl-leading-[2.1875rem]\n\t\t\t\t\t\tbl-m-0 bl-mb-4 xl:bl-mb-5\"\n\t\t\t\t>\n\t\t\t\t\tTransferb\u00fcro | Patente &amp; Vertr\u00e4ge\t\t\t\t<\/p>\n\t\t\t\t\t\t\t\t\t\t\t\t<p\n\t\t\t\t\tclass=\"bl-font-book bl-text-inherit dark:bl-text-inherit\n\t\t\t\t\t\tbl-text-[1rem] bl-leading-[1.375rem]\n\t\t\t\t\t\tmd:bl-text-[1.125rem] md:bl-leading-[1.375rem]\n\t\t\t\t\t\txl:bl-text-[1.375rem] xl:bl-leading-[2.0625rem]\n\t\t\t\t\t\tbl-m-0\"\n\t\t\t\t>\n\t\t\t\t\tVertr\u00e4ge mit Industriebeteiligung oder IP-Relevanz; Erfindungen, Patente, Know-How, Lizenzen\t\t\t\t<\/p>\n\t\t\t\t\t\t\t<\/div>\n\t\t\t<div>\n\t\t\t\t\t\t\t<div\n\t\t\t\t\tclass=\"bl-cursor-pointer bl-float-left rtl:bl-float-right bl-text-center bl-mt-[20px] xl:bl-mt-[30px]\n\t\t\t\t\t\tbl-inline-block bl-font-medium bl-text-[1.125rem] xl:bl-text-[1.25rem] bl-leading-[1.5625rem] bl-no-underline hover:bl-underline bl-decoration-[2px] bl-transition-colors bl-duration-[400ms] bl-px-[26px] xl:bl-px-[32px] bl-py-[7.5px] xl:bl-py-[12.5px] focus-visible:bl-outline-dotted focus-visible:bl-outline-2 bl-outline-offset-[6px] xl:bl-outline-offset-[7px] bl-hyphens-manual\t\t\t\t\t\tbl-bg-identity-black bl-text-pure-white hover:bl-text-pure-white hover:bl-bg-identity-blue-80 active:bl-bg-identity-blue !bl-outline-identity-black\t\t\t\t\t\tdark:bl-bg-pure-white dark:bl-text-identity-black dark:hover:bl-text-identity-black dark:hover:bl-bg-identity-yellow-40 dark:active:bl-bg-identity-yellow dark:!bl-outline-pure-white\">\n\t\t\t\t\tMehr zu Vertr\u00e4gen und Patenten\t\t\t\t<\/div>\n\t\t\t\t\t\t\t<\/div>\n\t\t<\/div>\n\t<\/div>\n\n<\/a>\n\n\n\n\t<a class=\"bl-@container\/teaser-news bl-bg-pure-white bl-text-identity-black dark:bl-bg-identity-black dark:bl-text-pure-white bl-group hover:bl-shadow-[8px_8px_15px_rgba(0,0,0,0.25)] bl-transition-[color,background-color,border-color,text-decoration-color,fill,stroke,box-shadow] bl-duration-[400ms] hover:bl-text-identity-black active:bl-text-identity-black hover:dark:bl-text-pure-white active:dark:bl-text-pure-white\n\t\t\tbl-block bl-relative bl-self-stretch !bl-outline-2 focus-visible:!bl-outline-dotted !bl-outline-offset-4\n\t\t\tbl-min-w-full md:bl-min-w-[670px] xl:bl-min-w-[320px] !bl-no-underline hover:!bl-no-underline wp-block-ufr-teaser-news wp-container-content-9cfa9a5a\"\thref=\"https:\/\/www.gruenden.uni-freiburg.de\/wordpress\/\"\n\t >\n\n\t<div class=\"bl-flex bl-flex-col bl-h-full @lg\/teaser-news:!bl-flex-row\">\n\t\t\t\t\t<div class=\"bl-w-full @lg\/teaser-news:bl-min-w-[50%] @lg\/teaser-news:bl-w-[50%] @2xl\/teaser-news:bl-max-w-[774px]\">\n\t\t\t\t<img decoding=\"async\" src=\"https:\/\/uni-freiburg.de\/zft\/wp-content\/uploads\/sites\/23\/pexels-lil-artsy-1314410-scaled.jpg\" alt=\"Eine Hand h\u00e4lt eine Gl\u00fchbirne in den Himmel.\"\n\t\t\t\t\t\t\tclass=\"bl-object-cover bl-w-full bl-inline-block bl-aspect-[3\/2]\" \/>\n\t\t\t<\/div>\n\t\t\n\t\t<div\n\t\t\tclass=\"bl-flex-grow bl-flex bl-flex-col bl-h-full bl-justify-between bl-px-[25px] bl-py-[20px]\n\t\t\t\t\t\tmd:bl-px-[45px] md:bl-py-[40px]\n\t\t\t\t\t\txl:bl-px-[55px] xl:bl-py-[50px] [overflow-wrap:anywhere]\"\n\t\t>\n\t\t\t<div>\n\t\t\t\t\t\t\t\t\t\t\t\t\t\t\t\t<p\n\t\t\t\t\tclass=\"bl-font-medium bl-text-inherit dark:bl-text-inherit\n\t\t\t\t\t\tbl-text-[1.125rem] bl-leading-[1.5625rem]\n\t\t\t\t\t\tmd:bl-text-[1.25rem] md:bl-leading-[1.5625rem]\n\t\t\t\t\t\txl:bl-text-[1.5625rem] xl:bl-leading-[2.1875rem]\n\t\t\t\t\t\tbl-m-0 bl-mb-4 xl:bl-mb-5\"\n\t\t\t\t>\n\t\t\t\t\tGr\u00fcndungsb\u00fcro\t\t\t\t<\/p>\n\t\t\t\t\t\t\t\t\t\t\t\t<p\n\t\t\t\t\tclass=\"bl-font-book bl-text-inherit dark:bl-text-inherit\n\t\t\t\t\t\tbl-text-[1rem] bl-leading-[1.375rem]\n\t\t\t\t\t\tmd:bl-text-[1.125rem] md:bl-leading-[1.375rem]\n\t\t\t\t\t\txl:bl-text-[1.375rem] xl:bl-leading-[2.0625rem]\n\t\t\t\t\t\tbl-m-0\"\n\t\t\t\t>\n\t\t\t\t\tSensibilisieren f\u00fcr Unternehmertum, Beraten und Begleiten von Gr\u00fcndungsvorhaben, Unterst\u00fctzung bei Gesch\u00e4ftsmodellen und F\u00f6rdermittelantr\u00e4gen\t\t\t\t<\/p>\n\t\t\t\t\t\t\t<\/div>\n\t\t\t<div>\n\t\t\t\t\t\t\t<div\n\t\t\t\t\tclass=\"bl-cursor-pointer bl-float-left rtl:bl-float-right bl-text-center bl-mt-[20px] xl:bl-mt-[30px]\n\t\t\t\t\t\tbl-inline-block bl-font-medium bl-text-[1.125rem] xl:bl-text-[1.25rem] bl-leading-[1.5625rem] bl-no-underline hover:bl-underline bl-decoration-[2px] bl-transition-colors bl-duration-[400ms] bl-px-[26px] xl:bl-px-[32px] bl-py-[7.5px] xl:bl-py-[12.5px] focus-visible:bl-outline-dotted focus-visible:bl-outline-2 bl-outline-offset-[6px] xl:bl-outline-offset-[7px] bl-hyphens-manual\t\t\t\t\t\tbl-bg-identity-black bl-text-pure-white hover:bl-text-pure-white hover:bl-bg-identity-blue-80 active:bl-bg-identity-blue !bl-outline-identity-black\t\t\t\t\t\tdark:bl-bg-pure-white dark:bl-text-identity-black dark:hover:bl-text-identity-black dark:hover:bl-bg-identity-yellow-40 dark:active:bl-bg-identity-yellow dark:!bl-outline-pure-white\">\n\t\t\t\t\tMehr zu Gr\u00fcndungen\t\t\t\t<\/div>\n\t\t\t\t\t\t\t<\/div>\n\t\t<\/div>\n\t<\/div>\n\n<\/a>\n<\/div>\n\n\t<\/div>\n\n\n\n<div style=\"height:50px\" aria-hidden=\"true\" class=\"wp-block-spacer\"><\/div>\n\n\n\n<h2 class=\"wp-block-heading\"><strong>Kontakt<\/strong>:<\/h2>\n\n\n\n\n<div\n\tclass=\"bl-@container\/teaser-person \n\t\tbl-bg-identity-lightblue bl-text-identity-black dark:bl-bg-identity-lightblue dark:bl-text-identity-black\t\tbl-relative bl-self-stretch\n\t\tbl-min-w-full md:bl-min-w-[660px] xl:bl-min-w-[310px]\">\n\n\t<div class=\"\n\t\tbl-flex bl-flex-col bl-h-full\n\t\t@[500px]\/teaser-person:!bl-flex-row\n\t\t@md\/teaser-person:!bl-flex-row\">\n\t\t\t\t\t<img decoding=\"async\" src=\"https:\/\/uni-freiburg.de\/zft\/wp-content\/uploads\/sites\/23\/Thurid_Gspann_2026_1.png\" alt=\"Dr. Thurid Gspann.\"\n\t\t\t\t\t\t\tclass=\"bl-object-cover\n\t\t\t\t\t\t\t@[500px]\/teaser-person:bl-w-[233px] @[500px]\/teaser-person:bl-min-w-[233px]\n\t\t\t\t\t\t\t@md\/teaser-person:bl-w-[310px] @md\/teaser-person:bl-min-w-[310px]\" \/>\n\t\t\n\t\t<div\n\t\t\tclass=\"bl-flex-grow bl-flex bl-flex-col bl-justify-between bl-h-full bl-px-[25px] bl-py-[20px]\n\t\t\t\t\t\tmd:bl-px-[45px] md:bl-py-[40px]\n\t\t\t\t\t\txl:bl-px-[55px] xl:bl-py-[50px] [overflow-wrap:anywhere]\"\n\t\t>\n\t\t\t<div>\n\t\t\t\t\t\t\t\t\t<div\n\t\t\t\t\t\taria-hidden=\"true\"\n\t\t\t\t\t\tclass=\"bl-float-right rtl:bl-float-left bl-absolute @[500px]\/teaser-person:!bl-static\n\t\t\t\t\t\t\t\t\tbl-bg-pure-white\n\t\t\t\t\t\t\t\t\tbl-top-0\n\t\t\t\t\t\t\t\t\tbl-right-[20px] @[500px]\/teaser-person:bl-right-auto\n\t\t\t\t\t\t\t\t\t-bl-mr-0\n\t\t\t\t\t\t\t\t\t@[500px]\/teaser-person:-bl-mr-[5px]\n\t\t\t\t\t\t\t\t\t@[500px]\/teaser-person:md:-bl-mr-[25px]\n\t\t\t\t\t\t\t\t\t@[500px]\/teaser-person:xl:-bl-mr-[35px]\n\t\t\t\t\t\t\t\t\t@[500px]\/teaser-person:-bl-mt-[20px]\n\t\t\t\t\t\t\t\t\t@[500px]\/teaser-person:md:-bl-mt-[40px]\n\t\t\t\t\t\t\t\t\t@[500px]\/teaser-person:xl:-bl-mt-[50px]\n\t\t\t\t\t\t\t\t\tbl-w-[35px] bl-h-[40px]\n\t\t\t\t\t\t\t\t\tmd:bl-w-[45px] md:bl-h-[50px]\n\t\t\t\t\t\t\t\t\txl:bl-w-[85px] xl:bl-h-[100px]\n\t\t\t\t\t\t\t\t\tbl-rounded-b-full\n\t\t\t\t\t\t\t\t\tbl-ms-1.5 bl-mb-1.5\n\t\t\t\t\t\t\t\t\tbl-drop-shadow-[4px_4px_10px_rgba(42,_42,_42,_0.60)]\">\n\t\t\t\t\t\t<svg width=\"100%\" viewBox=\"0 0 44 51\" fill=\"none\" xmlns=\"http:\/\/www.w3.org\/2000\/svg\"\n\taria-label=\"person\" class=\"bl-text-identity-darkblue bl-w-[20px] xl:bl-w-[45px] bl-mx-auto bl-mt-[7px] md:bl-mt-[11px] xl:bl-mt-[20px]\" role=\"img\">\n\t<title>person<\/title>\n<path d=\"M21.875 25.25C14.9414 25.25 9.375 19.6836 9.375 12.75C9.375 5.91406 14.9414 0.25 21.875 0.25C28.7109 0.25 34.375 5.91406 34.375 12.75C34.375 19.6836 28.7109 25.25 21.875 25.25ZM26.7578 29.9375C36.1328 29.9375 43.75 37.5547 43.75 46.9297C43.75 48.7852 42.1875 50.25 40.332 50.25H3.32031C1.46484 50.25 0 48.7852 0 46.9297C0 37.5547 7.51953 29.9375 16.8945 29.9375H26.7578Z\" fill=\"currentColor\"\/>\n<\/svg>\n\t\t\t\t\t<\/div>\n\t\t\t\t\t\t\t\t\t\t\t\t<p\n\t\t\t\t\tclass=\"font-medium bl-text-inherit dark:bl-text-inherit bl-m-0 bl-mb-[5px]\n\t\t\t\t\t\t\t\tbl-text-[1rem] bl-leading-[1.375rem]\n\t\t\t\t\t\t\t\tmd:bl-text-[1.125rem] md:bl-leading-[1.375rem]\n\t\t\t\t\t\t\t\txl:bl-text-[1.375rem] xl:bl-leading-[2.0625rem]\"\n\t\t\t\t>\n\t\t\t\t\tDr. Thurid Gspann\t\t\t\t<\/p>\n\t\t\t\t\t\t\t\t\t\t\t\t<p\n\t\t\t\t\tclass=\"bl-font-book\n\t\t\t\t\t\t\t\tbl-text-[1rem] bl-leading-[1.375rem]\n\t\t\t\t\t\t\t\tmd:bl-text-[1.125rem] md:bl-leading-[1.375rem]\n\t\t\t\t\t\t\t\txl:bl-text-[1.375rem] xl:bl-leading-[2.0625rem] bl-mt-0 bl-mb-[20px] xl:bl-mb-[30px]\n\t\t\t\t\t\t\t\t[&amp;_a]:bl-text-identity-black hover:[&amp;_a]:bl-text-identity-blue-80 active:[&amp;_a]:bl-text-identity-blue [&amp;_a]:dark:bl-text-identity-black dark:hover:[&amp;_a]:bl-text-identity-blue-80 dark:active:[&amp;_a]:bl-text-identity-blue\"\n\t\t\t\t>\n\t\t\t\t\tLeitung Zentralstelle f\u00fcr Technologietransfer\t\t\t\t<\/p>\n\t\t\t\t\t\t<\/div>\n\t\t\t\t\t\t\t<div>\n\t\t\t\t\t<a\n\t\t\t\t\t\thref=\"https:\/\/uni-freiburg.de\/universitaet\/verwaltung\/zentralstelle-fuer-technologietransfer-zft\/#leitung\" data-type=\"button\"\n\t\t\t\t\t\tclass=\"\n\t\t\t\t\t\t\tbl-inline-block bl-font-medium bl-text-[1.125rem] xl:bl-text-[1.25rem] bl-leading-[1.5625rem] bl-no-underline hover:bl-underline bl-decoration-[2px] bl-transition-colors bl-duration-[400ms] bl-px-[26px] xl:bl-px-[32px] bl-py-[7.5px] xl:bl-py-[12.5px] focus-visible:bl-outline-dotted focus-visible:bl-outline-2 bl-outline-offset-[6px] xl:bl-outline-offset-[7px] bl-hyphens-manual\t\t\t\t\t\t\tbl-bg-identity-black bl-text-pure-white hover:bl-text-pure-white hover:bl-bg-identity-blue-80 active:bl-bg-identity-blue !bl-outline-identity-black\t\t\t\t\t\t\tdark:bg-identity-black dark:bl-text-pure-white dark:hover:bl-text-pure-white dark:hover:bl-bg-identity-blue-80 dark:active:bl-bg-identity-blue dark:!bl-outline-identity-black\"\n\t\t\t\t\t\t\t >\n\t\t\t\t\t\tMehr zur Person\t\t\t\t\t<\/a>\n\t\t\t\t<\/div>\n\t\t\t\t\t<\/div>\n\n\t<\/div>\n<\/div>\n\n\n\n<p><\/p>\n","protected":false},"excerpt":{"rendered":"<p>Kontakt:<\/p>\n","protected":false},"author":2,"featured_media":0,"parent":0,"menu_order":0,"comment_status":"closed","ping_status":"closed","template":"","meta":{"_trash_the_other_posts":false,"editor_notices":[],"footnotes":""},"class_list":["post-167","page","type-page","status-publish","hentry"],"_links":{"self":[{"href":"https:\/\/uni-freiburg.de\/zft\/wp-json\/wp\/v2\/pages\/167","targetHints":{"allow":["GET"]}}],"collection":[{"href":"https:\/\/uni-freiburg.de\/zft\/wp-json\/wp\/v2\/pages"}],"about":[{"href":"https:\/\/uni-freiburg.de\/zft\/wp-json\/wp\/v2\/types\/page"}],"author":[{"embeddable":true,"href":"https:\/\/uni-freiburg.de\/zft\/wp-json\/wp\/v2\/users\/2"}],"replies":[{"embeddable":true,"href":"https:\/\/uni-freiburg.de\/zft\/wp-json\/wp\/v2\/comments?post=167"}],"version-history":[{"count":10,"href":"https:\/\/uni-freiburg.de\/zft\/wp-json\/wp\/v2\/pages\/167\/revisions"}],"predecessor-version":[{"id":545,"href":"https:\/\/uni-freiburg.de\/zft\/wp-json\/wp\/v2\/pages\/167\/revisions\/545"}],"wp:attachment":[{"href":"https:\/\/uni-freiburg.de\/zft\/wp-json\/wp\/v2\/media?parent=167"}],"curies":[{"name":"wp","href":"https:\/\/api.w.org\/{rel}","templated":true}]}}